{"id":98,"date":"2021-10-27T14:29:55","date_gmt":"2021-10-27T12:29:55","guid":{"rendered":"https:\/\/serwer1670446.home.pl\/mnzp\/ksiegarnia\/?post_type=product&#038;p=98"},"modified":"2023-11-08T11:49:53","modified_gmt":"2023-11-08T10:49:53","slug":"najnowsze-nabytki-fajek-i-akcesoriow-fajczarskich-w-muzeum-dzwonow-i-fajek-w-przemyslu","status":"publish","type":"product","link":"https:\/\/mnzp.pl\/ksiegarnia\/index.php\/produkt\/najnowsze-nabytki-fajek-i-akcesoriow-fajczarskich-w-muzeum-dzwonow-i-fajek-w-przemyslu\/","title":{"rendered":"Najnowsze nabytki fajek i akcesori\u00f3w fajczarskich w Muzeum Dzwon\u00f3w i Fajek w Przemy\u015blu"},"content":{"rendered":"<p>Publikacja opisuje nabytki Muzeum Narodowego Ziemi Przemyskiej pozyskane od kolekcjonera Janusza Molskiego oraz Nalan Sarkady wzbogacaj\u0105ce wystawy prezentowane w Muzeum Dzwon\u00f3w i Fajek.<\/p>\n<p>Opr\u00f3cz katalogu i fotografii nowych eksponat\u00f3w, znajdziemy w niej r\u00f3wnie\u017c artyku\u0142y: \u201eO kalmaszkach typu Ruhla\u201d oraz \u201eFajka wodna \u2013 Nargila\u201d.<\/p>\n","protected":false},"excerpt":{"rendered":"<h2>Olbromska Urszula, Sarkady Nalan<\/h2>\n<p>Publikacja opisuje nabytki Muzeum Narodowego Ziemi Przemyskiej pozyskane od kolekcjonera Janusza Molskiego oraz Nalan Sarkady wzbogacaj\u0105ce wystawy prezentowane w Muzeum Dzwon\u00f3w i Fajek.<\/p>\n","protected":false},"featured_media":99,"comment_status":"open","ping_status":"closed","template":"","meta":[],"product_brand":[],"product_cat":[16],"product_tag":[105,63,107,109],"class_list":{"0":"post-98","1":"product","2":"type-product","3":"status-publish","4":"has-post-thumbnail","6":"product_cat-ksiazki","7":"product_tag-fajkarstwo","8":"product_tag-katalog","9":"product_tag-kolekcje","10":"product_tag-muzeum-dzwonow-i-fajek","12":"first","13":"outofstock","14":"shipping-taxable","15":"purchasable","16":"product-type-simple"},"_links":{"self":[{"href":"https:\/\/mnzp.pl\/ksiegarnia\/index.php\/wp-json\/wp\/v2\/product\/98","targetHints":{"allow":["GET"]}}],"collection":[{"href":"https:\/\/mnzp.pl\/ksiegarnia\/index.php\/wp-json\/wp\/v2\/product"}],"about":[{"href":"https:\/\/mnzp.pl\/ksiegarnia\/index.php\/wp-json\/wp\/v2\/types\/product"}],"replies":[{"embeddable":true,"href":"https:\/\/mnzp.pl\/ksiegarnia\/index.php\/wp-json\/wp\/v2\/comments?post=98"}],"wp:featuredmedia":[{"embeddable":true,"href":"https:\/\/mnzp.pl\/ksiegarnia\/index.php\/wp-json\/wp\/v2\/media\/99"}],"wp:attachment":[{"href":"https:\/\/mnzp.pl\/ksiegarnia\/index.php\/wp-json\/wp\/v2\/media?parent=98"}],"wp:term":[{"taxonomy":"product_brand","embeddable":true,"href":"https:\/\/mnzp.pl\/ksiegarnia\/index.php\/wp-json\/wp\/v2\/product_brand?post=98"},{"taxonomy":"product_cat","embeddable":true,"href":"https:\/\/mnzp.pl\/ksiegarnia\/index.php\/wp-json\/wp\/v2\/product_cat?post=98"},{"taxonomy":"product_tag","embeddable":true,"href":"https:\/\/mnzp.pl\/ksiegarnia\/index.php\/wp-json\/wp\/v2\/product_tag?post=98"}],"curies":[{"name":"wp","href":"https:\/\/api.w.org\/{rel}","templated":true}]}}