{"id":96,"date":"2021-10-27T14:26:22","date_gmt":"2021-10-27T12:26:22","guid":{"rendered":"https:\/\/serwer1670446.home.pl\/mnzp\/ksiegarnia\/?post_type=product&#038;p=96"},"modified":"2022-12-08T09:40:06","modified_gmt":"2022-12-08T08:40:06","slug":"diecezja-przemyska-w-latach-1944-1964","status":"publish","type":"product","link":"https:\/\/mnzp.pl\/ksiegarnia\/index.php\/produkt\/diecezja-przemyska-w-latach-1944-1964\/","title":{"rendered":"Diecezja przemyska w latach 1944-1964"},"content":{"rendered":"<p>Monografia ukazuje diecezj\u0119 przemysk\u0105 w latach 1944-1964, gdy duchowie\u0144stwo w ca\u0142ej Polsce musia\u0142o si\u0119 zmierzy\u0107 z trudno\u015bciami wynikaj\u0105cymi nie tylko ze strat personalnych, duchowych i materialnych, b\u0119d\u0105cych wynikiem okupacji, ale przede wszystkim z narastaj\u0105cymi represjami w\u0142adz komunistycznych. Analizuj\u0105c problematyk\u0119 funkcjonowania ko\u015bcio\u0142a na opisywanym obszarze, mo\u017cna wysnu\u0107 wnioski, \u017ce mimo ogromnych \u015brodk\u00f3w zaanga\u017cowanych przez komunistyczny system w walk\u0119 z duchowie\u0144stwem, kap\u0142ani pracuj\u0105cy na tym terenie zdali egzamin swojego powo\u0142ania. Niew\u0105tpliwie by\u0142o to mo\u017cliwe dzi\u0119ki wsparciu wiernych, kt\u00f3rzy ofiarnie stawali w obronie swoich duszpasterzy, cho\u0107 niejednokrotnie spotyka\u0142y ich za to szykany. Bogactwo problematyki opisywanej w pracy uniemo\u017cliwia ukazanie pe\u0142nych wynik\u00f3w kwerendy archiwalnej, a trzeba przyzna\u0107, \u017ce niemal ka\u017cdy rozdzia\u0142 mo\u017ce stanowi\u0107 zach\u0119t\u0119 do podj\u0119cia szerszych bada\u0144. Autor wyra\u017ca nadziej\u0119, \u017ce przedstawiona monografia przyczyni si\u0119 do wype\u0142nienia luki w historiografii diecezji przemyskiej.<\/p>\n","protected":false},"excerpt":{"rendered":"<h2>Kap\u0142on Marcin<\/h2>\n<p>Monografia ukazuje diecezj\u0119 przemysk\u0105 w latach 1944-1964, gdy duchowie\u0144stwo w ca\u0142ej Polsce musia\u0142o si\u0119 zmierzy\u0107 z trudno\u015bciami wynikaj\u0105cymi nie tylko ze strat personalnych&#8230;<\/p>\n","protected":false},"featured_media":97,"comment_status":"open","ping_status":"closed","template":"","meta":[],"product_brand":[],"product_cat":[16],"product_tag":[136,64,137,65],"class_list":{"0":"post-96","1":"product","2":"type-product","3":"status-publish","4":"has-post-thumbnail","6":"product_cat-ksiazki","7":"product_tag-diecezja-przemyska","8":"product_tag-historia","9":"product_tag-kosciol","10":"product_tag-opracowania","12":"first","13":"instock","14":"shipping-taxable","15":"purchasable","16":"product-type-simple"},"_links":{"self":[{"href":"https:\/\/mnzp.pl\/ksiegarnia\/index.php\/wp-json\/wp\/v2\/product\/96","targetHints":{"allow":["GET"]}}],"collection":[{"href":"https:\/\/mnzp.pl\/ksiegarnia\/index.php\/wp-json\/wp\/v2\/product"}],"about":[{"href":"https:\/\/mnzp.pl\/ksiegarnia\/index.php\/wp-json\/wp\/v2\/types\/product"}],"replies":[{"embeddable":true,"href":"https:\/\/mnzp.pl\/ksiegarnia\/index.php\/wp-json\/wp\/v2\/comments?post=96"}],"wp:featuredmedia":[{"embeddable":true,"href":"https:\/\/mnzp.pl\/ksiegarnia\/index.php\/wp-json\/wp\/v2\/media\/97"}],"wp:attachment":[{"href":"https:\/\/mnzp.pl\/ksiegarnia\/index.php\/wp-json\/wp\/v2\/media?parent=96"}],"wp:term":[{"taxonomy":"product_brand","embeddable":true,"href":"https:\/\/mnzp.pl\/ksiegarnia\/index.php\/wp-json\/wp\/v2\/product_brand?post=96"},{"taxonomy":"product_cat","embeddable":true,"href":"https:\/\/mnzp.pl\/ksiegarnia\/index.php\/wp-json\/wp\/v2\/product_cat?post=96"},{"taxonomy":"product_tag","embeddable":true,"href":"https:\/\/mnzp.pl\/ksiegarnia\/index.php\/wp-json\/wp\/v2\/product_tag?post=96"}],"curies":[{"name":"wp","href":"https:\/\/api.w.org\/{rel}","templated":true}]}}