{"id":930,"date":"2024-01-11T10:25:18","date_gmt":"2024-01-11T09:25:18","guid":{"rendered":"https:\/\/mnzp.pl\/ksiegarnia\/?post_type=product&#038;p=930"},"modified":"2024-05-25T10:58:27","modified_gmt":"2024-05-25T08:58:27","slug":"przemysl-miasto-zabytkow-1918-1945-wehikul-czasu","status":"publish","type":"product","link":"https:\/\/mnzp.pl\/ksiegarnia\/index.php\/produkt\/przemysl-miasto-zabytkow-1918-1945-wehikul-czasu\/","title":{"rendered":"Przemy\u015bl miasto zabytk\u00f3w 1918 \u2013 1945. Wehiku\u0142 Czasu"},"content":{"rendered":"<p>Album Przemy\u015bl Miasto Zabytk\u00f3w 1918-1945 \u2013 Wehiku\u0142 Czasu jest drugim tomem serii opracowywanej wsp\u00f3lnie przez Muzeum Narodowe Ziemi Przemyskiej i grup\u0119 pasjonat\u00f3w historii i fotografii skupion\u0105 wok\u00f3\u0142 facebookowej grupy Przemy\u015bl &#8211; Wehiku\u0142 Czasu.<br \/>\nW obecnym tomie przedstawiono dalsze losy miasta w fotografii z lat 1918 &#8211; 1945.<br \/>\nPublikacj\u0119 podzielono na nast\u0119puj\u0105ce zagadnienia szczeg\u00f3\u0142owe: Przemy\u015bl w 1918 roku. Odzyskanie niepodleg\u0142o\u015bci; Rozw\u00f3j przestrzenny miasta; Magistrat i w\u0142adze miejskie; Wojsko<br \/>\nw Przemy\u015blu 1919-1939; Mosty Przemy\u015bla; Sport przemyski; \u017bycie spo\u0142eczne i kulturalne; Kres miasta trzech wyzna\u0144 i dw\u00f3ch religii; Przemy\u015bl w latach II wojny \u015bwiatowej (1939-1945).<br \/>\nZe wzgl\u0119du na du\u017c\u0105 ilo\u015b\u0107 materia\u0142u ikonograficznego rozdzia\u0142 ostatni omawiaj\u0105cy czasy II wojny podzielono dodatkowo chronologicznie na podrozdzia\u0142y: Przemy\u015bl w okresie wojny obronnej 19139 r.; Miasto pod dwoma okupacjami 1939 -1941; Fall \u201eBarbarossa\u201d w Przemy\u015blu; Przemy\u015bl pod niemieck\u0105 okupacj\u0105 19141-1944 oraz Przemy\u015bl w latach 1944 &#8211; 1945.<br \/>\nKa\u017cdy z rozdzia\u0142\u00f3w i podrozdzia\u0142\u00f3w opatrzono tekstami wprowadzaj\u0105cymi a przedstawione w cz\u0119\u015bci albumowej fotografie szerokimi komentarzami obejmuj\u0105cymi opr\u00f3cz opisu przedstawienia, dat\u0119 powstania oraz odno\u015bniki do kolekcji z kt\u00f3rych pochodz\u0105.<\/p>\n","protected":false},"excerpt":{"rendered":"<h2>red. Lucjan Fac, Karol Kicman<\/h2>\n<p>Album Przemy\u015bl Miasto Zabytk\u00f3w 1918-1945 \u2013 Wehiku\u0142 Czasu jest drugim tomem serii opracowywanej wsp\u00f3lnie przez Muzeum Narodowe Ziemi Przemyskiej i grup\u0119 pasjonat\u00f3w historii i fotografii skupion\u0105 wok\u00f3\u0142 facebookowej grupy Przemy\u015bl &#8211; Wehiku\u0142 Czasu.<\/p>\n","protected":false},"featured_media":932,"comment_status":"open","ping_status":"closed","template":"","meta":[],"product_brand":[],"product_cat":[16],"product_tag":[125,64,58],"class_list":{"0":"post-930","1":"product","2":"type-product","3":"status-publish","4":"has-post-thumbnail","6":"product_cat-ksiazki","7":"product_tag-album","8":"product_tag-historia","9":"product_tag-przemysl","11":"first","12":"outofstock","13":"shipping-taxable","14":"purchasable","15":"product-type-simple"},"_links":{"self":[{"href":"https:\/\/mnzp.pl\/ksiegarnia\/index.php\/wp-json\/wp\/v2\/product\/930","targetHints":{"allow":["GET"]}}],"collection":[{"href":"https:\/\/mnzp.pl\/ksiegarnia\/index.php\/wp-json\/wp\/v2\/product"}],"about":[{"href":"https:\/\/mnzp.pl\/ksiegarnia\/index.php\/wp-json\/wp\/v2\/types\/product"}],"replies":[{"embeddable":true,"href":"https:\/\/mnzp.pl\/ksiegarnia\/index.php\/wp-json\/wp\/v2\/comments?post=930"}],"wp:featuredmedia":[{"embeddable":true,"href":"https:\/\/mnzp.pl\/ksiegarnia\/index.php\/wp-json\/wp\/v2\/media\/932"}],"wp:attachment":[{"href":"https:\/\/mnzp.pl\/ksiegarnia\/index.php\/wp-json\/wp\/v2\/media?parent=930"}],"wp:term":[{"taxonomy":"product_brand","embeddable":true,"href":"https:\/\/mnzp.pl\/ksiegarnia\/index.php\/wp-json\/wp\/v2\/product_brand?post=930"},{"taxonomy":"product_cat","embeddable":true,"href":"https:\/\/mnzp.pl\/ksiegarnia\/index.php\/wp-json\/wp\/v2\/product_cat?post=930"},{"taxonomy":"product_tag","embeddable":true,"href":"https:\/\/mnzp.pl\/ksiegarnia\/index.php\/wp-json\/wp\/v2\/product_tag?post=930"}],"curies":[{"name":"wp","href":"https:\/\/api.w.org\/{rel}","templated":true}]}}