{"id":92,"date":"2021-10-27T14:17:05","date_gmt":"2021-10-27T12:17:05","guid":{"rendered":"https:\/\/serwer1670446.home.pl\/mnzp\/ksiegarnia\/?post_type=product&#038;p=92"},"modified":"2022-12-08T09:06:25","modified_gmt":"2022-12-08T08:06:25","slug":"150-lat-zawodowej-strazy-pozarnej-w-przemyslu-1865-2015","status":"publish","type":"product","link":"https:\/\/mnzp.pl\/ksiegarnia\/index.php\/produkt\/150-lat-zawodowej-strazy-pozarnej-w-przemyslu-1865-2015\/","title":{"rendered":"150 lat zawodowej Stra\u017cy Po\u017carnej w Przemy\u015blu 1865-2015"},"content":{"rendered":"<p>Wydawnictwo jest przedstawieniem historii przemyskiej stra\u017cy po\u017carnej na tle dziej\u00f3w po\u017carnictwa w og\u00f3lno\u015bci oraz na terenie Galicji. W opracowaniu znajdujemy om\u00f3wienie prawodawstwa dotycz\u0105cego funkcjonowania stra\u017cy ogniowej oraz odwo\u0142ania do\u00a0kluczowych fakt\u00f3w,\u00a0 dat oraz nazwisk zwi\u0105zanych z dzia\u0142alno\u015bci\u0105 tej instytucji w\u00a0Przemy\u015blu w poszczeg\u00f3lnych okresach.\u00a0 Ksi\u0105\u017cka jest bogato ilustrowana. Na jej kartach mo\u017cna odnale\u017a\u0107 rysunki oraz fotografie dawnych sprz\u0119t\u00f3w, koszar,\u00a0 jak r\u00f3wnie\u017c zdj\u0119cia dokumentuj\u0105ce wa\u017cne wydarzenia,\u00a0 takie jak Krajowy zjazd Stra\u017cy Po\u017carnych w Przemy\u015blu w 1891 r. czy te\u017c \u0107wiczenia i defilady stra\u017cak\u00f3w.<\/p>\n","protected":false},"excerpt":{"rendered":"<h2>Figiela Bo\u017cena<\/h2>\n<p>Wydawnictwo jest przedstawieniem historii przemyskiej stra\u017cy po\u017carnej na tle dziej\u00f3w po\u017carnictwa w og\u00f3lno\u015bci oraz na terenie Galicji&#8230;<\/p>\n","protected":false},"featured_media":93,"comment_status":"open","ping_status":"closed","template":"","meta":[],"product_brand":[],"product_cat":[16],"product_tag":[64,63,135,108],"class_list":{"0":"post-92","1":"product","2":"type-product","3":"status-publish","4":"has-post-thumbnail","6":"product_cat-ksiazki","7":"product_tag-historia","8":"product_tag-katalog","9":"product_tag-straz-pozarna","10":"product_tag-wystawa-czasowa","12":"first","13":"instock","14":"shipping-taxable","15":"purchasable","16":"product-type-simple"},"_links":{"self":[{"href":"https:\/\/mnzp.pl\/ksiegarnia\/index.php\/wp-json\/wp\/v2\/product\/92","targetHints":{"allow":["GET"]}}],"collection":[{"href":"https:\/\/mnzp.pl\/ksiegarnia\/index.php\/wp-json\/wp\/v2\/product"}],"about":[{"href":"https:\/\/mnzp.pl\/ksiegarnia\/index.php\/wp-json\/wp\/v2\/types\/product"}],"replies":[{"embeddable":true,"href":"https:\/\/mnzp.pl\/ksiegarnia\/index.php\/wp-json\/wp\/v2\/comments?post=92"}],"wp:featuredmedia":[{"embeddable":true,"href":"https:\/\/mnzp.pl\/ksiegarnia\/index.php\/wp-json\/wp\/v2\/media\/93"}],"wp:attachment":[{"href":"https:\/\/mnzp.pl\/ksiegarnia\/index.php\/wp-json\/wp\/v2\/media?parent=92"}],"wp:term":[{"taxonomy":"product_brand","embeddable":true,"href":"https:\/\/mnzp.pl\/ksiegarnia\/index.php\/wp-json\/wp\/v2\/product_brand?post=92"},{"taxonomy":"product_cat","embeddable":true,"href":"https:\/\/mnzp.pl\/ksiegarnia\/index.php\/wp-json\/wp\/v2\/product_cat?post=92"},{"taxonomy":"product_tag","embeddable":true,"href":"https:\/\/mnzp.pl\/ksiegarnia\/index.php\/wp-json\/wp\/v2\/product_tag?post=92"}],"curies":[{"name":"wp","href":"https:\/\/api.w.org\/{rel}","templated":true}]}}