{"id":90,"date":"2021-10-27T14:13:41","date_gmt":"2021-10-27T12:13:41","guid":{"rendered":"https:\/\/serwer1670446.home.pl\/mnzp\/ksiegarnia\/?post_type=product&#038;p=90"},"modified":"2022-12-08T09:05:09","modified_gmt":"2022-12-08T08:05:09","slug":"turcica-lehistanu-sztuka-turecka-ze-zbiorow-muzeum-narodowego-ziemi-przemyskiej","status":"publish","type":"product","link":"https:\/\/mnzp.pl\/ksiegarnia\/index.php\/produkt\/turcica-lehistanu-sztuka-turecka-ze-zbiorow-muzeum-narodowego-ziemi-przemyskiej\/","title":{"rendered":"Turcica Lehistanu. Sztuka turecka ze zbior\u00f3w Muzeum Narodowego Ziemi Przemyskiej"},"content":{"rendered":"<p>Katalog wystawy zorganizowanej z okazji sze\u015b\u0107setlecia nawi\u0105zania stosunk\u00f3w dyplomatycznych pomi\u0119dzy Polsk\u0105 a Turcj\u0105, omawia pokr\u00f3tce stosunki panuj\u0105ce na\u00a0przestrzeni lat pomi\u0119dzy obydwoma krajami. W dalszej natomiast kolejno\u015bci znajdujemy\u00a0kr\u00f3tk\u0105 charakterystyk\u0119 sztuki tureckiej oraz orientali\u00f3w ze zbior\u00f3w Muzeum Narodowego Ziemi Przemyskiej. Ca\u0142o\u015b\u0107 dope\u0142niaj\u0105 ilustracje zabytk\u00f3w oraz noty katalogowe.<\/p>\n","protected":false},"excerpt":{"rendered":"<h2>Sarkady Nalan<\/h2>\n<p>Katalog wystawy zorganizowanej z okazji sze\u015b\u0107setlecia nawi\u0105zania stosunk\u00f3w dyplomatycznych pomi\u0119dzy Polsk\u0105 a Turcj\u0105&#8230;<\/p>\n","protected":false},"featured_media":91,"comment_status":"open","ping_status":"closed","template":"","meta":[],"product_brand":[],"product_cat":[16],"product_tag":[64,63,62,93,108],"class_list":{"0":"post-90","1":"product","2":"type-product","3":"status-publish","4":"has-post-thumbnail","6":"product_cat-ksiazki","7":"product_tag-historia","8":"product_tag-katalog","9":"product_tag-rzemioslo","10":"product_tag-sztuka","11":"product_tag-wystawa-czasowa","13":"first","14":"instock","15":"shipping-taxable","16":"purchasable","17":"product-type-simple"},"_links":{"self":[{"href":"https:\/\/mnzp.pl\/ksiegarnia\/index.php\/wp-json\/wp\/v2\/product\/90","targetHints":{"allow":["GET"]}}],"collection":[{"href":"https:\/\/mnzp.pl\/ksiegarnia\/index.php\/wp-json\/wp\/v2\/product"}],"about":[{"href":"https:\/\/mnzp.pl\/ksiegarnia\/index.php\/wp-json\/wp\/v2\/types\/product"}],"replies":[{"embeddable":true,"href":"https:\/\/mnzp.pl\/ksiegarnia\/index.php\/wp-json\/wp\/v2\/comments?post=90"}],"wp:featuredmedia":[{"embeddable":true,"href":"https:\/\/mnzp.pl\/ksiegarnia\/index.php\/wp-json\/wp\/v2\/media\/91"}],"wp:attachment":[{"href":"https:\/\/mnzp.pl\/ksiegarnia\/index.php\/wp-json\/wp\/v2\/media?parent=90"}],"wp:term":[{"taxonomy":"product_brand","embeddable":true,"href":"https:\/\/mnzp.pl\/ksiegarnia\/index.php\/wp-json\/wp\/v2\/product_brand?post=90"},{"taxonomy":"product_cat","embeddable":true,"href":"https:\/\/mnzp.pl\/ksiegarnia\/index.php\/wp-json\/wp\/v2\/product_cat?post=90"},{"taxonomy":"product_tag","embeddable":true,"href":"https:\/\/mnzp.pl\/ksiegarnia\/index.php\/wp-json\/wp\/v2\/product_tag?post=90"}],"curies":[{"name":"wp","href":"https:\/\/api.w.org\/{rel}","templated":true}]}}