{"id":895,"date":"2023-12-13T09:35:42","date_gmt":"2023-12-13T08:35:42","guid":{"rendered":"https:\/\/mnzp.pl\/ksiegarnia\/?post_type=product&#038;p=895"},"modified":"2024-01-08T07:41:25","modified_gmt":"2024-01-08T06:41:25","slug":"sejmik-ziem-lwowskiej-przemyskiej-i-sanockiej-w-sadowej-wiszni","status":"publish","type":"product","link":"https:\/\/mnzp.pl\/ksiegarnia\/index.php\/produkt\/sejmik-ziem-lwowskiej-przemyskiej-i-sanockiej-w-sadowej-wiszni\/","title":{"rendered":"Sejmik ziem lwow\u00adskiej, przemyskiej i sanockiej w S\u0105dowej Wiszni"},"content":{"rendered":"<p>Ksi\u0105\u017cka jest najnowsz\u0105 i zarazem najbardziej pe\u0142n\u0105 monografi\u0105 sejmiku wisznie\u0144skiego w okresie panowania dynastii Waz\u00f3w w Rzeczypospolitej Obojga Narod\u00f3w (1587 &#8211; 1668).<\/p>\n<p>Na ponad 400 stronach publikacji autor omawia w wyczerpuj\u0105cy i jednocze\u015bnie przyst\u0119pny spos\u00f3b w zasadzie wszystkie sprawy dotycz\u0105ce tej\u017ce instytucji prawnej pa\u0144stwa polskiego.<\/p>\n<p>Usystematyzowana struktura opracowania prowadzi czytelnika po kolejnych zagadnieniach. Od bardziej og\u00f3lnych umiejscawiaj\u0105cych instytucj\u0119 sejmiku w strukturze administracji pa\u0144stwowej i wojew\u00f3dzkiej. Poprzez zagadnienia proceduralne takie jak m.in. zwo\u0142ywanie i obieg informacji urz\u0119dowej, czynno\u015bci wst\u0119pne, przebieg obrad, sposoby podejmowania decyzji, limitowanie i zrywanie sejmiku, oblatowanie i publikowanie dokument\u00f3w. Omawia r\u00f3wnie\u017c sk\u0142ad sejmiku i powierzane na nim funkcje, wewn\u0119trzne problemy polityczne, polityk\u0119 zagraniczn\u0105 pa\u0144stwa, problematyk\u0119 spo\u0142eczn\u0105 i wyznaniow\u0105, sprawy skarbowe i wojskowe.<\/p>\n<p>Bardzo ciekawymi elementami monografii s\u0105 aneksy w kt\u00f3rych w syntetyczny i uporz\u0105dkowany spos\u00f3b autor zebra\u0142 rozproszone dotychczas w r\u00f3\u017cnych \u017ar\u00f3d\u0142ach informacje na temat zgromadze\u0144 sejmiku os\u00f3b pe\u0142ni\u0105cych funkcje marsza\u0142k\u00f3w i pos\u0142\u00f3w na sejmik zar\u00f3wno w porz\u0105dku chronologicznym jak i wed\u0142ug liczby sprawowanych przez nich funkcji.<\/p>\n","protected":false},"excerpt":{"rendered":"<h2>Andrzej Kr\u00f3l<\/h2>\n<p>Ksi\u0105\u017cka jest najnowsz\u0105 i zarazem najbardziej pe\u0142n\u0105 monografi\u0105 sejmiku wisznie\u0144skiego w okresie panowania dynastii Waz\u00f3w w Rzeczypospolitej Obojga Narod\u00f3w (1587 &#8211; 1668)&#8230;<\/p>\n","protected":false},"featured_media":896,"comment_status":"open","ping_status":"closed","template":"","meta":[],"product_brand":[],"product_cat":[16],"product_tag":[64,65,191,155,139],"class_list":{"0":"post-895","1":"product","2":"type-product","3":"status-publish","4":"has-post-thumbnail","6":"product_cat-ksiazki","7":"product_tag-historia","8":"product_tag-opracowania","9":"product_tag-prawo","10":"product_tag-spoleczenstwo","11":"product_tag-ziemia-przemyska","13":"first","14":"instock","15":"shipping-taxable","16":"purchasable","17":"product-type-simple"},"_links":{"self":[{"href":"https:\/\/mnzp.pl\/ksiegarnia\/index.php\/wp-json\/wp\/v2\/product\/895","targetHints":{"allow":["GET"]}}],"collection":[{"href":"https:\/\/mnzp.pl\/ksiegarnia\/index.php\/wp-json\/wp\/v2\/product"}],"about":[{"href":"https:\/\/mnzp.pl\/ksiegarnia\/index.php\/wp-json\/wp\/v2\/types\/product"}],"replies":[{"embeddable":true,"href":"https:\/\/mnzp.pl\/ksiegarnia\/index.php\/wp-json\/wp\/v2\/comments?post=895"}],"wp:featuredmedia":[{"embeddable":true,"href":"https:\/\/mnzp.pl\/ksiegarnia\/index.php\/wp-json\/wp\/v2\/media\/896"}],"wp:attachment":[{"href":"https:\/\/mnzp.pl\/ksiegarnia\/index.php\/wp-json\/wp\/v2\/media?parent=895"}],"wp:term":[{"taxonomy":"product_brand","embeddable":true,"href":"https:\/\/mnzp.pl\/ksiegarnia\/index.php\/wp-json\/wp\/v2\/product_brand?post=895"},{"taxonomy":"product_cat","embeddable":true,"href":"https:\/\/mnzp.pl\/ksiegarnia\/index.php\/wp-json\/wp\/v2\/product_cat?post=895"},{"taxonomy":"product_tag","embeddable":true,"href":"https:\/\/mnzp.pl\/ksiegarnia\/index.php\/wp-json\/wp\/v2\/product_tag?post=895"}],"curies":[{"name":"wp","href":"https:\/\/api.w.org\/{rel}","templated":true}]}}