{"id":893,"date":"2023-12-13T09:24:22","date_gmt":"2023-12-13T08:24:22","guid":{"rendered":"https:\/\/mnzp.pl\/ksiegarnia\/?post_type=product&#038;p=893"},"modified":"2023-12-13T09:24:22","modified_gmt":"2023-12-13T08:24:22","slug":"kazimierz-tarnawski-malarz-nieprofesjonalny","status":"publish","type":"product","link":"https:\/\/mnzp.pl\/ksiegarnia\/index.php\/produkt\/kazimierz-tarnawski-malarz-nieprofesjonalny\/","title":{"rendered":"Kazimierz Tarnawski \u2013 malarz nieprofesjonalny"},"content":{"rendered":"<p>Ksi\u0105\u017cka Kazimierz Tarnawski \u2013 malarz nieprofesjonalny jest monografi\u0105 przybli\u017caj\u0105c\u0105 \u017cycie i tw\u00f3rczo\u015b\u0107 malarza amatora z Bach\u00f3rza, gm. Dyn\u00f3w, ale r\u00f3wnie\u017c jest opowie\u015bci\u0105 o potrzebie tworzenia i samorealizacji. Jest pr\u00f3b\u0105 odpowiedzi na pytanie, o rol\u0119 sztuki w \u017cyciu cz\u0142owieka. Zawiera rozdzia\u0142y zatytu\u0142owane Sztuka nieprofesjonalna i Artysta nieprofesjonalny, kt\u00f3re s\u0105 teoretycznym wprowadzeniem w r\u00f3\u017cne rodzaje tw\u00f3rczo\u015bci wykonywanej przez osoby bez wykszta\u0142cenia plastycznego oraz pokazaniem ludzi, w kt\u00f3rych \u017cycie wkrada si\u0119 aktywno\u015b\u0107 artystyczna i staje si\u0119 pasj\u0105, hobby lub sposobem \u017cycia, a czasem zarobkowania. W dalszej cz\u0119\u015bci ksi\u0105\u017cki scharakteryzowano \u017cycie i sztuk\u0119 tw\u00f3rcy.<\/p>\n<p>Tarnawski urodzi\u0142 si\u0119 22 czerwca 1916 roku, a zmar\u0142 w 30 pa\u017adziernika 1993 roku w Domu Pogodnej Staro\u015bci im. \u015bw. Brata Alberta Dynowie. Tw\u00f3rca przez ca\u0142e swoje ubogie \u017cycie by\u0142 cierpliwym opisywaczem rzeczywisto\u015bci wed\u0142ug spo\u0142ecznie akceptowanego wzorca. Malarstwo go poch\u0142ania\u0142o i dzi\u0119ki niemu odnajdywa\u0142 rado\u015b\u0107 \u017cycia, jak r\u00f3wnie\u017c akceptacj\u0119 i uznanie spo\u0142eczne. Malarz mia\u0142 sw\u00f3j odr\u0119bny \u015bwiat, kt\u00f3ry przes\u0105dza\u0142 o charakterze jego obraz\u00f3w, ale tak\u017ce by\u0142 otwarty na sugestie innych os\u00f3b, na gusta odbiorc\u00f3w, na lokalne zapotrzebowanie.<\/p>\n<p>W ksi\u0105\u017cce Kazimierz Tarnawski \u2013 malarz nieprofesjonalny mamy biografi\u0119, rozwa\u017cania o sztuce nieprofesjonalnej, panoram\u0119 \u017cycia spo\u0142ecznego i kulturalnego podkarpackiej wsi oraz nawi\u0105zania do sztuki ludowej. Monografi\u0119 wzbogaca katalog obraz\u00f3w artysty, kt\u00f3re nadal znajduj\u0105 si\u0119 w wielu domach Pog\u00f3rza Dynowskiego i Przemyskiego, a tak\u017ce muzeach Podkarpacia.<\/p>\n","protected":false},"excerpt":{"rendered":"<h2>Ma\u0142gorzata Dziura<\/h2>\n<p>Ksi\u0105\u017cka Kazimierz Tarnawski \u2013 malarz nieprofesjonalny jest monografi\u0105 przybli\u017caj\u0105c\u0105 \u017cycie i tw\u00f3rczo\u015b\u0107 malarza amatora z Bach\u00f3rza, gm. Dyn\u00f3w&#8230;<\/p>\n","protected":false},"featured_media":894,"comment_status":"open","ping_status":"closed","template":"","meta":[],"product_brand":[],"product_cat":[16],"product_tag":[133,70,90,118,108,139],"class_list":{"0":"post-893","1":"product","2":"type-product","3":"status-publish","4":"has-post-thumbnail","6":"product_cat-ksiazki","7":"product_tag-biografie","8":"product_tag-etnografia","9":"product_tag-malarstwo","10":"product_tag-muzeum-historii-miasta-przemysla","11":"product_tag-wystawa-czasowa","12":"product_tag-ziemia-przemyska","14":"first","15":"instock","16":"shipping-taxable","17":"purchasable","18":"product-type-simple"},"_links":{"self":[{"href":"https:\/\/mnzp.pl\/ksiegarnia\/index.php\/wp-json\/wp\/v2\/product\/893","targetHints":{"allow":["GET"]}}],"collection":[{"href":"https:\/\/mnzp.pl\/ksiegarnia\/index.php\/wp-json\/wp\/v2\/product"}],"about":[{"href":"https:\/\/mnzp.pl\/ksiegarnia\/index.php\/wp-json\/wp\/v2\/types\/product"}],"replies":[{"embeddable":true,"href":"https:\/\/mnzp.pl\/ksiegarnia\/index.php\/wp-json\/wp\/v2\/comments?post=893"}],"wp:featuredmedia":[{"embeddable":true,"href":"https:\/\/mnzp.pl\/ksiegarnia\/index.php\/wp-json\/wp\/v2\/media\/894"}],"wp:attachment":[{"href":"https:\/\/mnzp.pl\/ksiegarnia\/index.php\/wp-json\/wp\/v2\/media?parent=893"}],"wp:term":[{"taxonomy":"product_brand","embeddable":true,"href":"https:\/\/mnzp.pl\/ksiegarnia\/index.php\/wp-json\/wp\/v2\/product_brand?post=893"},{"taxonomy":"product_cat","embeddable":true,"href":"https:\/\/mnzp.pl\/ksiegarnia\/index.php\/wp-json\/wp\/v2\/product_cat?post=893"},{"taxonomy":"product_tag","embeddable":true,"href":"https:\/\/mnzp.pl\/ksiegarnia\/index.php\/wp-json\/wp\/v2\/product_tag?post=893"}],"curies":[{"name":"wp","href":"https:\/\/api.w.org\/{rel}","templated":true}]}}