{"id":891,"date":"2023-12-13T09:10:23","date_gmt":"2023-12-13T08:10:23","guid":{"rendered":"https:\/\/mnzp.pl\/ksiegarnia\/?post_type=product&#038;p=891"},"modified":"2023-12-13T09:12:00","modified_gmt":"2023-12-13T08:12:00","slug":"materialy-i-studia-muzealne-t-xii","status":"publish","type":"product","link":"https:\/\/mnzp.pl\/ksiegarnia\/index.php\/produkt\/materialy-i-studia-muzealne-t-xii\/","title":{"rendered":"Materia\u0142y i Studia Muzealne t. XII"},"content":{"rendered":"<p>Rocznik naukowy wydawany przez Muzeum Narodowe Ziemi Przemyskiej. W czasopi\u015bmie znajdziemy m.in.: Kwarta\u0142 Szymona Eisnera w Przemy\u015blu \u2013 zagadnienia urbanistyczno-architektoniczne, Z\u0142otnicy i br\u0105zownicy przemyscy w 4. \u0107wierci XIX i na pocz\u0105tku XX wieku w \u015bwietle reklamy prasowej i skorowidz\u00f3w przemys\u0142owych, Wspomnienia muzealne (1966\u20132008), Archiwum podpu\u0142kownika Eleka Moln\u00e1ra (\u201eTeki Moln\u00e1ra\u201d) w zbiorach Muzeum Narodowego Ziemi Przemyskiej: wybrane dokumenty (Teka 4, cz. 1).<\/p>\n","protected":false},"excerpt":{"rendered":"<p>Rocznik naukowy wydawany przez Muzeum Narodowe Ziemi Przemyskiej. W czasopi\u015bmie znajdziemy m.in.: Kwarta\u0142 Szymona Eisnera w Przemy\u015blu&#8230;<\/p>\n","protected":false},"featured_media":892,"comment_status":"open","ping_status":"closed","template":"","meta":[],"product_brand":[],"product_cat":[16],"product_tag":[133,127,64,82,149,58],"class_list":{"0":"post-891","1":"product","2":"type-product","3":"status-publish","4":"has-post-thumbnail","6":"product_cat-ksiazki","7":"product_tag-biografie","8":"product_tag-czasopisma","9":"product_tag-historia","10":"product_tag-i-wojna-swiatowa","11":"product_tag-materialy-i-studia-muzealne","12":"product_tag-przemysl","14":"first","15":"instock","16":"shipping-taxable","17":"purchasable","18":"product-type-simple"},"_links":{"self":[{"href":"https:\/\/mnzp.pl\/ksiegarnia\/index.php\/wp-json\/wp\/v2\/product\/891","targetHints":{"allow":["GET"]}}],"collection":[{"href":"https:\/\/mnzp.pl\/ksiegarnia\/index.php\/wp-json\/wp\/v2\/product"}],"about":[{"href":"https:\/\/mnzp.pl\/ksiegarnia\/index.php\/wp-json\/wp\/v2\/types\/product"}],"replies":[{"embeddable":true,"href":"https:\/\/mnzp.pl\/ksiegarnia\/index.php\/wp-json\/wp\/v2\/comments?post=891"}],"wp:featuredmedia":[{"embeddable":true,"href":"https:\/\/mnzp.pl\/ksiegarnia\/index.php\/wp-json\/wp\/v2\/media\/892"}],"wp:attachment":[{"href":"https:\/\/mnzp.pl\/ksiegarnia\/index.php\/wp-json\/wp\/v2\/media?parent=891"}],"wp:term":[{"taxonomy":"product_brand","embeddable":true,"href":"https:\/\/mnzp.pl\/ksiegarnia\/index.php\/wp-json\/wp\/v2\/product_brand?post=891"},{"taxonomy":"product_cat","embeddable":true,"href":"https:\/\/mnzp.pl\/ksiegarnia\/index.php\/wp-json\/wp\/v2\/product_cat?post=891"},{"taxonomy":"product_tag","embeddable":true,"href":"https:\/\/mnzp.pl\/ksiegarnia\/index.php\/wp-json\/wp\/v2\/product_tag?post=891"}],"curies":[{"name":"wp","href":"https:\/\/api.w.org\/{rel}","templated":true}]}}