{"id":88,"date":"2021-10-27T14:10:03","date_gmt":"2021-10-27T12:10:03","guid":{"rendered":"https:\/\/serwer1670446.home.pl\/mnzp\/ksiegarnia\/?post_type=product&#038;p=88"},"modified":"2022-12-08T09:03:35","modified_gmt":"2022-12-08T08:03:35","slug":"tylko-w-przemyslu-stanielewicz-na-bis","status":"publish","type":"product","link":"https:\/\/mnzp.pl\/ksiegarnia\/index.php\/produkt\/tylko-w-przemyslu-stanielewicz-na-bis\/","title":{"rendered":"Tylko w Przemy\u015blu. Stanielewicz na bis"},"content":{"rendered":"<p>Publikacja pokazuje cz\u0119\u015b\u0107 bogatej kolekcji fajek\u00a0 Marka Stanielewicza \u2013 grafika, kustosza Domku Miedziorytnika we Wroc\u0142awiu. Opr\u00f3cz katalogu fajek i akcesori\u00f3w wraz z\u00a0ilustracjami oraz ciekawej\u00a0refleksji samego w\u0142a\u015bciciela zbioru,\u00a0ksi\u0105\u017cka zawiera r\u00f3wnie\u017c artyku\u0142 na temat historii powstania oraz\u00a0dzia\u0142alno\u015bci Muzeum Dzwon\u00f3w i Fajek w\u00a0Przemy\u015blu. Ca\u0142o\u015bci dope\u0142nia tekst po\u015bwi\u0119cony poematowi nieznanego autora na cze\u015b\u0107 lulki.<\/p>\n<p>Ksi\u0105\u017cka zosta\u0142a wydana z okazji rokrocznie obchodzonego w Przemy\u015blu Dnia Fajki oraz towarzysz\u0105cej temu wydarzeniu wystawy.<\/p>\n","protected":false},"excerpt":{"rendered":"<h2>Olbromska Urszula, Sarkady Antoni, Stanielewicz Marek<\/h2>\n<p>Publikacja pokazuje cz\u0119\u015b\u0107 bogatej kolekcji fajek\u00a0 Marka Stanielewicza \u2013 grafika, kustosza Domku Miedziorytnika we Wroc\u0142awiu&#8230;<\/p>\n","protected":false},"featured_media":89,"comment_status":"open","ping_status":"closed","template":"","meta":[],"product_brand":[],"product_cat":[16],"product_tag":[105,63,107,109,62,108],"class_list":{"0":"post-88","1":"product","2":"type-product","3":"status-publish","4":"has-post-thumbnail","6":"product_cat-ksiazki","7":"product_tag-fajkarstwo","8":"product_tag-katalog","9":"product_tag-kolekcje","10":"product_tag-muzeum-dzwonow-i-fajek","11":"product_tag-rzemioslo","12":"product_tag-wystawa-czasowa","14":"first","15":"instock","16":"shipping-taxable","17":"purchasable","18":"product-type-simple"},"_links":{"self":[{"href":"https:\/\/mnzp.pl\/ksiegarnia\/index.php\/wp-json\/wp\/v2\/product\/88","targetHints":{"allow":["GET"]}}],"collection":[{"href":"https:\/\/mnzp.pl\/ksiegarnia\/index.php\/wp-json\/wp\/v2\/product"}],"about":[{"href":"https:\/\/mnzp.pl\/ksiegarnia\/index.php\/wp-json\/wp\/v2\/types\/product"}],"replies":[{"embeddable":true,"href":"https:\/\/mnzp.pl\/ksiegarnia\/index.php\/wp-json\/wp\/v2\/comments?post=88"}],"wp:featuredmedia":[{"embeddable":true,"href":"https:\/\/mnzp.pl\/ksiegarnia\/index.php\/wp-json\/wp\/v2\/media\/89"}],"wp:attachment":[{"href":"https:\/\/mnzp.pl\/ksiegarnia\/index.php\/wp-json\/wp\/v2\/media?parent=88"}],"wp:term":[{"taxonomy":"product_brand","embeddable":true,"href":"https:\/\/mnzp.pl\/ksiegarnia\/index.php\/wp-json\/wp\/v2\/product_brand?post=88"},{"taxonomy":"product_cat","embeddable":true,"href":"https:\/\/mnzp.pl\/ksiegarnia\/index.php\/wp-json\/wp\/v2\/product_cat?post=88"},{"taxonomy":"product_tag","embeddable":true,"href":"https:\/\/mnzp.pl\/ksiegarnia\/index.php\/wp-json\/wp\/v2\/product_tag?post=88"}],"curies":[{"name":"wp","href":"https:\/\/api.w.org\/{rel}","templated":true}]}}