{"id":873,"date":"2023-11-20T11:38:56","date_gmt":"2023-11-20T10:38:56","guid":{"rendered":"https:\/\/mnzp.pl\/ksiegarnia\/?post_type=product&#038;p=873"},"modified":"2023-11-20T11:38:56","modified_gmt":"2023-11-20T10:38:56","slug":"rotunda-sw-mikolaja-wyniki-interdyscyplinarnych-badan-prowadzonych-na-terenie-bazyliki-archikatedralnej-ob-lac-w-przemyslu-w-latach-2012-2018","status":"publish","type":"product","link":"https:\/\/mnzp.pl\/ksiegarnia\/index.php\/produkt\/rotunda-sw-mikolaja-wyniki-interdyscyplinarnych-badan-prowadzonych-na-terenie-bazyliki-archikatedralnej-ob-lac-w-przemyslu-w-latach-2012-2018\/","title":{"rendered":"Rotunda \u015bw. Miko\u0142aja. Wyniki interdyscypli\u00adnarnych bada\u0144 prowadzonych na terenie bazyliki archikatedralnej ob. \u0142ac. w Przemy\u015blu  w latach 2012\u20132018"},"content":{"rendered":"<p>W publikacji zebrano i opracowano najnowsze wyniki interdyscyplinarnych bada\u0144 przeprowadzonych przez grono specjalist\u00f3w z r\u00f3\u017cnych dziedzin na terenie rotundy \u015bw. Miko\u0142aja. Relikty tej\u017ce \u015bwi\u0105tyni, znanej z p\u00f3\u017ano\u015bredniowiecznych \u017ar\u00f3de\u0142, zachowa\u0142y si\u0119 pod prezbiterium rzymskokatolickiej bazyliki archikatedralnej w Przemy\u015blu. Materia\u0142y badawcze w g\u0142\u00f3wnej mierze pochodzi\u0142y z prac prowadzonych w latach 2012-2018 (z uwzgl\u0119dnieniem wcze\u015bniejszych bada\u0144) na terenie podziemi archikatedry oraz wok\u00f3\u0142 jej fundament\u00f3w. W opracowaniu sporo miejsca po\u015bwi\u0119cono r\u00f3wnie\u017c dziejom placu Katedralnego przed powstaniem rotundy oraz funkcjonowaniu przestrzeni wok\u00f3\u0142 budowli jako \u015bwi\u0105tynnej nekropolii. Szczeg\u00f3\u0142owa analiza fundament\u00f3w gotyckiej \u015bwi\u0105tyni katedralnej umo\u017cliwi\u0142a identyfikacj\u0119 wielu wt\u00f3rnie wykorzystanych detali architektonicznych oraz okre\u015blenie ich prawdopodobnego pochodzenia jako fragment\u00f3w rozebranej partii nadziemnej rotundy \u015bw. Miko\u0142aja.<\/p>\n<p>W pracy zaprezentowano tak\u017ce najnowsz\u0105, tr\u00f3jwymiarow\u0105 rekonstrukcj\u0119 \u015bwi\u0105tyni, przedstawiono wyniki bada\u0144 antropologicznych ludzkich szcz\u0105tk\u00f3w kostnych oraz analiz archeometrycznych materia\u0142u kamiennego. Zebranie najnowszych danych pozwoli\u0142o nakre\u015bli\u0107 ca\u0142o\u015bciowy obraz historii rotundy oraz miejsca, na kt\u00f3rym j\u0105 wzniesiono, a tak\u017ce zweryfikowa\u0107 hipotezy funkcjonuj\u0105ce w obiegu naukowym i dotycz\u0105ce tego obiektu sakralnego.<\/p>\n","protected":false},"excerpt":{"rendered":"<h2>Sabina Stempniak-Kusy (red.)<\/h2>\n<p>W publikacji zebrano i opracowano najnowsze wyniki interdyscyplinarnych bada\u0144 przeprowadzonych przez grono specjalist\u00f3w z r\u00f3\u017cnych dziedzin na terenie rotundy \u015bw. Miko\u0142aja. Relikty tej\u017ce \u015bwi\u0105tyni, znanej z p\u00f3\u017ano\u015bredniowiecznych \u017ar\u00f3de\u0142, zachowa\u0142y si\u0119 pod prezbiterium rzymskokatolickiej bazyliki archikatedralnej w Przemy\u015blu&#8230;<\/p>\n","protected":false},"featured_media":874,"comment_status":"open","ping_status":"closed","template":"","meta":[],"product_brand":[],"product_cat":[16],"product_tag":[122,64,179,65],"class_list":{"0":"post-873","1":"product","2":"type-product","3":"status-publish","4":"has-post-thumbnail","6":"product_cat-ksiazki","7":"product_tag-archeologia","8":"product_tag-historia","9":"product_tag-monografia","10":"product_tag-opracowania","12":"first","13":"instock","14":"shipping-taxable","15":"purchasable","16":"product-type-simple"},"_links":{"self":[{"href":"https:\/\/mnzp.pl\/ksiegarnia\/index.php\/wp-json\/wp\/v2\/product\/873","targetHints":{"allow":["GET"]}}],"collection":[{"href":"https:\/\/mnzp.pl\/ksiegarnia\/index.php\/wp-json\/wp\/v2\/product"}],"about":[{"href":"https:\/\/mnzp.pl\/ksiegarnia\/index.php\/wp-json\/wp\/v2\/types\/product"}],"replies":[{"embeddable":true,"href":"https:\/\/mnzp.pl\/ksiegarnia\/index.php\/wp-json\/wp\/v2\/comments?post=873"}],"wp:featuredmedia":[{"embeddable":true,"href":"https:\/\/mnzp.pl\/ksiegarnia\/index.php\/wp-json\/wp\/v2\/media\/874"}],"wp:attachment":[{"href":"https:\/\/mnzp.pl\/ksiegarnia\/index.php\/wp-json\/wp\/v2\/media?parent=873"}],"wp:term":[{"taxonomy":"product_brand","embeddable":true,"href":"https:\/\/mnzp.pl\/ksiegarnia\/index.php\/wp-json\/wp\/v2\/product_brand?post=873"},{"taxonomy":"product_cat","embeddable":true,"href":"https:\/\/mnzp.pl\/ksiegarnia\/index.php\/wp-json\/wp\/v2\/product_cat?post=873"},{"taxonomy":"product_tag","embeddable":true,"href":"https:\/\/mnzp.pl\/ksiegarnia\/index.php\/wp-json\/wp\/v2\/product_tag?post=873"}],"curies":[{"name":"wp","href":"https:\/\/api.w.org\/{rel}","templated":true}]}}