{"id":84,"date":"2021-10-27T13:50:18","date_gmt":"2021-10-27T11:50:18","guid":{"rendered":"https:\/\/serwer1670446.home.pl\/mnzp\/ksiegarnia\/?post_type=product&#038;p=84"},"modified":"2022-12-07T13:05:55","modified_gmt":"2022-12-07T12:05:55","slug":"fajki-ze-zbiorow-muzeum-etnografii-i-przemyslu-artystycznego-we-lwowie-w-muzeum-dzwonow-i-fajek-w-przemyslu","status":"publish","type":"product","link":"https:\/\/mnzp.pl\/ksiegarnia\/index.php\/produkt\/fajki-ze-zbiorow-muzeum-etnografii-i-przemyslu-artystycznego-we-lwowie-w-muzeum-dzwonow-i-fajek-w-przemyslu\/","title":{"rendered":"Fajki ze zbior\u00f3w Muzeum Etnografii i Przemys\u0142u Artystycznego we Lwowie w Muzeum Dzwon\u00f3w i Fajek w Przemy\u015blu"},"content":{"rendered":"<p>Publikacja z cyklu \u201eNajcenniejsze kolekcje fajek\u201d; prezentuje unikaln\u0105 kolekcj\u0119 bogato zdobionych fajek lwowskich. Opowiada o tradycjach palenia fajki na Ukrainie i omawia genez\u0119 u\u017cywania tytoniu w Europie. Tematyk\u0119 \u201etytoniow\u0105\u201d w Polsce autorzy ukazali przez pryzmat wiersza Jana Andrzeja Morsztyna pt. \u201eNa tabak do Piotra\u201d, prezentuj\u0105c przy tej okazji sylwetk\u0119 wybitnego barokowego poety.<\/p>\n","protected":false},"excerpt":{"rendered":"<h2>Olbromska Urszula, Olbromski Mariusz Jerzy, Sarkady Antoni<\/h2>\n<p>Publikacja z cyklu \u201eNajcenniejsze kolekcje fajek\u201d; prezentuje unikaln\u0105 kolekcj\u0119 bogato zdobionych fajek lwowskich&#8230;<\/p>\n","protected":false},"featured_media":85,"comment_status":"open","ping_status":"closed","template":"","meta":[],"product_brand":[],"product_cat":[16],"product_tag":[105,107,109,62],"class_list":{"0":"post-84","1":"product","2":"type-product","3":"status-publish","4":"has-post-thumbnail","6":"product_cat-ksiazki","7":"product_tag-fajkarstwo","8":"product_tag-kolekcje","9":"product_tag-muzeum-dzwonow-i-fajek","10":"product_tag-rzemioslo","12":"first","13":"outofstock","14":"shipping-taxable","15":"purchasable","16":"product-type-simple"},"_links":{"self":[{"href":"https:\/\/mnzp.pl\/ksiegarnia\/index.php\/wp-json\/wp\/v2\/product\/84","targetHints":{"allow":["GET"]}}],"collection":[{"href":"https:\/\/mnzp.pl\/ksiegarnia\/index.php\/wp-json\/wp\/v2\/product"}],"about":[{"href":"https:\/\/mnzp.pl\/ksiegarnia\/index.php\/wp-json\/wp\/v2\/types\/product"}],"replies":[{"embeddable":true,"href":"https:\/\/mnzp.pl\/ksiegarnia\/index.php\/wp-json\/wp\/v2\/comments?post=84"}],"wp:featuredmedia":[{"embeddable":true,"href":"https:\/\/mnzp.pl\/ksiegarnia\/index.php\/wp-json\/wp\/v2\/media\/85"}],"wp:attachment":[{"href":"https:\/\/mnzp.pl\/ksiegarnia\/index.php\/wp-json\/wp\/v2\/media?parent=84"}],"wp:term":[{"taxonomy":"product_brand","embeddable":true,"href":"https:\/\/mnzp.pl\/ksiegarnia\/index.php\/wp-json\/wp\/v2\/product_brand?post=84"},{"taxonomy":"product_cat","embeddable":true,"href":"https:\/\/mnzp.pl\/ksiegarnia\/index.php\/wp-json\/wp\/v2\/product_cat?post=84"},{"taxonomy":"product_tag","embeddable":true,"href":"https:\/\/mnzp.pl\/ksiegarnia\/index.php\/wp-json\/wp\/v2\/product_tag?post=84"}],"curies":[{"name":"wp","href":"https:\/\/api.w.org\/{rel}","templated":true}]}}