{"id":834,"date":"2023-09-25T15:13:16","date_gmt":"2023-09-25T13:13:16","guid":{"rendered":"https:\/\/mnzp.pl\/ksiegarnia\/?post_type=product&#038;p=834"},"modified":"2023-09-25T15:13:16","modified_gmt":"2023-09-25T13:13:16","slug":"renesansowy-dwor-lamus-w-hawlowicach-gornych","status":"publish","type":"product","link":"https:\/\/mnzp.pl\/ksiegarnia\/index.php\/produkt\/renesansowy-dwor-lamus-w-hawlowicach-gornych\/","title":{"rendered":"Renesansowy Dw\u00f3r &#8211; Lamus w Haw\u0142owicach G\u00f3rnych"},"content":{"rendered":"<p>Opracowanie zbiorowe omawiaj\u0105ce histori\u0119 bada\u0144 oraz prac restauratorskich przy dawnym renesansowym dowrze &#8211; zwanym Lamusem znajduj\u0105cym si\u0119 w Haw\u0142owicach G\u00f3rnych ko\u0142o Pr\u00f3chnika. W pracy znajdziemy r\u00f3wnie\u017c opis historii tego niezwykle ciekawego za\u0142o\u017cenia architektonicznego.<\/p>\n<p>Ksi\u0105\u017cka zawiera nast\u0119puj\u0105ce artyku\u0142y:<\/p>\n<ul>\n<li>Dw\u00f3r w Haw\u0142owicach G\u00f3rnych i jego w\u0142a\u015bciciele XV\u00a0 &#8211; XXI wiek (Marian Wolski)<\/li>\n<li>Lamus, dawny dw\u00f3r w typie wie\u017cowym w Haw\u0142owicach G\u00f3rnych w \u015bwietle bada\u0144 archeologicznych (Andrzej Koperski, Magdalena Krzemi\u0144ska)<\/li>\n<li>Dw\u00f3r (lamus) w Haw\u0142owicach G\u00f3rnych &#8211; pierwotna forma, chronologia, przekszta\u0142cenia (Marcin Szyma)<\/li>\n<li>Ods\u0142oni\u0119cie i konserwacja malowide\u0142 \u015bciennych w Sali przyziemia dawnego dworu (lamusa) w Haw\u0142owicach G\u00f3rnych (Grzegorz Kostecki)<\/li>\n<li>Szesnastowieczna dekoracja malarska dworu w Haw\u0142owicach G\u00f3rnych (Adam Spodaryk)<\/li>\n<li>Kafle piecowe odkryte w s\u0105siedztwie dworu (lamusa) w Haw\u0142owicach G\u00f3rnych, woj. Podkarpackie &#8211; wyb\u00f3r (Andrzej Kukli\u0144ski)<\/li>\n<li>Pierwotna budowa technologiczna zespo\u0142u renesansowych kafli z dworu (lamusa) w Haw\u0142owicach G\u00f3rnych. Poster (Jacek Martusewicz, Henryk Stoksik)<\/li>\n<li>Stan zachowania gom\u00f3\u0142ek szklanych odnalezionych w trakcie prac remontowych lamusa w Haw\u0142owicach G\u00f3rnych (El\u017cbieta Greiner-Wronowa).<\/li>\n<\/ul>\n<p>Ca\u0142o\u015b\u0107 poprzedzona zosta\u0142a wst\u0119pem Podkarpackiego Konserwatora Zabytk\u00f3w &#8211; Beaty Kot.<\/p>\n","protected":false},"excerpt":{"rendered":"<h2>Marian Wolski (red.)<\/h2>\n<p>Opracowanie zbiorowe omawiaj\u0105ce histori\u0119 bada\u0144 oraz prac restauratorskich przy dawnym renesansowym dowrze &#8211; zwanym Lamusem znajduj\u0105cym si\u0119 w Haw\u0142owicach G\u00f3rnych ko\u0142o Pr\u00f3chnika. W pracy znajdziemy r\u00f3wnie\u017c opis historii tego niezwykle ciekawego za\u0142o\u017cenia architektonicznego.<\/p>\n","protected":false},"featured_media":835,"comment_status":"open","ping_status":"closed","template":"","meta":[],"product_brand":[],"product_cat":[16],"product_tag":[180,181,179],"class_list":{"0":"post-834","1":"product","2":"type-product","3":"status-publish","4":"has-post-thumbnail","6":"product_cat-ksiazki","7":"product_tag-architektura","8":"product_tag-dwory","9":"product_tag-monografia","11":"first","12":"instock","13":"shipping-taxable","14":"purchasable","15":"product-type-simple"},"_links":{"self":[{"href":"https:\/\/mnzp.pl\/ksiegarnia\/index.php\/wp-json\/wp\/v2\/product\/834","targetHints":{"allow":["GET"]}}],"collection":[{"href":"https:\/\/mnzp.pl\/ksiegarnia\/index.php\/wp-json\/wp\/v2\/product"}],"about":[{"href":"https:\/\/mnzp.pl\/ksiegarnia\/index.php\/wp-json\/wp\/v2\/types\/product"}],"replies":[{"embeddable":true,"href":"https:\/\/mnzp.pl\/ksiegarnia\/index.php\/wp-json\/wp\/v2\/comments?post=834"}],"wp:featuredmedia":[{"embeddable":true,"href":"https:\/\/mnzp.pl\/ksiegarnia\/index.php\/wp-json\/wp\/v2\/media\/835"}],"wp:attachment":[{"href":"https:\/\/mnzp.pl\/ksiegarnia\/index.php\/wp-json\/wp\/v2\/media?parent=834"}],"wp:term":[{"taxonomy":"product_brand","embeddable":true,"href":"https:\/\/mnzp.pl\/ksiegarnia\/index.php\/wp-json\/wp\/v2\/product_brand?post=834"},{"taxonomy":"product_cat","embeddable":true,"href":"https:\/\/mnzp.pl\/ksiegarnia\/index.php\/wp-json\/wp\/v2\/product_cat?post=834"},{"taxonomy":"product_tag","embeddable":true,"href":"https:\/\/mnzp.pl\/ksiegarnia\/index.php\/wp-json\/wp\/v2\/product_tag?post=834"}],"curies":[{"name":"wp","href":"https:\/\/api.w.org\/{rel}","templated":true}]}}