{"id":832,"date":"2023-09-25T12:34:50","date_gmt":"2023-09-25T10:34:50","guid":{"rendered":"https:\/\/mnzp.pl\/ksiegarnia\/?post_type=product&#038;p=832"},"modified":"2023-09-25T12:39:10","modified_gmt":"2023-09-25T10:39:10","slug":"krolowie-w-przemyslu-monety-wladcow-polski-w-zbiorach-muzeum-narodowego-ziemi-przemyskiej","status":"publish","type":"product","link":"https:\/\/mnzp.pl\/ksiegarnia\/index.php\/produkt\/krolowie-w-przemyslu-monety-wladcow-polski-w-zbiorach-muzeum-narodowego-ziemi-przemyskiej\/","title":{"rendered":"&#8222;Kr\u00f3lowie w Przemy\u015blu&#8221; Monety w\u0142adc\u00f3w Polski w zbiorach Muzeum Narodowego Ziemi Przemyskiej"},"content":{"rendered":"<p>Publikacja omawia zbi\u00f3r monet polskich oraz bitych przez polskich w\u0142adc\u00f3w dla kraj\u00f3w o\u015bciennych a tak\u017ce monet obcych funkcjonuj\u0105cych w Kr\u00f3lestwie Polskim ze zbior\u00f3w Muzeum Narodowego Ziemi Przemyskiej.<\/p>\n<p><em>Opracowanie jest oryginalne, oparte na przejrzystej konstrukcji merytorycznej i chro\u00adnologii. Za podstaw\u0119 czterech wprowadzonych rozdzia\u0142\u00f3w podj\u0119to wymienniki handlowe warto\u015bci towar\u00f3w, pocz\u0105wszy od okresu pozamonetarnego poprzez denarowy, groszowy, do z\u0142otowego. Ka\u017cdy rozdzia\u0142 rozpoczyna zwi\u0119z\u0142a charakterystyka \u015brodka p\u0142atniczego, a nast\u0119pnie zamieszczone s\u0105 informacje o w\u0142adcach Polski i ich zwi\u0105zkach z Przemy\u015blem i ziemi\u0105 przemysk\u0105. Wa\u017cnym sk\u0142adnikiem ca\u0142o\u015bci opracowania jest opis monet, a kr\u00f3tkie informacje o poszczeg\u00f3lnych systemach monetarnych wyczerpuj\u0105 potrzeby poznawcze ich potencjalnych odbiorc\u00f3w.<\/em><\/p>\n<p><em>Do\u015b\u0107 szeroko przedstawione zagadnienia, dotycz\u0105ce odniesie\u0144 bezpo\u015brednich i po\u015bred\u00adnich poszczeg\u00f3lnych w\u0142adc\u00f3w Polski do miasta, zamku staro\u015bci\u0144skiego i ziemi przemys\u00adkiej, stanowi\u0105 dobre pod\u0142o\u017ce do poznania zasi\u0119gu oddzia\u0142ania systemu monetarnego, jako jednego z element\u00f3w centralizacji \u017cycia gospodarczego i politycznego ziem pol\u00adskich, zwi\u0105zanego monarchi\u0105.<\/em><\/p>\n<p style=\"text-align: right;\"><em>Prof. Jerzy Motylewicz<\/em><\/p>\n","protected":false},"excerpt":{"rendered":"<h2>Anna Durkacz-Foremska<\/h2>\n<p>Publikacja omawia zbi\u00f3r monet polskich oraz bitych przez polskich w\u0142adc\u00f3w dla kraj\u00f3w o\u015bciennych a tak\u017ce monet obcych funkcjonuj\u0105cych w Kr\u00f3lestwie Polskim ze zbior\u00f3w Muzeum Narodowego Ziemi Przemyskiej.<\/p>\n","protected":false},"featured_media":833,"comment_status":"open","ping_status":"closed","template":"","meta":[],"product_brand":[],"product_cat":[16],"product_tag":[],"class_list":{"0":"post-832","1":"product","2":"type-product","3":"status-publish","4":"has-post-thumbnail","6":"product_cat-ksiazki","8":"first","9":"instock","10":"shipping-taxable","11":"purchasable","12":"product-type-simple"},"_links":{"self":[{"href":"https:\/\/mnzp.pl\/ksiegarnia\/index.php\/wp-json\/wp\/v2\/product\/832","targetHints":{"allow":["GET"]}}],"collection":[{"href":"https:\/\/mnzp.pl\/ksiegarnia\/index.php\/wp-json\/wp\/v2\/product"}],"about":[{"href":"https:\/\/mnzp.pl\/ksiegarnia\/index.php\/wp-json\/wp\/v2\/types\/product"}],"replies":[{"embeddable":true,"href":"https:\/\/mnzp.pl\/ksiegarnia\/index.php\/wp-json\/wp\/v2\/comments?post=832"}],"wp:featuredmedia":[{"embeddable":true,"href":"https:\/\/mnzp.pl\/ksiegarnia\/index.php\/wp-json\/wp\/v2\/media\/833"}],"wp:attachment":[{"href":"https:\/\/mnzp.pl\/ksiegarnia\/index.php\/wp-json\/wp\/v2\/media?parent=832"}],"wp:term":[{"taxonomy":"product_brand","embeddable":true,"href":"https:\/\/mnzp.pl\/ksiegarnia\/index.php\/wp-json\/wp\/v2\/product_brand?post=832"},{"taxonomy":"product_cat","embeddable":true,"href":"https:\/\/mnzp.pl\/ksiegarnia\/index.php\/wp-json\/wp\/v2\/product_cat?post=832"},{"taxonomy":"product_tag","embeddable":true,"href":"https:\/\/mnzp.pl\/ksiegarnia\/index.php\/wp-json\/wp\/v2\/product_tag?post=832"}],"curies":[{"name":"wp","href":"https:\/\/api.w.org\/{rel}","templated":true}]}}