{"id":82,"date":"2021-10-27T13:46:34","date_gmt":"2021-10-27T11:46:34","guid":{"rendered":"https:\/\/serwer1670446.home.pl\/mnzp\/ksiegarnia\/?post_type=product&#038;p=82"},"modified":"2022-12-07T12:50:39","modified_gmt":"2022-12-07T11:50:39","slug":"fajki-i-tabakierki-ze-zbiorow-muzeum-w-lowiczu","status":"publish","type":"product","link":"https:\/\/mnzp.pl\/ksiegarnia\/index.php\/produkt\/fajki-i-tabakierki-ze-zbiorow-muzeum-w-lowiczu\/","title":{"rendered":"Fajki i tabakierki ze zbior\u00f3w Muzeum w \u0141owiczu"},"content":{"rendered":"<p>Publikacja po\u015bwi\u0119cona kolekcji tabakierek i akcesori\u00f3w fajczarskich ze zbior\u00f3w W\u0142adys\u0142awa Tarczy\u0144skiego &#8211; kolekcjonera i tw\u00f3rcy pierwszego muzeum w \u0141owiczu. Wydawnictwo opisuje kr\u00f3tk\u0105 histori\u0119 pochodzenia tytoniu oraz fajki, jak r\u00f3wnie\u017c genez\u0119 fajki polskiej. Dodatkow\u0105 ciekawostk\u0105 jest rys historyczny miasta \u0141owicz.<\/p>\n","protected":false},"excerpt":{"rendered":"<h2>Ko\u015bmider Anna, Olbromska Urszula, Sarkady Antoni<\/h2>\n<p>Publikacja po\u015bwi\u0119cona kolekcji tabakierek i akcesori\u00f3w fajczarskich ze zbior\u00f3w W\u0142adys\u0142awa Tarczy\u0144skiego &#8211; kolekcjonera i tw\u00f3rcy pierwszego muzeum w \u0141owiczu&#8230;<\/p>\n","protected":false},"featured_media":83,"comment_status":"open","ping_status":"closed","template":"","meta":[],"product_brand":[],"product_cat":[16],"product_tag":[105,107,109,62],"class_list":{"0":"post-82","1":"product","2":"type-product","3":"status-publish","4":"has-post-thumbnail","6":"product_cat-ksiazki","7":"product_tag-fajkarstwo","8":"product_tag-kolekcje","9":"product_tag-muzeum-dzwonow-i-fajek","10":"product_tag-rzemioslo","12":"first","13":"outofstock","14":"shipping-taxable","15":"purchasable","16":"product-type-simple"},"_links":{"self":[{"href":"https:\/\/mnzp.pl\/ksiegarnia\/index.php\/wp-json\/wp\/v2\/product\/82","targetHints":{"allow":["GET"]}}],"collection":[{"href":"https:\/\/mnzp.pl\/ksiegarnia\/index.php\/wp-json\/wp\/v2\/product"}],"about":[{"href":"https:\/\/mnzp.pl\/ksiegarnia\/index.php\/wp-json\/wp\/v2\/types\/product"}],"replies":[{"embeddable":true,"href":"https:\/\/mnzp.pl\/ksiegarnia\/index.php\/wp-json\/wp\/v2\/comments?post=82"}],"wp:featuredmedia":[{"embeddable":true,"href":"https:\/\/mnzp.pl\/ksiegarnia\/index.php\/wp-json\/wp\/v2\/media\/83"}],"wp:attachment":[{"href":"https:\/\/mnzp.pl\/ksiegarnia\/index.php\/wp-json\/wp\/v2\/media?parent=82"}],"wp:term":[{"taxonomy":"product_brand","embeddable":true,"href":"https:\/\/mnzp.pl\/ksiegarnia\/index.php\/wp-json\/wp\/v2\/product_brand?post=82"},{"taxonomy":"product_cat","embeddable":true,"href":"https:\/\/mnzp.pl\/ksiegarnia\/index.php\/wp-json\/wp\/v2\/product_cat?post=82"},{"taxonomy":"product_tag","embeddable":true,"href":"https:\/\/mnzp.pl\/ksiegarnia\/index.php\/wp-json\/wp\/v2\/product_tag?post=82"}],"curies":[{"name":"wp","href":"https:\/\/api.w.org\/{rel}","templated":true}]}}