{"id":763,"date":"2023-04-18T11:31:36","date_gmt":"2023-04-18T09:31:36","guid":{"rendered":"https:\/\/mnzp.pl\/ksiegarnia\/?post_type=product&#038;p=763"},"modified":"2023-04-18T14:41:12","modified_gmt":"2023-04-18T12:41:12","slug":"szkice-z-dziejow-przemysla-i-ziemi-przemyskiej-tom-ii","status":"publish","type":"product","link":"https:\/\/mnzp.pl\/ksiegarnia\/index.php\/produkt\/szkice-z-dziejow-przemysla-i-ziemi-przemyskiej-tom-ii\/","title":{"rendered":"Szkice z dziej\u00f3w Przemy\u015bla i Ziemi Przemyskiej Tom. II"},"content":{"rendered":"<p>II tom \u201eSzkic\u00f3w z dziej\u00f3w Przemy\u015bla i ziemi przemyskiej\u201d jest zbiorem esej\u00f3w, artyku\u0142\u00f3w, jakie by\u0142y zamieszczane na \u0142amach miesi\u0119cznika \u201eNasz Przemy\u015bl\u201d. Maj\u0105 one bardzo r\u00f3\u017cnorodny charakter i w wi\u0119kszo\u015bci dotycz\u0105 historii najnowszej. W du\u017cym stopniu s\u0105 odzwierciedleniem moich zainteresowa\u0144 zwi\u0105zanych z histori\u0105 wojskowo\u015bci naszego regionu. Gdyby nie \u201eNasz Przemy\u015bl\u201d, to tych esej\u00f3w by nie by\u0142o. Od pierwszego numeru tego miesi\u0119cznika z wrze\u015bnia 2004 r. staram si\u0119, z r\u00f3\u017cnym z reszt\u0105 skutkiem, przybli\u017ca\u0107 histori\u0119 naszego miasta i regionu. Ca\u0142e to moje pisanie jest dalekie od doskona\u0142o\u015bci i nie pretenduje do miana opracowania naukowego. Zdoby\u0142o sobie jednak pewn\u0105 grup\u0119 czytelnik\u00f3w, kt\u00f3rym ten zbi\u00f3r dedykuj\u0119. [\u2026] Ca\u0142o\u015b\u0107 wzbogacona zosta\u0142a przez dr Janusza Polaczka obrazami Mariana Fidy, kt\u00f3rego zawsze podziwia\u0142em za mi\u0142o\u015b\u0107 i oddanie dla naszego miasta.<\/p>\n<p style=\"text-align: right;\"><em>Lucjan Fac<\/em><\/p>\n","protected":false},"excerpt":{"rendered":"<h2>Lucjan Fac<\/h2>\n<p>Publikacja jest zbiorem esej\u00f3w, artyku\u0142\u00f3w, jakie by\u0142y zamieszczane na \u0142amach miesi\u0119cznika \u201eNasz Przemy\u015bl\u201d&#8230;<\/p>\n","protected":false},"featured_media":764,"comment_status":"open","ping_status":"closed","template":"","meta":[],"product_brand":[],"product_cat":[16],"product_tag":[],"class_list":{"0":"post-763","1":"product","2":"type-product","3":"status-publish","4":"has-post-thumbnail","6":"product_cat-ksiazki","8":"first","9":"instock","10":"shipping-taxable","11":"purchasable","12":"product-type-simple"},"_links":{"self":[{"href":"https:\/\/mnzp.pl\/ksiegarnia\/index.php\/wp-json\/wp\/v2\/product\/763","targetHints":{"allow":["GET"]}}],"collection":[{"href":"https:\/\/mnzp.pl\/ksiegarnia\/index.php\/wp-json\/wp\/v2\/product"}],"about":[{"href":"https:\/\/mnzp.pl\/ksiegarnia\/index.php\/wp-json\/wp\/v2\/types\/product"}],"replies":[{"embeddable":true,"href":"https:\/\/mnzp.pl\/ksiegarnia\/index.php\/wp-json\/wp\/v2\/comments?post=763"}],"wp:featuredmedia":[{"embeddable":true,"href":"https:\/\/mnzp.pl\/ksiegarnia\/index.php\/wp-json\/wp\/v2\/media\/764"}],"wp:attachment":[{"href":"https:\/\/mnzp.pl\/ksiegarnia\/index.php\/wp-json\/wp\/v2\/media?parent=763"}],"wp:term":[{"taxonomy":"product_brand","embeddable":true,"href":"https:\/\/mnzp.pl\/ksiegarnia\/index.php\/wp-json\/wp\/v2\/product_brand?post=763"},{"taxonomy":"product_cat","embeddable":true,"href":"https:\/\/mnzp.pl\/ksiegarnia\/index.php\/wp-json\/wp\/v2\/product_cat?post=763"},{"taxonomy":"product_tag","embeddable":true,"href":"https:\/\/mnzp.pl\/ksiegarnia\/index.php\/wp-json\/wp\/v2\/product_tag?post=763"}],"curies":[{"name":"wp","href":"https:\/\/api.w.org\/{rel}","templated":true}]}}