{"id":76,"date":"2021-10-27T13:33:09","date_gmt":"2021-10-27T11:33:09","guid":{"rendered":"https:\/\/serwer1670446.home.pl\/mnzp\/ksiegarnia\/?post_type=product&#038;p=76"},"modified":"2022-12-07T12:25:26","modified_gmt":"2022-12-07T11:25:26","slug":"xxvi-ogolnopolski-przeglad-plakatu-muzealnego-i-ochrony-zabytkow","status":"publish","type":"product","link":"https:\/\/mnzp.pl\/ksiegarnia\/index.php\/produkt\/xxvi-ogolnopolski-przeglad-plakatu-muzealnego-i-ochrony-zabytkow\/","title":{"rendered":"XXVI Og\u00f3lnopolski Przegl\u0105d Plakatu Muzealnego i Ochrony Zabytk\u00f3w"},"content":{"rendered":"<p>Pokonkursowa publikacja towarzysz\u0105ca Przegl\u0105dowi Plakatu Muzealnego i Ochrony Zabytk\u00f3w, kt\u00f3ry odby\u0142 si\u0119\u00a0w\u00a0pa\u017adzierniku 2010 r. Konkurs ten organizowany jest cyklicznie przez Muzeum Narodowe Ziemi Przemyskiej pocz\u0105wszy od 1968 r. Katalog zawiera informacje dotycz\u0105ce strony organizacyjnej edycji Przegl\u0105du z 2010 r., w\u00a0tym m.in. sk\u0142ad jury oraz wykaz prac zakwalifikowanych do konkursu. Ponadto \u2013 fotografie i opisy nagrodzonych i wyr\u00f3\u017cnionych plakat\u00f3w.<\/p>\n","protected":false},"excerpt":{"rendered":"<h2>Olbromska Urszula<\/h2>\n<p>Pokonkursowa publikacja towarzysz\u0105ca Przegl\u0105dowi Plakatu Muzealnego i Ochrony Zabytk\u00f3w, kt\u00f3ry odby\u0142 si\u0119 w pa\u017adzierniku 2010 r&#8230;<\/p>\n","protected":false},"featured_media":77,"comment_status":"open","ping_status":"closed","template":"","meta":[],"product_brand":[],"product_cat":[16],"product_tag":[63,132,97,108],"class_list":{"0":"post-76","1":"product","2":"type-product","3":"status-publish","4":"has-post-thumbnail","6":"product_cat-ksiazki","7":"product_tag-katalog","8":"product_tag-konkurs-plakatu-muzealnego","9":"product_tag-plakat","10":"product_tag-wystawa-czasowa","12":"first","13":"instock","14":"shipping-taxable","15":"purchasable","16":"product-type-simple"},"_links":{"self":[{"href":"https:\/\/mnzp.pl\/ksiegarnia\/index.php\/wp-json\/wp\/v2\/product\/76","targetHints":{"allow":["GET"]}}],"collection":[{"href":"https:\/\/mnzp.pl\/ksiegarnia\/index.php\/wp-json\/wp\/v2\/product"}],"about":[{"href":"https:\/\/mnzp.pl\/ksiegarnia\/index.php\/wp-json\/wp\/v2\/types\/product"}],"replies":[{"embeddable":true,"href":"https:\/\/mnzp.pl\/ksiegarnia\/index.php\/wp-json\/wp\/v2\/comments?post=76"}],"wp:featuredmedia":[{"embeddable":true,"href":"https:\/\/mnzp.pl\/ksiegarnia\/index.php\/wp-json\/wp\/v2\/media\/77"}],"wp:attachment":[{"href":"https:\/\/mnzp.pl\/ksiegarnia\/index.php\/wp-json\/wp\/v2\/media?parent=76"}],"wp:term":[{"taxonomy":"product_brand","embeddable":true,"href":"https:\/\/mnzp.pl\/ksiegarnia\/index.php\/wp-json\/wp\/v2\/product_brand?post=76"},{"taxonomy":"product_cat","embeddable":true,"href":"https:\/\/mnzp.pl\/ksiegarnia\/index.php\/wp-json\/wp\/v2\/product_cat?post=76"},{"taxonomy":"product_tag","embeddable":true,"href":"https:\/\/mnzp.pl\/ksiegarnia\/index.php\/wp-json\/wp\/v2\/product_tag?post=76"}],"curies":[{"name":"wp","href":"https:\/\/api.w.org\/{rel}","templated":true}]}}