{"id":72,"date":"2021-10-27T13:25:47","date_gmt":"2021-10-27T11:25:47","guid":{"rendered":"https:\/\/serwer1670446.home.pl\/mnzp\/ksiegarnia\/?post_type=product&#038;p=72"},"modified":"2022-12-08T12:43:13","modified_gmt":"2022-12-08T11:43:13","slug":"materialy-i-studia-muzealne-t-viii","status":"publish","type":"product","link":"https:\/\/mnzp.pl\/ksiegarnia\/index.php\/produkt\/materialy-i-studia-muzealne-t-viii\/","title":{"rendered":"Materia\u0142y i Studia Muzealne t. VIII"},"content":{"rendered":"<p>Wznowiony po d\u0142ugiej przerwie periodyk naukowy zawiera dwa obszerne artyku\u0142y dotycz\u0105ce jednego z najcenniejszych zabytk\u00f3w naszego Muzeum \u2013 \u015bredniowiecznej\u00a0 gemmy bizanty\u0144skiej. Kolejny tekst omawia\u00a0 wydawan\u0105 w czasie I wojny \u015bwiatowej w Przemy\u015blu gazet\u0119 \u201eTabori Ujsag\u201d. W dalszej cz\u0119\u015bci zamieszczono ciekaw\u0105\u00a0 rozpraw\u0119 o\u00a0 muzeach jako depozytariuszach pami\u0119ci zbiorowej oraz\u00a0 not\u0119 biograficzn\u0105 po\u015bwi\u0119con\u0105 przemyskiej malarce Stefanii Jacyszyn.\u00a0\u00a0 Na zako\u0144czenie VIII.\u00a0 tomu, przedstawione zosta\u0142o\u00a0 kalendarium dzia\u0142alno\u015bci kulturalnej Muzeum Narodowego Ziemi Przemyskiej w l. 1985-1994.<\/p>\n","protected":false},"excerpt":{"rendered":"<p>Wznowiony po d\u0142ugiej przerwie periodyk naukowy zawiera dwa obszerne artyku\u0142y dotycz\u0105ce jednego z najcenniejszych zabytk\u00f3w naszego Muzeum \u2013 \u015bredniowiecznej\u00a0 gemmy bizanty\u0144skiej&#8230;<\/p>\n","protected":false},"featured_media":73,"comment_status":"open","ping_status":"closed","template":"","meta":[],"product_brand":[],"product_cat":[16],"product_tag":[127,64,149,93],"class_list":{"0":"post-72","1":"product","2":"type-product","3":"status-publish","4":"has-post-thumbnail","6":"product_cat-ksiazki","7":"product_tag-czasopisma","8":"product_tag-historia","9":"product_tag-materialy-i-studia-muzealne","10":"product_tag-sztuka","12":"first","13":"instock","14":"shipping-taxable","15":"purchasable","16":"product-type-simple"},"_links":{"self":[{"href":"https:\/\/mnzp.pl\/ksiegarnia\/index.php\/wp-json\/wp\/v2\/product\/72","targetHints":{"allow":["GET"]}}],"collection":[{"href":"https:\/\/mnzp.pl\/ksiegarnia\/index.php\/wp-json\/wp\/v2\/product"}],"about":[{"href":"https:\/\/mnzp.pl\/ksiegarnia\/index.php\/wp-json\/wp\/v2\/types\/product"}],"replies":[{"embeddable":true,"href":"https:\/\/mnzp.pl\/ksiegarnia\/index.php\/wp-json\/wp\/v2\/comments?post=72"}],"wp:featuredmedia":[{"embeddable":true,"href":"https:\/\/mnzp.pl\/ksiegarnia\/index.php\/wp-json\/wp\/v2\/media\/73"}],"wp:attachment":[{"href":"https:\/\/mnzp.pl\/ksiegarnia\/index.php\/wp-json\/wp\/v2\/media?parent=72"}],"wp:term":[{"taxonomy":"product_brand","embeddable":true,"href":"https:\/\/mnzp.pl\/ksiegarnia\/index.php\/wp-json\/wp\/v2\/product_brand?post=72"},{"taxonomy":"product_cat","embeddable":true,"href":"https:\/\/mnzp.pl\/ksiegarnia\/index.php\/wp-json\/wp\/v2\/product_cat?post=72"},{"taxonomy":"product_tag","embeddable":true,"href":"https:\/\/mnzp.pl\/ksiegarnia\/index.php\/wp-json\/wp\/v2\/product_tag?post=72"}],"curies":[{"name":"wp","href":"https:\/\/api.w.org\/{rel}","templated":true}]}}