{"id":70,"date":"2021-10-27T13:21:46","date_gmt":"2021-10-27T11:21:46","guid":{"rendered":"https:\/\/serwer1670446.home.pl\/mnzp\/ksiegarnia\/?post_type=product&#038;p=70"},"modified":"2022-12-06T09:13:08","modified_gmt":"2022-12-06T08:13:08","slug":"muzeum-narodowe-ziemi-przemyskiej-w-przemyslu","status":"publish","type":"product","link":"https:\/\/mnzp.pl\/ksiegarnia\/index.php\/produkt\/muzeum-narodowe-ziemi-przemyskiej-w-przemyslu\/","title":{"rendered":"Muzeum Narodowe Ziemi Przemyskiej w Przemy\u015blu"},"content":{"rendered":"<p>Bogato ilustrowany\u00a0 dwuj\u0119zyczny album omawiaj\u0105cy histori\u0119 powstania Muzeum Narodowego Ziemi Przemyskiej, ze szczeg\u00f3lnym uwzgl\u0119dnieniem powstania Nowego Gmachu Muzeum \u2013 Wielokulturowego Centrum Historii i Sztuki w Przemy\u015blu. Autorzy ods\u0142aniaj\u0105 kulisy poprzedzaj\u0105cych jego budow\u0119 prac archeologicznych i bada\u0144 wykopaliskowych, prowadzonych na Placu Berka Joselewicza w obr\u0119bie przemyskiej star\u00f3wki. Ponadto, wydawnictwo wnikliwie opisuje\u00a0 kolekcje b\u0119d\u0105ce w posiadaniu Muzeum z akcentem na\u00a0 najcenniejsze zbiory wszystkich trzech oddzia\u0142\u00f3w muzealnych.<\/p>\n","protected":false},"excerpt":{"rendered":"<h2>Kostek J\u00f3zefa, Kozie\u0144 Magdalena, Olbromski Mariusz Jerzy, Rejniewicz \u0141ukasz, Sarkady Antoni, Sosnowska Ewa, Sztaba Joanna<\/h2>\n<p>Bogato ilustrowany\u00a0 dwuj\u0119zyczny album omawiaj\u0105cy histori\u0119 powstania Muzeum Narodowego Ziemi Przemyskiej, ze szczeg\u00f3lnym uwzgl\u0119dnieniem powstania Nowego Gmachu Muzeum \u2013 Wielokulturowego Centrum Historii i Sztuki w Przemy\u015blu.<\/p>\n","protected":false},"featured_media":71,"comment_status":"open","ping_status":"closed","template":"","meta":[],"product_brand":[],"product_cat":[16],"product_tag":[122,126,120,106],"class_list":{"0":"post-70","1":"product","2":"type-product","3":"status-publish","4":"has-post-thumbnail","6":"product_cat-ksiazki","7":"product_tag-archeologia","8":"product_tag-historia-muzeum","9":"product_tag-informator","10":"product_tag-zbiory","12":"first","13":"outofstock","14":"shipping-taxable","15":"purchasable","16":"product-type-simple"},"_links":{"self":[{"href":"https:\/\/mnzp.pl\/ksiegarnia\/index.php\/wp-json\/wp\/v2\/product\/70","targetHints":{"allow":["GET"]}}],"collection":[{"href":"https:\/\/mnzp.pl\/ksiegarnia\/index.php\/wp-json\/wp\/v2\/product"}],"about":[{"href":"https:\/\/mnzp.pl\/ksiegarnia\/index.php\/wp-json\/wp\/v2\/types\/product"}],"replies":[{"embeddable":true,"href":"https:\/\/mnzp.pl\/ksiegarnia\/index.php\/wp-json\/wp\/v2\/comments?post=70"}],"wp:featuredmedia":[{"embeddable":true,"href":"https:\/\/mnzp.pl\/ksiegarnia\/index.php\/wp-json\/wp\/v2\/media\/71"}],"wp:attachment":[{"href":"https:\/\/mnzp.pl\/ksiegarnia\/index.php\/wp-json\/wp\/v2\/media?parent=70"}],"wp:term":[{"taxonomy":"product_brand","embeddable":true,"href":"https:\/\/mnzp.pl\/ksiegarnia\/index.php\/wp-json\/wp\/v2\/product_brand?post=70"},{"taxonomy":"product_cat","embeddable":true,"href":"https:\/\/mnzp.pl\/ksiegarnia\/index.php\/wp-json\/wp\/v2\/product_cat?post=70"},{"taxonomy":"product_tag","embeddable":true,"href":"https:\/\/mnzp.pl\/ksiegarnia\/index.php\/wp-json\/wp\/v2\/product_tag?post=70"}],"curies":[{"name":"wp","href":"https:\/\/api.w.org\/{rel}","templated":true}]}}