{"id":68,"date":"2021-10-27T13:16:08","date_gmt":"2021-10-27T11:16:08","guid":{"rendered":"https:\/\/serwer1670446.home.pl\/mnzp\/ksiegarnia\/?post_type=product&#038;p=68"},"modified":"2023-11-08T11:49:01","modified_gmt":"2023-11-08T10:49:01","slug":"100-na-100-katalog-wystawy-jubileuszowej-muzeum-narodowego-ziemi-przemyskiej-1909-2009","status":"publish","type":"product","link":"https:\/\/mnzp.pl\/ksiegarnia\/index.php\/produkt\/100-na-100-katalog-wystawy-jubileuszowej-muzeum-narodowego-ziemi-przemyskiej-1909-2009\/","title":{"rendered":"\u201e100 na 100&#8243; Katalog wystawy jubileuszowej Muzeum Narodowego Ziemi Przemyskiej 1909 \u2013 2009"},"content":{"rendered":"<p>Bogato ilustrowane wydawnictwo opisuj\u0105ce szczeg\u00f3\u0142owo najciekawsze eksponaty Muzeum Narodowego Ziemi Przemyskiej, zaprezentowane na przekrojowej wystawie zorganizowanej z okazji obchod\u00f3w jubileuszu stulecia. Ukazane w albumie obiekty, gromadzone przez poszczeg\u00f3lne dzia\u0142y muzeum w ci\u0105gu ca\u0142ego wieku jego istnienia, podzielone zosta\u0142y na sto r\u00f3\u017cnorodnych tematycznie grup. Ka\u017cda z nich opatrzona zosta\u0142a wyczerpuj\u0105cym komentarzem naukowym. Katalog, podobnie jak wystawa, kt\u00f3rej towarzyszy\u0142, ma na celu przedstawienie r\u00f3\u017cnorodno\u015bci i specyfiki przemyskiego muzeum oraz genezy jego powstania. Publikacja stanowi obszerny, aktualny przewodnik po muzealnych kolekcjach.<\/p>\n","protected":false},"excerpt":{"rendered":"<h2>B\u0142o\u0144ski Jacek, Burzy\u0144ski Tadeusz, Ciepli\u0144ska Anna, Durkacz-Foremska Anna, Kaczor Ma\u0142gorzata, Kostek Adam, Kostek J\u00f3zefa, Lew Stanis\u0142aw, Mocarska-Szwic Bo\u017cena, Olbromska Urszula, Olbromski Mariusz Jerzy, Sarkady Antoni, Sarkady Nalan, Stonawska Dorota, Szopa Grzegorz, Sztaba Joanna, Trojanowska Katarzyna, Trojanowska Marta, Winiarska Katarzyna, Zahel Dorota<\/h2>\n<p>Bogato ilustrowane wydawnictwo opisuj\u0105ce szczeg\u00f3\u0142owo najciekawsze eksponaty Muzeum Narodowego Ziemi Przemyskiej, zaprezentowane na przekrojowej wystawie zorganizowanej z okazji obchod\u00f3w jubileuszu stulecia.<\/p>\n","protected":false},"featured_media":69,"comment_status":"open","ping_status":"closed","template":"","meta":[],"product_brand":[],"product_cat":[16],"product_tag":[125,122,70,124,64,63,123,62,93,108],"class_list":{"0":"post-68","1":"product","2":"type-product","3":"status-publish","4":"has-post-thumbnail","6":"product_cat-ksiazki","7":"product_tag-album","8":"product_tag-archeologia","9":"product_tag-etnografia","10":"product_tag-falerystyka","11":"product_tag-historia","12":"product_tag-katalog","13":"product_tag-numizmatyka","14":"product_tag-rzemioslo","15":"product_tag-sztuka","16":"product_tag-wystawa-czasowa","18":"first","19":"outofstock","20":"shipping-taxable","21":"purchasable","22":"product-type-simple"},"_links":{"self":[{"href":"https:\/\/mnzp.pl\/ksiegarnia\/index.php\/wp-json\/wp\/v2\/product\/68","targetHints":{"allow":["GET"]}}],"collection":[{"href":"https:\/\/mnzp.pl\/ksiegarnia\/index.php\/wp-json\/wp\/v2\/product"}],"about":[{"href":"https:\/\/mnzp.pl\/ksiegarnia\/index.php\/wp-json\/wp\/v2\/types\/product"}],"replies":[{"embeddable":true,"href":"https:\/\/mnzp.pl\/ksiegarnia\/index.php\/wp-json\/wp\/v2\/comments?post=68"}],"wp:featuredmedia":[{"embeddable":true,"href":"https:\/\/mnzp.pl\/ksiegarnia\/index.php\/wp-json\/wp\/v2\/media\/69"}],"wp:attachment":[{"href":"https:\/\/mnzp.pl\/ksiegarnia\/index.php\/wp-json\/wp\/v2\/media?parent=68"}],"wp:term":[{"taxonomy":"product_brand","embeddable":true,"href":"https:\/\/mnzp.pl\/ksiegarnia\/index.php\/wp-json\/wp\/v2\/product_brand?post=68"},{"taxonomy":"product_cat","embeddable":true,"href":"https:\/\/mnzp.pl\/ksiegarnia\/index.php\/wp-json\/wp\/v2\/product_cat?post=68"},{"taxonomy":"product_tag","embeddable":true,"href":"https:\/\/mnzp.pl\/ksiegarnia\/index.php\/wp-json\/wp\/v2\/product_tag?post=68"}],"curies":[{"name":"wp","href":"https:\/\/api.w.org\/{rel}","templated":true}]}}