{"id":66,"date":"2021-10-27T13:10:42","date_gmt":"2021-10-27T11:10:42","guid":{"rendered":"https:\/\/serwer1670446.home.pl\/mnzp\/ksiegarnia\/?post_type=product&#038;p=66"},"modified":"2024-06-28T09:30:49","modified_gmt":"2024-06-28T07:30:49","slug":"muzyka-dzwonow-magia-fajki-informator-muzeum-dzwonow-i-fajek-oddzialu-mnzp","status":"publish","type":"product","link":"https:\/\/mnzp.pl\/ksiegarnia\/index.php\/produkt\/muzyka-dzwonow-magia-fajki-informator-muzeum-dzwonow-i-fajek-oddzialu-mnzp\/","title":{"rendered":"Muzyka dzwon\u00f3w, magia fajki&#8230; Informator Muzeum Dzwon\u00f3w i Fajek, Oddzia\u0142u MNZP"},"content":{"rendered":"<p>Informator jedynego na \u015bwiecie Muzeum Dzwon\u00f3w i Fajek (oddzia\u0142 Muzeum Narodowego Ziemi Przemyskiej). Autorki przedstawi\u0142y histori\u0119, procesy wytwarzania oraz schematy budowy dzwon\u00f3w i fajek, opracowuj\u0105c r\u00f3wnie\u017c ich szczeg\u00f3\u0142ow\u0105 typologi\u0119. Dodatkowym atutem pracy s\u0105 liczne ciekawostki, takie jak np. tradycje ludwisarskie rodziny Felczy\u0144skich czy przytoczone fragmenty utwor\u00f3w literackich, traktuj\u0105cych o fajkach i dzwonach.<\/p>\n","protected":false},"excerpt":{"rendered":"<h2>Olbromska Urszula, Trojanowska Marta<\/h2>\n<p>Informator jedynego na \u015bwiecie Muzeum Dzwon\u00f3w i Fajek (oddzia\u0142 Muzeum Narodowego Ziemi Przemyskiej).<\/p>\n","protected":false},"featured_media":67,"comment_status":"open","ping_status":"closed","template":"","meta":[],"product_brand":[],"product_cat":[16],"product_tag":[105,64,120,121,109,62],"class_list":{"0":"post-66","1":"product","2":"type-product","3":"status-publish","4":"has-post-thumbnail","6":"product_cat-ksiazki","7":"product_tag-fajkarstwo","8":"product_tag-historia","9":"product_tag-informator","10":"product_tag-ludwisarstwo","11":"product_tag-muzeum-dzwonow-i-fajek","12":"product_tag-rzemioslo","14":"first","15":"outofstock","16":"shipping-taxable","17":"purchasable","18":"product-type-simple"},"_links":{"self":[{"href":"https:\/\/mnzp.pl\/ksiegarnia\/index.php\/wp-json\/wp\/v2\/product\/66","targetHints":{"allow":["GET"]}}],"collection":[{"href":"https:\/\/mnzp.pl\/ksiegarnia\/index.php\/wp-json\/wp\/v2\/product"}],"about":[{"href":"https:\/\/mnzp.pl\/ksiegarnia\/index.php\/wp-json\/wp\/v2\/types\/product"}],"replies":[{"embeddable":true,"href":"https:\/\/mnzp.pl\/ksiegarnia\/index.php\/wp-json\/wp\/v2\/comments?post=66"}],"wp:featuredmedia":[{"embeddable":true,"href":"https:\/\/mnzp.pl\/ksiegarnia\/index.php\/wp-json\/wp\/v2\/media\/67"}],"wp:attachment":[{"href":"https:\/\/mnzp.pl\/ksiegarnia\/index.php\/wp-json\/wp\/v2\/media?parent=66"}],"wp:term":[{"taxonomy":"product_brand","embeddable":true,"href":"https:\/\/mnzp.pl\/ksiegarnia\/index.php\/wp-json\/wp\/v2\/product_brand?post=66"},{"taxonomy":"product_cat","embeddable":true,"href":"https:\/\/mnzp.pl\/ksiegarnia\/index.php\/wp-json\/wp\/v2\/product_cat?post=66"},{"taxonomy":"product_tag","embeddable":true,"href":"https:\/\/mnzp.pl\/ksiegarnia\/index.php\/wp-json\/wp\/v2\/product_tag?post=66"}],"curies":[{"name":"wp","href":"https:\/\/api.w.org\/{rel}","templated":true}]}}