{"id":647,"date":"2022-12-06T11:26:07","date_gmt":"2022-12-06T10:26:07","guid":{"rendered":"https:\/\/mnzp.pl\/ksiegarnia\/?post_type=product&#038;p=647"},"modified":"2022-12-09T15:42:08","modified_gmt":"2022-12-09T14:42:08","slug":"materialy-i-studia-muzealne-tom-xi","status":"publish","type":"product","link":"https:\/\/mnzp.pl\/ksiegarnia\/index.php\/produkt\/materialy-i-studia-muzealne-tom-xi\/","title":{"rendered":"Materia\u0142y i Studia Muzealne tom XI"},"content":{"rendered":"<p>Kolejny tom muzealnego pisma naukowego. W numerze znajd\u0105 Pa\u0144stwo:<\/p>\n<p>STUDIA<br \/>\nJanusz Polaczek, <em>Somosierra raz jeszcze. Uwagi na marginesie publikacji \u201eSomosierra. Szkice do panoramy Wojciecha Kossaka i Micha\u0142a Wywi\u00f3rskiego a ikonografia wojen napoleo\u0144skich\u201d<\/em><br \/>\nAnna Durkacz-Foremska, <em>Od monety celtyckiej\u2026 Dzieje numizmat\u00f3w na ziemiach polskich na przyk\u0142adzie zbior\u00f3w Muzeum Narodowego Ziemi Przemyskiej<\/em><br \/>\nMATERIA\u0141Y<br \/>\nTomasz Pomykacz, G\u00e1bor Kiss, S\u0142awomir Ku\u0142acz, <em>Archiwum podpu\u0142kownika Eleka Moln\u00e1ra (\u201eTeki Moln\u00e1ra\u201d) w zbiorach Muzeum Narodowego Ziemi Przemyskiej: wybrane dokumenty (Teka 2 i Teka 3)<\/em><br \/>\nOM\u00d3WIENIA I RECENZJE<br \/>\nTomasz Pomykacz, <em>Relacje, dzienniki i wspomnienia dotycz\u0105ce walk o Twierdz\u0119 Przemy\u015bl: nabytki Biblioteki MNZP w latach 2021\u20132022<\/em><br \/>\nSPRAWOZDANIA<br \/>\nSylwia Ryznar-G\u00f3ra, <em>Konferencja \u201ePrzestrze\u0144 oswojona\/nasza\/bezpieczna. Co to znaczy zamieszkiwa\u0107?\u201d, Stalowa Wola, 9\u201310 wrze\u015bnia 2022<\/em><br \/>\nBo\u017cena Figiela, <em>II Mi\u0119dzynarodowe Sympozjum \u201eCerkwie obszaru Karpat i wschodniego pogranicza\u201d<\/em><br \/>\nKALENDARIUM<br \/>\nIwona Bobko, <em>Kalendarium dzia\u0142alno\u015bci kulturalnej Muzeum w latach 2000\u20132007<\/em><\/p>\n","protected":false},"excerpt":{"rendered":"<p>Kolejny tom muzealnego pisma naukowego. W numerze znajd\u0105 Pa\u0144stwo: STUDIA Janusz Polaczek, Somosierra raz jeszcze. Uwagi na marginesie publikacji \u201eSomosierra. Szkice do panoramy Wojciecha Kossaka i Micha\u0142a Wywi\u00f3rskiego a ikonografia wojen napoleo\u0144skich\u201d Anna Durkacz-Foremska, Od monety celtyckiej\u2026 Dzieje numizmat\u00f3w na ziemiach polskich na przyk\u0142adzie zbior\u00f3w Muzeum Narodowego Ziemi Przemyskiej MATERIA\u0141Y Tomasz Pomykacz, G\u00e1bor Kiss, S\u0142awomir [&hellip;]<\/p>\n","protected":false},"featured_media":648,"comment_status":"open","ping_status":"closed","template":"","meta":[],"product_brand":[],"product_cat":[16],"product_tag":[127,64,149,123],"class_list":{"0":"post-647","1":"product","2":"type-product","3":"status-publish","4":"has-post-thumbnail","6":"product_cat-ksiazki","7":"product_tag-czasopisma","8":"product_tag-historia","9":"product_tag-materialy-i-studia-muzealne","10":"product_tag-numizmatyka","12":"first","13":"instock","14":"shipping-taxable","15":"purchasable","16":"product-type-simple"},"_links":{"self":[{"href":"https:\/\/mnzp.pl\/ksiegarnia\/index.php\/wp-json\/wp\/v2\/product\/647","targetHints":{"allow":["GET"]}}],"collection":[{"href":"https:\/\/mnzp.pl\/ksiegarnia\/index.php\/wp-json\/wp\/v2\/product"}],"about":[{"href":"https:\/\/mnzp.pl\/ksiegarnia\/index.php\/wp-json\/wp\/v2\/types\/product"}],"replies":[{"embeddable":true,"href":"https:\/\/mnzp.pl\/ksiegarnia\/index.php\/wp-json\/wp\/v2\/comments?post=647"}],"wp:featuredmedia":[{"embeddable":true,"href":"https:\/\/mnzp.pl\/ksiegarnia\/index.php\/wp-json\/wp\/v2\/media\/648"}],"wp:attachment":[{"href":"https:\/\/mnzp.pl\/ksiegarnia\/index.php\/wp-json\/wp\/v2\/media?parent=647"}],"wp:term":[{"taxonomy":"product_brand","embeddable":true,"href":"https:\/\/mnzp.pl\/ksiegarnia\/index.php\/wp-json\/wp\/v2\/product_brand?post=647"},{"taxonomy":"product_cat","embeddable":true,"href":"https:\/\/mnzp.pl\/ksiegarnia\/index.php\/wp-json\/wp\/v2\/product_cat?post=647"},{"taxonomy":"product_tag","embeddable":true,"href":"https:\/\/mnzp.pl\/ksiegarnia\/index.php\/wp-json\/wp\/v2\/product_tag?post=647"}],"curies":[{"name":"wp","href":"https:\/\/api.w.org\/{rel}","templated":true}]}}