{"id":645,"date":"2022-02-03T09:32:33","date_gmt":"2022-02-03T08:32:33","guid":{"rendered":"https:\/\/mnzp.pl\/ksiegarnia\/?post_type=product&#038;p=645"},"modified":"2022-12-06T09:40:52","modified_gmt":"2022-12-06T08:40:52","slug":"materialy-i-studia-muzealne-tom-x","status":"publish","type":"product","link":"https:\/\/mnzp.pl\/ksiegarnia\/index.php\/produkt\/materialy-i-studia-muzealne-tom-x\/","title":{"rendered":"Materia\u0142y i Studia Muzealne tom X"},"content":{"rendered":"<p>Kolejny tom muzealnego periodyku naukowego. W tym numerze prezentujemy Pa\u0144stwu nast\u0119puj\u0105ce artyku\u0142y:<\/p>\n<p>Filip Pelon, <em>Matka Boska z Dzieci\u0105tkiem w typie Eleusy \u2013 obraz tablicowy z pocz\u0105tku XVIII wieku. Zagadnienia konserwatorskie<\/em><br \/>\nSabina Stempniak-Kusy, <em>Dwa groby symboliczne z cmentarzyska kultury przeworskiej w Ostrowie, gm. Przemy\u015bl<\/em><br \/>\nMa\u0142gorzata Dziura, <em>Spi\u017cowe apotropeiony. Nadsa\u0144skie reminiscencje o dzwonach<\/em><br \/>\nDorota Zahel, <em>Szk\u0142a pami\u0105tkowe w zbiorach Muzeum Narodowego Ziemi Przemyskiej w Przemy\u015blu<\/em><br \/>\nAnna Durkacz-Foremska, <em>Historia zbior\u00f3w numizmatycznych Muzeum Narodowego Ziemi Przemyskiej i ich popularyzacja w latach 1909-2021<\/em><br \/>\nSylwia Ryznar-G\u00f3ra, <em>Judaika w praktyce wystawienniczej Muzeum Narodowego Ziemi Przemyskiej<\/em><br \/>\nKarol Kicman, <em>Z tradycji 38 Pu\u0142ku Piechoty Strzelc\u00f3w Lwowskich<\/em><br \/>\nKateryna Hlodia, <em>\u017bycie i dzia\u0142alno\u015b\u0107 polskiego ziemianina, pisarza, podr\u00f3\u017cnika oraz mecenasa sztuki Marka Ma\u0142y\u0144skiego<\/em><br \/>\nIwona Bobko, <em>Kalendarium dzia\u0142alno\u015bci kulturalnej muzeum w latach 1995-1999<\/em><br \/>\nOm\u00f3wienia i recenzje<br \/>\nMa\u0142gorzata Dziura: <em>Mariusz Urbanek, Profesor Weigl i karmiciele wszy, Wydawnictwo Iskry, Warszawa 2018, ss. 371<\/em>.<\/p>\n","protected":false},"excerpt":{"rendered":"<p>Kolejny tom muzealnego periodyku naukowego. W tym numerze prezentujemy Pa\u0144stwu nast\u0119puj\u0105ce artyku\u0142y: Filip Pelon, Matka Boska z Dzieci\u0105tkiem w typie Eleusy \u2013 obraz tablicowy z pocz\u0105tku XVIII wieku. Zagadnienia konserwatorskie Sabina Stempniak-Kusy, Dwa groby symboliczne z cmentarzyska kultury przeworskiej w Ostrowie, gm. Przemy\u015bl Ma\u0142gorzata Dziura, Spi\u017cowe apotropeiony. Nadsa\u0144skie reminiscencje o dzwonach Dorota Zahel, Szk\u0142a pami\u0105tkowe [&hellip;]<\/p>\n","protected":false},"featured_media":646,"comment_status":"open","ping_status":"closed","template":"","meta":[],"product_brand":[],"product_cat":[16],"product_tag":[122,127,64,107,60,130,93],"class_list":{"0":"post-645","1":"product","2":"type-product","3":"status-publish","4":"has-post-thumbnail","6":"product_cat-ksiazki","7":"product_tag-archeologia","8":"product_tag-czasopisma","9":"product_tag-historia","10":"product_tag-kolekcje","11":"product_tag-konserwacja","12":"product_tag-muzealnictwo","13":"product_tag-sztuka","15":"first","16":"instock","17":"shipping-taxable","18":"purchasable","19":"product-type-simple"},"_links":{"self":[{"href":"https:\/\/mnzp.pl\/ksiegarnia\/index.php\/wp-json\/wp\/v2\/product\/645","targetHints":{"allow":["GET"]}}],"collection":[{"href":"https:\/\/mnzp.pl\/ksiegarnia\/index.php\/wp-json\/wp\/v2\/product"}],"about":[{"href":"https:\/\/mnzp.pl\/ksiegarnia\/index.php\/wp-json\/wp\/v2\/types\/product"}],"replies":[{"embeddable":true,"href":"https:\/\/mnzp.pl\/ksiegarnia\/index.php\/wp-json\/wp\/v2\/comments?post=645"}],"wp:featuredmedia":[{"embeddable":true,"href":"https:\/\/mnzp.pl\/ksiegarnia\/index.php\/wp-json\/wp\/v2\/media\/646"}],"wp:attachment":[{"href":"https:\/\/mnzp.pl\/ksiegarnia\/index.php\/wp-json\/wp\/v2\/media?parent=645"}],"wp:term":[{"taxonomy":"product_brand","embeddable":true,"href":"https:\/\/mnzp.pl\/ksiegarnia\/index.php\/wp-json\/wp\/v2\/product_brand?post=645"},{"taxonomy":"product_cat","embeddable":true,"href":"https:\/\/mnzp.pl\/ksiegarnia\/index.php\/wp-json\/wp\/v2\/product_cat?post=645"},{"taxonomy":"product_tag","embeddable":true,"href":"https:\/\/mnzp.pl\/ksiegarnia\/index.php\/wp-json\/wp\/v2\/product_tag?post=645"}],"curies":[{"name":"wp","href":"https:\/\/api.w.org\/{rel}","templated":true}]}}