{"id":64,"date":"2021-10-27T13:05:33","date_gmt":"2021-10-27T11:05:33","guid":{"rendered":"https:\/\/serwer1670446.home.pl\/mnzp\/ksiegarnia\/?post_type=product&#038;p=64"},"modified":"2024-05-17T14:41:31","modified_gmt":"2024-05-17T12:41:31","slug":"w-pracowni-alchemika","status":"publish","type":"product","link":"https:\/\/mnzp.pl\/ksiegarnia\/index.php\/produkt\/w-pracowni-alchemika\/","title":{"rendered":"W pracowni alchemika"},"content":{"rendered":"<p>Publikacja opisuje alchemika Micha\u0142a S\u0119dziwoja, kt\u00f3rego posta\u0107 sta\u0142a si\u0119 inspiracj\u0105 do zorganizowania w 2006 r. w Muzeum Historii Miasta Przemy\u015bla (oddzia\u0142 Muzeum Narodowego Ziemi Przemyskiej) wystawy pod tym samym tytu\u0142em. Autorka przybli\u017ca histori\u0119 alchemii &#8211; dziedziny tyle\u017c tajemniczej, co popularnej w XVI- i XVII-wiecznej Polsce. Dodatkowo wydawnictwo wzbogacone zosta\u0142o fotografiami obrazuj\u0105cymi wspomnian\u0105 wystaw\u0119, jak r\u00f3wnie\u017c ilustracjami zaczerpni\u0119tymi z pozycji R. Bugaja pt. \u201eW poszukiwaniu kamienia filozoficznego\u201d (Warszawa 1957).<\/p>\n","protected":false},"excerpt":{"rendered":"<h2>Zahel Dorota<\/h2>\n<p>Publikacja opisuje alchemika Micha\u0142a S\u0119dziwoja, kt\u00f3rego posta\u0107 sta\u0142a si\u0119 inspiracj\u0105 do zorganizowania w 2006 r.<\/p>\n","protected":false},"featured_media":65,"comment_status":"open","ping_status":"closed","template":"","meta":[],"product_brand":[],"product_cat":[16],"product_tag":[63,118,108],"class_list":{"0":"post-64","1":"product","2":"type-product","3":"status-publish","4":"has-post-thumbnail","6":"product_cat-ksiazki","7":"product_tag-katalog","8":"product_tag-muzeum-historii-miasta-przemysla","9":"product_tag-wystawa-czasowa","11":"first","12":"instock","13":"shipping-taxable","14":"purchasable","15":"product-type-simple"},"_links":{"self":[{"href":"https:\/\/mnzp.pl\/ksiegarnia\/index.php\/wp-json\/wp\/v2\/product\/64","targetHints":{"allow":["GET"]}}],"collection":[{"href":"https:\/\/mnzp.pl\/ksiegarnia\/index.php\/wp-json\/wp\/v2\/product"}],"about":[{"href":"https:\/\/mnzp.pl\/ksiegarnia\/index.php\/wp-json\/wp\/v2\/types\/product"}],"replies":[{"embeddable":true,"href":"https:\/\/mnzp.pl\/ksiegarnia\/index.php\/wp-json\/wp\/v2\/comments?post=64"}],"wp:featuredmedia":[{"embeddable":true,"href":"https:\/\/mnzp.pl\/ksiegarnia\/index.php\/wp-json\/wp\/v2\/media\/65"}],"wp:attachment":[{"href":"https:\/\/mnzp.pl\/ksiegarnia\/index.php\/wp-json\/wp\/v2\/media?parent=64"}],"wp:term":[{"taxonomy":"product_brand","embeddable":true,"href":"https:\/\/mnzp.pl\/ksiegarnia\/index.php\/wp-json\/wp\/v2\/product_brand?post=64"},{"taxonomy":"product_cat","embeddable":true,"href":"https:\/\/mnzp.pl\/ksiegarnia\/index.php\/wp-json\/wp\/v2\/product_cat?post=64"},{"taxonomy":"product_tag","embeddable":true,"href":"https:\/\/mnzp.pl\/ksiegarnia\/index.php\/wp-json\/wp\/v2\/product_tag?post=64"}],"curies":[{"name":"wp","href":"https:\/\/api.w.org\/{rel}","templated":true}]}}