{"id":635,"date":"2021-10-27T15:26:57","date_gmt":"2021-10-27T13:26:57","guid":{"rendered":"https:\/\/mnzp.pl\/ksiegarnia\/?post_type=product&#038;p=635"},"modified":"2022-11-30T11:29:32","modified_gmt":"2022-11-30T10:29:32","slug":"gorzko-plakaty-autorskie-leszka-zebrowskiego","status":"publish","type":"product","link":"https:\/\/mnzp.pl\/ksiegarnia\/index.php\/produkt\/gorzko-plakaty-autorskie-leszka-zebrowskiego\/","title":{"rendered":"Gorzko. Plakaty autorskie Leszka \u017bebrowskiego"},"content":{"rendered":"<p>Publikacja jest katalogiem do wystawy czasowej prezentowanej w Muzeum Narodowym Ziemi Przemyskiej w pa\u017adzierniku 2019 roku.<br \/>\nLeszek \u017bebrowski zajmuje plakatem, malarstwem, scenografi\u0105 i filmem. Absolwent Wy\u017cszej Szko\u0142y Sztuk Plastycznych w Gda\u0144sku na wydziale projektowania graficznego w pracowni prof. Jerzego Krechowicza. Profesor nadzwyczajny Akademii Sztuki w Szczecinie. Jest fascynatem rysunku, organizuje akcje plastyczne i warsztaty. Mieszka w Szczecinie i Szelkowie Nowym ko\u0142o Makowa Mazowieckiego. Najbardziej znany jako autor ponad 400 wydanych drukiem plakat\u00f3w \u2013 najcz\u0119\u015bciej o tematyce kulturalnej. Opr\u00f3cz plakat\u00f3w komputerowych, artysta tworzy tak\u017ce prace oparte na tradycyjnym warsztacie rysunkowym, s\u0105 to najcz\u0119\u015bciej pastele na barwnym kartonie wykonane w formacie identycznym jak drukowany z nich plakat. Otrzyma\u0142 ponad 30 nagr\u00f3d, w tym wiele mi\u0119dzynarodowych na najwa\u017cniejszych przegl\u0105dach plakatu w Warszawie, Moskwie, Teheranie, Mons, Charkowie, Tuluzie i Rzeszowie.<\/p>\n","protected":false},"excerpt":{"rendered":"<h2>Leszek \u017bebrowski<\/h2>\n","protected":false},"featured_media":636,"comment_status":"open","ping_status":"closed","template":"","meta":[],"product_brand":[],"product_cat":[16],"product_tag":[63,97,108],"class_list":{"0":"post-635","1":"product","2":"type-product","3":"status-publish","4":"has-post-thumbnail","6":"product_cat-ksiazki","7":"product_tag-katalog","8":"product_tag-plakat","9":"product_tag-wystawa-czasowa","11":"first","12":"instock","13":"shipping-taxable","14":"purchasable","15":"product-type-simple"},"_links":{"self":[{"href":"https:\/\/mnzp.pl\/ksiegarnia\/index.php\/wp-json\/wp\/v2\/product\/635","targetHints":{"allow":["GET"]}}],"collection":[{"href":"https:\/\/mnzp.pl\/ksiegarnia\/index.php\/wp-json\/wp\/v2\/product"}],"about":[{"href":"https:\/\/mnzp.pl\/ksiegarnia\/index.php\/wp-json\/wp\/v2\/types\/product"}],"replies":[{"embeddable":true,"href":"https:\/\/mnzp.pl\/ksiegarnia\/index.php\/wp-json\/wp\/v2\/comments?post=635"}],"wp:featuredmedia":[{"embeddable":true,"href":"https:\/\/mnzp.pl\/ksiegarnia\/index.php\/wp-json\/wp\/v2\/media\/636"}],"wp:attachment":[{"href":"https:\/\/mnzp.pl\/ksiegarnia\/index.php\/wp-json\/wp\/v2\/media?parent=635"}],"wp:term":[{"taxonomy":"product_brand","embeddable":true,"href":"https:\/\/mnzp.pl\/ksiegarnia\/index.php\/wp-json\/wp\/v2\/product_brand?post=635"},{"taxonomy":"product_cat","embeddable":true,"href":"https:\/\/mnzp.pl\/ksiegarnia\/index.php\/wp-json\/wp\/v2\/product_cat?post=635"},{"taxonomy":"product_tag","embeddable":true,"href":"https:\/\/mnzp.pl\/ksiegarnia\/index.php\/wp-json\/wp\/v2\/product_tag?post=635"}],"curies":[{"name":"wp","href":"https:\/\/api.w.org\/{rel}","templated":true}]}}