{"id":633,"date":"2021-10-27T14:55:17","date_gmt":"2021-10-27T12:55:17","guid":{"rendered":"https:\/\/mnzp.pl\/ksiegarnia\/?post_type=product&#038;p=633"},"modified":"2024-12-31T10:44:58","modified_gmt":"2024-12-31T09:44:58","slug":"fajka-wojskowa-ze-zbiorow-muzeum-narodowego-ziemi-przemyskiej-oraz-z-kolekcji-tadeusza-wojtuszkiewicza-i-zbyszka-bednarczyka","status":"publish","type":"product","link":"https:\/\/mnzp.pl\/ksiegarnia\/index.php\/produkt\/fajka-wojskowa-ze-zbiorow-muzeum-narodowego-ziemi-przemyskiej-oraz-z-kolekcji-tadeusza-wojtuszkiewicza-i-zbyszka-bednarczyka\/","title":{"rendered":"Fajka wojskowa ze zbior\u00f3w Muzeum Narodowego Ziemi Przemyskiej oraz z kolekcji Tadeusza Wojtuszkiewicza i Zbyszka Bednarczyka"},"content":{"rendered":"<p>Publikacja jest informatorem wystawy czasowej zorganizowanej w 2014 roku w zwi\u0105zku z setn\u0105 rocznic\u0105 wybuchu I wojny \u015bwiatowej przez Muzeum Narodowe Ziemi Przemyskiej. Opr\u00f3cz cz\u0119\u015bci katalogowej obejmuj\u0105cej wizerunki i opisy fajek wojskowych ze zbior\u00f3w MNZP, czytelnik znajdzie w nim r\u00f3wnie\u017c kr\u00f3tk\u0105 histori\u0119 Muzeum Dzwon\u00f3w i Fajek w Przemy\u015blu oraz kr\u00f3tkie eseje kolekcjoner\u00f3w Tadeusza Wojtuszkiewicza i Zbyszka Bednaczyka. Ca\u0142o\u015b\u0107 dope\u0142nia artyku\u0142 Antoniego Sarkady &#8222;Przygoda przy lulce&#8221; Przypomnienie strasznego J\u00f3zefa, omawiaj\u0105cy tekst poetycki zamieszczony w czasopi\u015bmie &#8222;Przyjaciel Ludu&#8221; w 1841 roku, wzmiankuj\u0105cy o obyczaju palenia tytoniu w Polsce.<\/p>\n","protected":false},"excerpt":{"rendered":"<h2>Urszula Olbromska<\/h2>\n","protected":false},"featured_media":634,"comment_status":"open","ping_status":"closed","template":"","meta":[],"product_brand":[],"product_cat":[16],"product_tag":[105,63,107,109,108,106],"class_list":{"0":"post-633","1":"product","2":"type-product","3":"status-publish","4":"has-post-thumbnail","6":"product_cat-ksiazki","7":"product_tag-fajkarstwo","8":"product_tag-katalog","9":"product_tag-kolekcje","10":"product_tag-muzeum-dzwonow-i-fajek","11":"product_tag-wystawa-czasowa","12":"product_tag-zbiory","14":"first","15":"outofstock","16":"shipping-taxable","17":"purchasable","18":"product-type-simple"},"_links":{"self":[{"href":"https:\/\/mnzp.pl\/ksiegarnia\/index.php\/wp-json\/wp\/v2\/product\/633","targetHints":{"allow":["GET"]}}],"collection":[{"href":"https:\/\/mnzp.pl\/ksiegarnia\/index.php\/wp-json\/wp\/v2\/product"}],"about":[{"href":"https:\/\/mnzp.pl\/ksiegarnia\/index.php\/wp-json\/wp\/v2\/types\/product"}],"replies":[{"embeddable":true,"href":"https:\/\/mnzp.pl\/ksiegarnia\/index.php\/wp-json\/wp\/v2\/comments?post=633"}],"wp:featuredmedia":[{"embeddable":true,"href":"https:\/\/mnzp.pl\/ksiegarnia\/index.php\/wp-json\/wp\/v2\/media\/634"}],"wp:attachment":[{"href":"https:\/\/mnzp.pl\/ksiegarnia\/index.php\/wp-json\/wp\/v2\/media?parent=633"}],"wp:term":[{"taxonomy":"product_brand","embeddable":true,"href":"https:\/\/mnzp.pl\/ksiegarnia\/index.php\/wp-json\/wp\/v2\/product_brand?post=633"},{"taxonomy":"product_cat","embeddable":true,"href":"https:\/\/mnzp.pl\/ksiegarnia\/index.php\/wp-json\/wp\/v2\/product_cat?post=633"},{"taxonomy":"product_tag","embeddable":true,"href":"https:\/\/mnzp.pl\/ksiegarnia\/index.php\/wp-json\/wp\/v2\/product_tag?post=633"}],"curies":[{"name":"wp","href":"https:\/\/api.w.org\/{rel}","templated":true}]}}