{"id":612,"date":"2021-10-27T15:11:09","date_gmt":"2021-10-27T13:11:09","guid":{"rendered":"https:\/\/mnzp.pl\/ksiegarnia\/?post_type=product&#038;p=612"},"modified":"2022-12-08T10:40:27","modified_gmt":"2022-12-08T09:40:27","slug":"jan-cybis-malarstwo","status":"publish","type":"product","link":"https:\/\/mnzp.pl\/ksiegarnia\/index.php\/produkt\/jan-cybis-malarstwo\/","title":{"rendered":"Jan Cybis. Malarstwo"},"content":{"rendered":"<p>Wydawnictwo jest katalogiem wystawy prezentowanej w Muzeum Narodowym Ziemi Przemyskiej od grudnia 2017 do lutego 2018 roku. Omawia \u017cycie i tw\u00f3rczo\u015b\u0107 jednego z przedstawicieli nurtu kolorystycznego w polskim malarstwie.<\/p>\n<p>Jan Cybis \u2013 niezwykle aktywny cz\u0142onek Komitetu Paryskiego, wieloletni profesor Warszawskiej Akademii Sztuk Pi\u0119knych by\u0142 artyst\u0105, kt\u00f3rego dzia\u0142ania tw\u00f3rcze prowadzone razem z grup\u0105 swych przyjaci\u00f3\u0142 \u2013 malarzy, najpierw we Francji, a nast\u0119pnie po powrocie ju\u017c na miejscu w Polsce zawa\u017cy\u0142y na kszta\u0142cie polskiej edukacji artystycznej w okresie kilku dekad XX w.<\/p>\n<p>W opracowaniu, opr\u00f3cz licznych reprodukcji prac artysty, czytelnik znajdzie artyku\u0142y Joanny Filipczyk z Muzeum \u015al\u0105ska Opolskiego w Opolu pod tytu\u0142em <em>\u201ePo\u0142a\u017c\u0119 sobie troch\u0119 po pejza\u017cu\u201d. Jan Cybis w Plenerze<\/em> oraz Jacka Cybisa <em>Syn malarza czyli malarski syn<\/em>.<\/p>\n","protected":false},"excerpt":{"rendered":"<h2>red. Marek Mikrut, Leszek \u017bebrowski<\/h2>\n","protected":false},"featured_media":613,"comment_status":"open","ping_status":"closed","template":"","meta":[],"product_brand":[],"product_cat":[16],"product_tag":[63,90,93],"class_list":{"0":"post-612","1":"product","2":"type-product","3":"status-publish","4":"has-post-thumbnail","6":"product_cat-ksiazki","7":"product_tag-katalog","8":"product_tag-malarstwo","9":"product_tag-sztuka","11":"first","12":"instock","13":"shipping-taxable","14":"purchasable","15":"product-type-simple"},"_links":{"self":[{"href":"https:\/\/mnzp.pl\/ksiegarnia\/index.php\/wp-json\/wp\/v2\/product\/612","targetHints":{"allow":["GET"]}}],"collection":[{"href":"https:\/\/mnzp.pl\/ksiegarnia\/index.php\/wp-json\/wp\/v2\/product"}],"about":[{"href":"https:\/\/mnzp.pl\/ksiegarnia\/index.php\/wp-json\/wp\/v2\/types\/product"}],"replies":[{"embeddable":true,"href":"https:\/\/mnzp.pl\/ksiegarnia\/index.php\/wp-json\/wp\/v2\/comments?post=612"}],"wp:featuredmedia":[{"embeddable":true,"href":"https:\/\/mnzp.pl\/ksiegarnia\/index.php\/wp-json\/wp\/v2\/media\/613"}],"wp:attachment":[{"href":"https:\/\/mnzp.pl\/ksiegarnia\/index.php\/wp-json\/wp\/v2\/media?parent=612"}],"wp:term":[{"taxonomy":"product_brand","embeddable":true,"href":"https:\/\/mnzp.pl\/ksiegarnia\/index.php\/wp-json\/wp\/v2\/product_brand?post=612"},{"taxonomy":"product_cat","embeddable":true,"href":"https:\/\/mnzp.pl\/ksiegarnia\/index.php\/wp-json\/wp\/v2\/product_cat?post=612"},{"taxonomy":"product_tag","embeddable":true,"href":"https:\/\/mnzp.pl\/ksiegarnia\/index.php\/wp-json\/wp\/v2\/product_tag?post=612"}],"curies":[{"name":"wp","href":"https:\/\/api.w.org\/{rel}","templated":true}]}}