{"id":600,"date":"2022-11-09T13:48:53","date_gmt":"2022-11-09T12:48:53","guid":{"rendered":"https:\/\/mnzp.pl\/ksiegarnia\/?post_type=product&#038;p=600"},"modified":"2022-12-09T15:37:25","modified_gmt":"2022-12-09T14:37:25","slug":"ludwik-cieslik-1904-1990-uspione-miasto-la-ville-endormie","status":"publish","type":"product","link":"https:\/\/mnzp.pl\/ksiegarnia\/index.php\/produkt\/ludwik-cieslik-1904-1990-uspione-miasto-la-ville-endormie\/","title":{"rendered":"Ludwik Cie\u015blik (1904-1990). U\u015bpione miasto &#8211; La ville endormie"},"content":{"rendered":"<p>Publikacja jest katalogiem wystawy czasowej pod tym samym tytu\u0142em zorganizowanej przez Muzeum Narodowe Ziemi Przemyskiej we wsp\u00f3\u0142pracy ze Stanis\u0142awem Cie\u015blikiem \u2013 synem artysty. Jest to pierwsza wystawa po\u015bmiertna Ludwika Cie\u015blika w Polsce, prezentuj\u0105ca jego dorobek od 1939 roku do lat 70. XX w. Bogato ilustrowana ksi\u0105\u017cka jest r\u00f3wnie\u017c opowie\u015bci\u0105 o trudnych losach cz\u0142owieka, kt\u00f3ry w obliczu wojny podj\u0105\u0142 decyzj\u0119 o zmianie nazwiska i ukryciu na zawsze prawdziwej to\u017csamo\u015bci, aby chroni\u0107 siebie i swoj\u0105 rodzin\u0119. Burzliwe czasy \u201erzuci\u0142y\u201d Ludwika Cie\u015blika na emigracj\u0119. Osiad\u0142 w Belgii, gdzie tworzy\u0142 i pracowa\u0142 jako plakacista filmowy. Ksi\u0105\u017cka uwidacznia tak\u017ce jego silny emocjonalny zwi\u0105zek z Przemy\u015blem, w kt\u00f3rym si\u0119 urodzi\u0142 i sp\u0119dzi\u0142 m\u0142odzie\u0144cze lata.<\/p>\n","protected":false},"excerpt":{"rendered":"<h2>Katarzyna Winiarska<\/h2>\n","protected":false},"featured_media":601,"comment_status":"open","ping_status":"closed","template":"","meta":[],"product_brand":[],"product_cat":[16],"product_tag":[92,63,90,91,93,108],"class_list":{"0":"post-600","1":"product","2":"type-product","3":"status-publish","4":"has-post-thumbnail","6":"product_cat-ksiazki","7":"product_tag-grafika","8":"product_tag-katalog","9":"product_tag-malarstwo","10":"product_tag-rysunek","11":"product_tag-sztuka","12":"product_tag-wystawa-czasowa","14":"first","15":"instock","16":"shipping-taxable","17":"purchasable","18":"product-type-simple"},"_links":{"self":[{"href":"https:\/\/mnzp.pl\/ksiegarnia\/index.php\/wp-json\/wp\/v2\/product\/600","targetHints":{"allow":["GET"]}}],"collection":[{"href":"https:\/\/mnzp.pl\/ksiegarnia\/index.php\/wp-json\/wp\/v2\/product"}],"about":[{"href":"https:\/\/mnzp.pl\/ksiegarnia\/index.php\/wp-json\/wp\/v2\/types\/product"}],"replies":[{"embeddable":true,"href":"https:\/\/mnzp.pl\/ksiegarnia\/index.php\/wp-json\/wp\/v2\/comments?post=600"}],"wp:featuredmedia":[{"embeddable":true,"href":"https:\/\/mnzp.pl\/ksiegarnia\/index.php\/wp-json\/wp\/v2\/media\/601"}],"wp:attachment":[{"href":"https:\/\/mnzp.pl\/ksiegarnia\/index.php\/wp-json\/wp\/v2\/media?parent=600"}],"wp:term":[{"taxonomy":"product_brand","embeddable":true,"href":"https:\/\/mnzp.pl\/ksiegarnia\/index.php\/wp-json\/wp\/v2\/product_brand?post=600"},{"taxonomy":"product_cat","embeddable":true,"href":"https:\/\/mnzp.pl\/ksiegarnia\/index.php\/wp-json\/wp\/v2\/product_cat?post=600"},{"taxonomy":"product_tag","embeddable":true,"href":"https:\/\/mnzp.pl\/ksiegarnia\/index.php\/wp-json\/wp\/v2\/product_tag?post=600"}],"curies":[{"name":"wp","href":"https:\/\/api.w.org\/{rel}","templated":true}]}}