{"id":597,"date":"2022-11-09T13:48:34","date_gmt":"2022-11-09T12:48:34","guid":{"rendered":"https:\/\/mnzp.pl\/ksiegarnia\/?post_type=product&#038;p=597"},"modified":"2024-10-26T11:48:23","modified_gmt":"2024-10-26T09:48:23","slug":"zolnierskie-pamietniki-1914-1918","status":"publish","type":"product","link":"https:\/\/mnzp.pl\/ksiegarnia\/index.php\/produkt\/zolnierskie-pamietniki-1914-1918\/","title":{"rendered":"\u017bo\u0142nierskie Pami\u0119tniki 1914-1918"},"content":{"rendered":"<p>Publikacja <em>\u017bo\u0142nierskie Pami\u0119tniki 1914-1918<\/em> przygotowana ostatecznie do druku w Muzeum Narodowym Ziemi Przemyskiej i oddawana niniejszym do r\u0105k Czytelnika jest wydawnictwem nietypowym. Termin \u201epami\u0119tnik, pami\u0119tniki\u201d, za S\u0142ownikiem J\u0119zyka Polskiego, wskazuje na \u201eutw\u00f3r literacki zawieraj\u0105cy opisy wydarze\u0144, oparte na bezpo\u015bredniej obserwacji autora, jego wspomnieniach i prze\u017cyciach\u201d. W przypadku tego wydawnictwa regu\u0142a ta obowi\u0105zuje tylko po\u0142owicznie. Alojzy Trojanowski jest autorem r\u0119kopi\u015bmiennych dziennik\u00f3w relacjonuj\u0105cych codzienne wydarzenia, jakie by\u0142y udzia\u0142em m\u0142odego \u017co\u0142nierza rzuconego w wir Wielkiej Wojny. Zapiski te, zawieraj\u0105ce r\u00f3wnie\u017c komentarze i rysunki, chronione najpierw przez autora podczas wojennej tu\u0142aczki, nast\u0119pnie z pieczo\u0142owito\u015bci\u0105\u00a0 przechowane przez rodzin\u0119, na pocz\u0105tku lat 90. XX wieku zosta\u0142y odczytane z r\u0119kopis\u00f3w i opracowane przez syna Alojzego \u2013 W\u0142adys\u0142awa i w 1992 roku \u201ewydane\u201d w maszynopisie w kilku egzemplarzach dla najbli\u017cszej rodziny. To w\u0142a\u015bnie W\u0142adys\u0142aw nada\u0142 tym diariuszowym zapiskom charakter pami\u0119tnik\u00f3w i zbeletryzowa\u0142 je. Pos\u0142uguj\u0105c si\u0119 tekstem dziennik\u00f3w, nie zawsze przytacza\u0142 tekst w oryginale, a odtwarzaj\u0105c wojenne losy ojca, opar\u0142 si\u0119 r\u00f3wnie\u017c na ustnych przekazach obojga rodzic\u00f3w i na korespondencji. W ten spos\u00f3b powsta\u0142o dzie\u0142o o nowym charakterze, maj\u0105ce w zasadzie dw\u00f3ch autor\u00f3w. Zesp\u00f3\u0142 redakcyjny MNZP doceniaj\u0105c walory tego opracowania, postanowi\u0142 poda\u0107 je do druku w takiej w\u0142a\u015bnie formie, opatruj\u0105c stosownymi przypisami z komentarzami.<\/p>\n","protected":false},"excerpt":{"rendered":"<h2>Alojzy Trojanowski<\/h2>\n","protected":false},"featured_media":598,"comment_status":"open","ping_status":"closed","template":"","meta":[],"product_brand":[],"product_cat":[16],"product_tag":[133,82,86,83,78],"class_list":{"0":"post-597","1":"product","2":"type-product","3":"status-publish","4":"has-post-thumbnail","6":"product_cat-ksiazki","7":"product_tag-biografie","8":"product_tag-i-wojna-swiatowa","9":"product_tag-pamietniki","10":"product_tag-wielka-wojna","11":"product_tag-wspomnienia","13":"first","14":"instock","15":"shipping-taxable","16":"purchasable","17":"product-type-simple"},"_links":{"self":[{"href":"https:\/\/mnzp.pl\/ksiegarnia\/index.php\/wp-json\/wp\/v2\/product\/597","targetHints":{"allow":["GET"]}}],"collection":[{"href":"https:\/\/mnzp.pl\/ksiegarnia\/index.php\/wp-json\/wp\/v2\/product"}],"about":[{"href":"https:\/\/mnzp.pl\/ksiegarnia\/index.php\/wp-json\/wp\/v2\/types\/product"}],"replies":[{"embeddable":true,"href":"https:\/\/mnzp.pl\/ksiegarnia\/index.php\/wp-json\/wp\/v2\/comments?post=597"}],"wp:featuredmedia":[{"embeddable":true,"href":"https:\/\/mnzp.pl\/ksiegarnia\/index.php\/wp-json\/wp\/v2\/media\/598"}],"wp:attachment":[{"href":"https:\/\/mnzp.pl\/ksiegarnia\/index.php\/wp-json\/wp\/v2\/media?parent=597"}],"wp:term":[{"taxonomy":"product_brand","embeddable":true,"href":"https:\/\/mnzp.pl\/ksiegarnia\/index.php\/wp-json\/wp\/v2\/product_brand?post=597"},{"taxonomy":"product_cat","embeddable":true,"href":"https:\/\/mnzp.pl\/ksiegarnia\/index.php\/wp-json\/wp\/v2\/product_cat?post=597"},{"taxonomy":"product_tag","embeddable":true,"href":"https:\/\/mnzp.pl\/ksiegarnia\/index.php\/wp-json\/wp\/v2\/product_tag?post=597"}],"curies":[{"name":"wp","href":"https:\/\/api.w.org\/{rel}","templated":true}]}}