{"id":594,"date":"2022-11-09T13:47:47","date_gmt":"2022-11-09T12:47:47","guid":{"rendered":"https:\/\/mnzp.pl\/ksiegarnia\/?post_type=product&#038;p=594"},"modified":"2022-12-09T15:27:40","modified_gmt":"2022-12-09T14:27:40","slug":"legionistow-wspomnienia-niedokonczone-szpital-rezerwowy-czerwonego-krzyza-ss-niepokalanek-w-jaroslawiu-1914-1917","status":"publish","type":"product","link":"https:\/\/mnzp.pl\/ksiegarnia\/index.php\/produkt\/legionistow-wspomnienia-niedokonczone-szpital-rezerwowy-czerwonego-krzyza-ss-niepokalanek-w-jaroslawiu-1914-1917\/","title":{"rendered":"Legionist\u00f3w wspomnienia niedoko\u0144czone\u2026 Szpital rezerwowy Czerwonego Krzy\u017ca ss. niepokalanek w Jaros\u0142awiu (1914-1917)"},"content":{"rendered":"<p>Podczas pierwszej wojny \u015bwiatowej (w latach 1914 \u2013 1917) na terenie klasztoru si\u00f3str niepokalanek w Jaros\u0142awiu funkcjonowa\u0142 rezerwowy szpital Czerwonego Krzy\u017ca. Po\u015br\u00f3d jego pacjent\u00f3w byli r\u00f3wnie\u017c legioni\u015bci z I, II i III Brygady Legion\u00f3w Polskich.<br \/>\nOpracowanie dr Joanny Lusek \u2013 historyka z Muzeum G\u00f3rno\u015bl\u0105skiego w Bytomiu, zbiera cz\u0119\u015bciowo nieznane i niepublikowane do tej pory materia\u0142y zdeponowane w archiwach zakonnych Zgromadzenia Si\u00f3str Niepokalanego Pocz\u0119cia NMP. W ksi\u0105\u017cce znajdziemy kronik\u0119 szpitala wojskowego, notatki, wiersze oraz wspomnienia pozostawione przez leczonych \u017co\u0142nierzy, dzi\u0119ki kt\u00f3rym b\u0119dziemy mogli odby\u0107 czytelnicz\u0105 podr\u00f3\u017c do Jaros\u0142awia i okolic z czas\u00f3w wielkiej wojny.<\/p>\n","protected":false},"excerpt":{"rendered":"<h2>Joanna Lusek<\/h2>\n","protected":false},"featured_media":595,"comment_status":"open","ping_status":"closed","template":"","meta":[],"product_brand":[],"product_cat":[16],"product_tag":[64,82,81,80,79,83,78],"class_list":{"0":"post-594","1":"product","2":"type-product","3":"status-publish","4":"has-post-thumbnail","6":"product_cat-ksiazki","7":"product_tag-historia","8":"product_tag-i-wojna-swiatowa","9":"product_tag-jaroslaw","10":"product_tag-legionisci","11":"product_tag-legiony-polskie","12":"product_tag-wielka-wojna","13":"product_tag-wspomnienia","15":"first","16":"instock","17":"shipping-taxable","18":"purchasable","19":"product-type-simple"},"_links":{"self":[{"href":"https:\/\/mnzp.pl\/ksiegarnia\/index.php\/wp-json\/wp\/v2\/product\/594","targetHints":{"allow":["GET"]}}],"collection":[{"href":"https:\/\/mnzp.pl\/ksiegarnia\/index.php\/wp-json\/wp\/v2\/product"}],"about":[{"href":"https:\/\/mnzp.pl\/ksiegarnia\/index.php\/wp-json\/wp\/v2\/types\/product"}],"replies":[{"embeddable":true,"href":"https:\/\/mnzp.pl\/ksiegarnia\/index.php\/wp-json\/wp\/v2\/comments?post=594"}],"wp:featuredmedia":[{"embeddable":true,"href":"https:\/\/mnzp.pl\/ksiegarnia\/index.php\/wp-json\/wp\/v2\/media\/595"}],"wp:attachment":[{"href":"https:\/\/mnzp.pl\/ksiegarnia\/index.php\/wp-json\/wp\/v2\/media?parent=594"}],"wp:term":[{"taxonomy":"product_brand","embeddable":true,"href":"https:\/\/mnzp.pl\/ksiegarnia\/index.php\/wp-json\/wp\/v2\/product_brand?post=594"},{"taxonomy":"product_cat","embeddable":true,"href":"https:\/\/mnzp.pl\/ksiegarnia\/index.php\/wp-json\/wp\/v2\/product_cat?post=594"},{"taxonomy":"product_tag","embeddable":true,"href":"https:\/\/mnzp.pl\/ksiegarnia\/index.php\/wp-json\/wp\/v2\/product_tag?post=594"}],"curies":[{"name":"wp","href":"https:\/\/api.w.org\/{rel}","templated":true}]}}