{"id":592,"date":"2022-11-09T13:48:13","date_gmt":"2022-11-09T12:48:13","guid":{"rendered":"https:\/\/mnzp.pl\/ksiegarnia\/?post_type=product&#038;p=592"},"modified":"2024-10-26T11:48:41","modified_gmt":"2024-10-26T09:48:41","slug":"3-pory-zycia-tradycje-i-obrzedy-rodzinne-ziemi-przemyskiej","status":"publish","type":"product","link":"https:\/\/mnzp.pl\/ksiegarnia\/index.php\/produkt\/3-pory-zycia-tradycje-i-obrzedy-rodzinne-ziemi-przemyskiej\/","title":{"rendered":"3 pory \u017cycia. Tradycje i obrz\u0119dy rodzinne ziemi przemyskiej"},"content":{"rendered":"<p>W 2019 roku ukaza\u0142a si\u0119 ksi\u0105\u017cka 4 pory roku. O pracy i \u015bwi\u0119towaniu na ziemi przemyskiej autorstwa Ma\u0142gorzaty Dziury. Kontynuacj\u0105 opowie\u015bci o tradycjach wsi Pog\u00f3rza Przemyskiego i Pog\u00f3rza Dynowskiego jest wydana w 2022 roku publikacja zatytu\u0142owana 3 pory \u017cycia. Tradycje i obrz\u0119dy rodzinne ziemi przemyskiej, pokazuj\u0105ca pi\u0119kno obrz\u0119dowo\u015bci rodzinnej, jej przemijanie, ale tak\u017ce kontynuacje i przemiany od pocz\u0105tku XX wieku, a niekiedy znacznie wcze\u015bniej, a\u017c do wsp\u00f3\u0142czesno\u015bci. W ksi\u0105\u017cce tej Czytelnik jest prowadzony w rytmie \u017cycia cz\u0142owieka \u2013 od narodzin, przez dojrza\u0142o\u015b\u0107, po staro\u015b\u0107 i \u015bmier\u0107. W jednym miejscu mo\u017cna znale\u017a\u0107 opis zwyczaj\u00f3w zwi\u0105zanych z chrztem, pierwsz\u0105 komuni\u0105 \u015bwi\u0119t\u0105, imieninami, urodzinami, \u015blubem, weselem, pogrzebem. W s\u0142owach \u201eod ko\u0142yski do grobowej deski\u201d mie\u015bci si\u0119 ca\u0142a tre\u015b\u0107 tej monografii. Autorka pokazuje rodzinne \u015bwi\u0119towanie i inne uroczysto\u015bci, kt\u00f3re \u0142\u0105cz\u0105 ludzi i sprawiaj\u0105, \u017ce \u0142atwiej pokonywa\u0107 trudy dnia codziennego.<\/p>\n","protected":false},"excerpt":{"rendered":"<h2>Ma\u0142gorzata Dziura<\/h2>\n","protected":false},"featured_media":593,"comment_status":"open","ping_status":"closed","template":"","meta":[],"product_brand":[],"product_cat":[16],"product_tag":[72,70,146,74,73,71],"class_list":{"0":"post-592","1":"product","2":"type-product","3":"status-publish","4":"has-post-thumbnail","6":"product_cat-ksiazki","7":"product_tag-chrzciny","8":"product_tag-etnografia","9":"product_tag-kultura-ludowa","10":"product_tag-pogrzeb","11":"product_tag-slub","12":"product_tag-zwyczaje-rodzinne","14":"first","15":"instock","16":"shipping-taxable","17":"purchasable","18":"product-type-simple"},"_links":{"self":[{"href":"https:\/\/mnzp.pl\/ksiegarnia\/index.php\/wp-json\/wp\/v2\/product\/592","targetHints":{"allow":["GET"]}}],"collection":[{"href":"https:\/\/mnzp.pl\/ksiegarnia\/index.php\/wp-json\/wp\/v2\/product"}],"about":[{"href":"https:\/\/mnzp.pl\/ksiegarnia\/index.php\/wp-json\/wp\/v2\/types\/product"}],"replies":[{"embeddable":true,"href":"https:\/\/mnzp.pl\/ksiegarnia\/index.php\/wp-json\/wp\/v2\/comments?post=592"}],"wp:featuredmedia":[{"embeddable":true,"href":"https:\/\/mnzp.pl\/ksiegarnia\/index.php\/wp-json\/wp\/v2\/media\/593"}],"wp:attachment":[{"href":"https:\/\/mnzp.pl\/ksiegarnia\/index.php\/wp-json\/wp\/v2\/media?parent=592"}],"wp:term":[{"taxonomy":"product_brand","embeddable":true,"href":"https:\/\/mnzp.pl\/ksiegarnia\/index.php\/wp-json\/wp\/v2\/product_brand?post=592"},{"taxonomy":"product_cat","embeddable":true,"href":"https:\/\/mnzp.pl\/ksiegarnia\/index.php\/wp-json\/wp\/v2\/product_cat?post=592"},{"taxonomy":"product_tag","embeddable":true,"href":"https:\/\/mnzp.pl\/ksiegarnia\/index.php\/wp-json\/wp\/v2\/product_tag?post=592"}],"curies":[{"name":"wp","href":"https:\/\/api.w.org\/{rel}","templated":true}]}}