{"id":585,"date":"2022-10-27T14:55:46","date_gmt":"2022-10-27T12:55:46","guid":{"rendered":"https:\/\/mnzp.pl\/ksiegarnia\/?post_type=product&#038;p=585"},"modified":"2024-12-31T10:50:23","modified_gmt":"2024-12-31T09:50:23","slug":"przemyskie-dzielnice-i-ich-tajemnice","status":"publish","type":"product","link":"https:\/\/mnzp.pl\/ksiegarnia\/index.php\/produkt\/przemyskie-dzielnice-i-ich-tajemnice\/","title":{"rendered":"Przemyskie dzielnice i ich tajemnice"},"content":{"rendered":"<p>Wydawnictwo stanowi zebrany zbi\u00f3r artyku\u0142\u00f3w nie\u017cyj\u0105cego ju\u017c dziennikarza,\u00a0 przewodnika PTTK zawodowo zwi\u0105zanego z biurem promocji Urz\u0119du Miasta a wcze\u015bniej Muzeum. Na publikacj\u0119 sk\u0142ada si\u0119 \u0142\u0105cznie 47 w\u0119dr\u00f3wek, w kt\u00f3re Autor zabiera nas po dzielnicach Przemy\u015bla, opowiadaj\u0105c o ich historii, zabytkach i zwi\u0105zanych z nimi postaciach. Ksi\u0105\u017cka wydaje si\u0119 odpowiednia dla szerokiego grona odbiorc\u00f3w: Przemy\u015blan, pasjonat\u00f3w naszego miasta, uczni\u00f3w a tak\u017ce turyst\u00f3w.<\/p>\n","protected":false},"excerpt":{"rendered":"<h2>Dariusz Hop<\/h2>\n<p>Wydawnictwo stanowi zebrany zbi\u00f3r artyku\u0142\u00f3w nie\u017cyj\u0105cego ju\u017c dziennikarza,\u00a0 przewodnika PTTK zawodowo zwi\u0105zanego z biurem promocji Urz\u0119du Miasta a wcze\u015bniej Muzeum.<\/p>\n","protected":false},"featured_media":586,"comment_status":"open","ping_status":"closed","template":"","meta":[],"product_brand":[],"product_cat":[16],"product_tag":[142,64,58,57],"class_list":{"0":"post-585","1":"product","2":"type-product","3":"status-publish","4":"has-post-thumbnail","6":"product_cat-ksiazki","7":"product_tag-biblioteczka-historyczna-mnzp","8":"product_tag-historia","9":"product_tag-przemysl","10":"product_tag-przewodnik","12":"first","13":"outofstock","14":"shipping-taxable","15":"purchasable","16":"product-type-simple"},"_links":{"self":[{"href":"https:\/\/mnzp.pl\/ksiegarnia\/index.php\/wp-json\/wp\/v2\/product\/585","targetHints":{"allow":["GET"]}}],"collection":[{"href":"https:\/\/mnzp.pl\/ksiegarnia\/index.php\/wp-json\/wp\/v2\/product"}],"about":[{"href":"https:\/\/mnzp.pl\/ksiegarnia\/index.php\/wp-json\/wp\/v2\/types\/product"}],"replies":[{"embeddable":true,"href":"https:\/\/mnzp.pl\/ksiegarnia\/index.php\/wp-json\/wp\/v2\/comments?post=585"}],"wp:featuredmedia":[{"embeddable":true,"href":"https:\/\/mnzp.pl\/ksiegarnia\/index.php\/wp-json\/wp\/v2\/media\/586"}],"wp:attachment":[{"href":"https:\/\/mnzp.pl\/ksiegarnia\/index.php\/wp-json\/wp\/v2\/media?parent=585"}],"wp:term":[{"taxonomy":"product_brand","embeddable":true,"href":"https:\/\/mnzp.pl\/ksiegarnia\/index.php\/wp-json\/wp\/v2\/product_brand?post=585"},{"taxonomy":"product_cat","embeddable":true,"href":"https:\/\/mnzp.pl\/ksiegarnia\/index.php\/wp-json\/wp\/v2\/product_cat?post=585"},{"taxonomy":"product_tag","embeddable":true,"href":"https:\/\/mnzp.pl\/ksiegarnia\/index.php\/wp-json\/wp\/v2\/product_tag?post=585"}],"curies":[{"name":"wp","href":"https:\/\/api.w.org\/{rel}","templated":true}]}}