{"id":574,"date":"2022-09-19T15:24:31","date_gmt":"2022-09-19T13:24:31","guid":{"rendered":"https:\/\/mnzp.pl\/ksiegarnia\/?post_type=product&#038;p=574"},"modified":"2023-11-20T10:00:00","modified_gmt":"2023-11-20T09:00:00","slug":"ku-sloncu-wyniki-badan-i-prac-konserwatorskich-parasolek-ze-zbiorow-muzeum-narodowego-ziemi-przemyskiej","status":"publish","type":"product","link":"https:\/\/mnzp.pl\/ksiegarnia\/index.php\/produkt\/ku-sloncu-wyniki-badan-i-prac-konserwatorskich-parasolek-ze-zbiorow-muzeum-narodowego-ziemi-przemyskiej\/","title":{"rendered":"Ku s\u0142o\u0144cu. Wyniki bada\u0144 i prac konserwatorskich parasolek ze zbior\u00f3w Muzeum Narodowego Ziemi Przemyskiej"},"content":{"rendered":"<p>Opracowanie stanowi katalog i dwa teksty odnosz\u0105ce si\u0119 do wystawy <em>Ku S\u0142o\u0144cu. Wyniki bada\u0144 i prac konserwatorskich parasolek ze zbior\u00f3w Muzeum Narodowego Ziemi Przemyskiej<\/em>, kt\u00f3r\u0105 prezentowano w sierpniu 2022 w Muzeum Historii Miasta Przemy\u015bla \u2013 Oddziale Muzeum Narodowego Ziemi Przemyskiej. W bogato ilustrowanej publikacji pokazano wybrane parasolki ze zbior\u00f3w przemyskiego Muzeum, efektowne przyk\u0142ady sztuki parasolniczej, reprezentuj\u0105ce spektakularne dekoracje pokry\u0107 i r\u0105czek \u2013 od czas\u00f3w p\u00f3\u017anego biedermeieru do schy\u0142ku secesji. My\u015bl\u0105 przewodni\u0105 towarzysz\u0105cego wystawie opracowania jest zaprezentowanie najwa\u017cniejszych i najciekawszych efekt\u00f3w dzia\u0142a\u0144 konserwatorskich, wynik\u00f3w bada\u0144 i prac konserwatorskich oraz ich metodyki \u2013 zrealizowanych przez Muzeum w latach 1983-2022. Ksi\u0105\u017cka zawiera artyku\u0142y: B\u0142a\u017ceja Szyszkowskiego \u201eWok\u00f3\u0142 zagadnie\u0144 konserwacji parasolek z przemyskiego muzeum\u201d, Magdaleny \u017bmudy \u201eParasol przeciws\u0142oneczny Marii Heydowej ze zbior\u00f3w Muzeum Narodowego Ziemi Przemyskiej (nr inw. MPH-253) \u2013 kr\u00f3tka charakterystyka oraz wybrane zagadnienia zwi\u0105zane z jego konserwacj\u0105\u201d oraz katalog \u2013 z opisem i fotografiami prezentowanych na wystawie parasolek \u2013 kt\u00f3ry opracowa\u0142 B\u0142a\u017cej Szyszkowski. Wydawnictwo liczy 108 stron, 53 kolorowe i 16 czarno-bia\u0142ych ilustracji.<\/p>\n","protected":false},"excerpt":{"rendered":"<h2>B\u0142a\u017cej Szyszkowski<\/h2>\n<p>Opracowanie stanowi katalog i dwa teksty odnosz\u0105ce si\u0119 do wystawy <em>Ku S\u0142o\u0144cu. Wyniki bada\u0144 i prac konserwatorskich parasolek ze zbior\u00f3w Muzeum Narodowego Ziemi Przemyskiej<\/em>, kt\u00f3r\u0105 prezentowano w sierpniu 2022 w Muzeum Historii Miasta Przemy\u015bla \u2013 Oddziale Muzeum Narodowego Ziemi Przemyskiej.<\/p>\n","protected":false},"featured_media":575,"comment_status":"open","ping_status":"closed","template":"","meta":[],"product_brand":[],"product_cat":[16],"product_tag":[63,60,61,62],"class_list":{"0":"post-574","1":"product","2":"type-product","3":"status-publish","4":"has-post-thumbnail","6":"product_cat-ksiazki","7":"product_tag-katalog","8":"product_tag-konserwacja","9":"product_tag-muzealia","10":"product_tag-rzemioslo","12":"first","13":"instock","14":"shipping-taxable","15":"purchasable","16":"product-type-simple"},"_links":{"self":[{"href":"https:\/\/mnzp.pl\/ksiegarnia\/index.php\/wp-json\/wp\/v2\/product\/574","targetHints":{"allow":["GET"]}}],"collection":[{"href":"https:\/\/mnzp.pl\/ksiegarnia\/index.php\/wp-json\/wp\/v2\/product"}],"about":[{"href":"https:\/\/mnzp.pl\/ksiegarnia\/index.php\/wp-json\/wp\/v2\/types\/product"}],"replies":[{"embeddable":true,"href":"https:\/\/mnzp.pl\/ksiegarnia\/index.php\/wp-json\/wp\/v2\/comments?post=574"}],"wp:featuredmedia":[{"embeddable":true,"href":"https:\/\/mnzp.pl\/ksiegarnia\/index.php\/wp-json\/wp\/v2\/media\/575"}],"wp:attachment":[{"href":"https:\/\/mnzp.pl\/ksiegarnia\/index.php\/wp-json\/wp\/v2\/media?parent=574"}],"wp:term":[{"taxonomy":"product_brand","embeddable":true,"href":"https:\/\/mnzp.pl\/ksiegarnia\/index.php\/wp-json\/wp\/v2\/product_brand?post=574"},{"taxonomy":"product_cat","embeddable":true,"href":"https:\/\/mnzp.pl\/ksiegarnia\/index.php\/wp-json\/wp\/v2\/product_cat?post=574"},{"taxonomy":"product_tag","embeddable":true,"href":"https:\/\/mnzp.pl\/ksiegarnia\/index.php\/wp-json\/wp\/v2\/product_tag?post=574"}],"curies":[{"name":"wp","href":"https:\/\/api.w.org\/{rel}","templated":true}]}}