{"id":53,"date":"2021-10-26T15:53:06","date_gmt":"2021-10-26T13:53:06","guid":{"rendered":"https:\/\/serwer1670446.home.pl\/mnzp\/ksiegarnia\/?post_type=product&#038;p=53"},"modified":"2023-07-19T13:34:08","modified_gmt":"2023-07-19T11:34:08","slug":"zaginiony-swiat-historia-zydow-przemyskich","status":"publish","type":"product","link":"https:\/\/mnzp.pl\/ksiegarnia\/index.php\/produkt\/zaginiony-swiat-historia-zydow-przemyskich\/","title":{"rendered":"Zaginiony \u015bwiat \u2013 historia \u017cyd\u00f3w przemyskich"},"content":{"rendered":"<p>Ludno\u015b\u0107 pochodzenia \u017cydowskiego od wiek\u00f3w stanowi\u0142a nieod\u0142\u0105czny element wielokulturowej i wielonarodowej spo\u0142eczno\u015bci\u00a0 Przemy\u015bla. Autor opowiada histori\u0119 przemyskich \u017byd\u00f3w na przestrzeni wiek\u00f3w, uwzgl\u0119dniaj\u0105c ich\u00a0 r\u00f3\u017cnorodne obyczaje i szeroko poj\u0119t\u0105 kultur\u0119. Wydawnictwo szczeg\u00f3\u0142owo opisuje dzieje przemyskiej gminy izraelickiej oraz udzia\u0142\u00a0 \u017cydowskich mieszka\u0144c\u00f3w w \u017cyciu miasta. Publikacja jest bogato ilustrowana archiwalnymi i wsp\u00f3\u0142czesnymi fotografiami.<\/p>\n","protected":false},"excerpt":{"rendered":"<h3>B\u0142o\u0144ski Jacek<\/h3>\n<p>Autor opowiada histori\u0119 przemyskich \u017byd\u00f3w na przestrzeni wiek\u00f3w, uwzgl\u0119dniaj\u0105c ich\u00a0 r\u00f3\u017cnorodne obyczaje i szeroko poj\u0119t\u0105 kultur\u0119&#8230;<\/p>\n","protected":false},"featured_media":54,"comment_status":"open","ping_status":"closed","template":"","meta":[],"product_brand":[],"product_cat":[16],"product_tag":[66,64,58,119],"class_list":{"0":"post-53","1":"product","2":"type-product","3":"status-publish","4":"has-post-thumbnail","6":"product_cat-ksiazki","7":"product_tag-fotografia","8":"product_tag-historia","9":"product_tag-przemysl","10":"product_tag-zydzi","12":"first","13":"outofstock","14":"shipping-taxable","15":"purchasable","16":"product-type-simple"},"_links":{"self":[{"href":"https:\/\/mnzp.pl\/ksiegarnia\/index.php\/wp-json\/wp\/v2\/product\/53","targetHints":{"allow":["GET"]}}],"collection":[{"href":"https:\/\/mnzp.pl\/ksiegarnia\/index.php\/wp-json\/wp\/v2\/product"}],"about":[{"href":"https:\/\/mnzp.pl\/ksiegarnia\/index.php\/wp-json\/wp\/v2\/types\/product"}],"replies":[{"embeddable":true,"href":"https:\/\/mnzp.pl\/ksiegarnia\/index.php\/wp-json\/wp\/v2\/comments?post=53"}],"wp:featuredmedia":[{"embeddable":true,"href":"https:\/\/mnzp.pl\/ksiegarnia\/index.php\/wp-json\/wp\/v2\/media\/54"}],"wp:attachment":[{"href":"https:\/\/mnzp.pl\/ksiegarnia\/index.php\/wp-json\/wp\/v2\/media?parent=53"}],"wp:term":[{"taxonomy":"product_brand","embeddable":true,"href":"https:\/\/mnzp.pl\/ksiegarnia\/index.php\/wp-json\/wp\/v2\/product_brand?post=53"},{"taxonomy":"product_cat","embeddable":true,"href":"https:\/\/mnzp.pl\/ksiegarnia\/index.php\/wp-json\/wp\/v2\/product_cat?post=53"},{"taxonomy":"product_tag","embeddable":true,"href":"https:\/\/mnzp.pl\/ksiegarnia\/index.php\/wp-json\/wp\/v2\/product_tag?post=53"}],"curies":[{"name":"wp","href":"https:\/\/api.w.org\/{rel}","templated":true}]}}