{"id":399,"date":"2022-04-04T13:40:37","date_gmt":"2022-04-04T11:40:37","guid":{"rendered":"https:\/\/mnzp.pl\/ksiegarnia\/?post_type=product&#038;p=399"},"modified":"2024-07-03T14:43:25","modified_gmt":"2024-07-03T12:43:25","slug":"model-kartonowy-do-samodzielnego-montazu","status":"publish","type":"product","link":"https:\/\/mnzp.pl\/ksiegarnia\/index.php\/produkt\/model-kartonowy-do-samodzielnego-montazu\/","title":{"rendered":"Model kartonowy do samodzielnego monta\u017cu"},"content":{"rendered":"<p>Model kartonowy przedstawiaj\u0105cy architektur\u0119, obiekt militarny, statek, figur\u0119 b\u0105d\u017a element ludowy.<\/p>\n<p>W ofercie naszej ksi\u0119garni znajduj\u0105 si\u0119 nast\u0119puj\u0105ce modele:<\/p>\n<p><b>Modele o tematyce ludowej:<\/b><\/p>\n<ul>\n<li>Kulig \/ brak skali<\/li>\n<li>Skrzynia z Cieszacina \/ brak skali<\/li>\n<li>Kapliczka domowa \/ brak skali<\/li>\n<\/ul>\n<p><b>Architektura:<\/b><\/p>\n<ul>\n<li>Dawny ratusz w Przemy\u015blu \/ 1:200<\/li>\n<li>Stara Synagoga w Przemy\u015blu \/ 1:200<\/li>\n<li>Synagoga Tempel w Przemy\u015blu \/ 1:200<\/li>\n<li>Nowa Synagoga w Przemy\u015blu \/ 1:200<\/li>\n<li>Synagoga na Zasaniu w Przemy\u015blu \/ 1:200<\/li>\n<li>Wie\u017ca Zegarowa w Przemy\u015blu \u2013 model uproszczony \/ 1:200<\/li>\n<li>Wie\u017ca Zegarowa w Przemy\u015blu \u2013 model zaawansowany \/ 1:200<\/li>\n<li>Cerkiew z Kopysna \/ 1:100<\/li>\n<li>Brama Sanocka Dolna w Przemy\u015blu \/ 1:100<\/li>\n<li>Chata huculska \/ 1:100<\/li>\n<li>Kamienica Brzykowska \u2013 Muzeum Historii Miasta Przemy\u015bla \/ 1:200<\/li>\n<li>Grzybek zdrojowy z Truskawca \/ 1:25<\/li>\n<li>Szopka bo\u017conarodzeniowa, do kolorowania &#8211; dla najm\u0142odszych \/ brak skali<\/li>\n<\/ul>\n<p><b>Militarne:<\/b><\/p>\n<ul>\n<li>Samolot Oeffag \/ 1:48<\/li>\n<li>Samolot Nieuport IV \/ brak skali<\/li>\n<li>Niemiecki samolot z I wojny \u015bwiatowej J9 \/ brak skali<\/li>\n<li>Samoch\u00f3d pancerny \u201eTank Pi\u0142sudskiego\u201d \/ 1:35<\/li>\n<li>Dioramka \u201e\u015amia\u0142y\u201d \/ brak skali<\/li>\n<li>Czo\u0142g TKS \/ 1:25<\/li>\n<li>Sterowiec \u201eZeppelin\u201d \/ 1:400<\/li>\n<\/ul>\n<p><b>Statki:<\/b><\/p>\n<ul>\n<li>Jacht \u201eDar Przemy\u015bla\u201d \/ 1-72<\/li>\n<li>Statek wycieczkowy G\u00f3rniak \u201eG3\u201d z dioramk\u0105 \/ 1:100<\/li>\n<\/ul>\n<p><b>Figurki:<\/b><\/p>\n<ul>\n<li>Husarz \/ 1:15<\/li>\n<li>Hetman \/ 1:15<\/li>\n<li>Su\u0142tan \/ 1:15<\/li>\n<li>Janczar \/ 1:15<\/li>\n<\/ul>\n<p><b>Cena dotyczy jednego &#8211; wybranego przez Klienta modelu.<\/b><\/p>\n","protected":false},"excerpt":{"rendered":"<p>Model kartonowy przedstawiaj\u0105cy architektur\u0119, obiekt militarny, statek, figur\u0119 b\u0105d\u017a element ludowy.<\/p>\n<p><b>Cena dotyczy jednego &#8211; wybranego przez Klienta modelu.<\/b><\/p>\n","protected":false},"featured_media":400,"comment_status":"open","ping_status":"closed","template":"","meta":[],"product_brand":[],"product_cat":[49],"product_tag":[],"class_list":{"0":"post-399","1":"product","2":"type-product","3":"status-publish","4":"has-post-thumbnail","6":"product_cat-modele","8":"first","9":"instock","10":"shipping-taxable","11":"purchasable","12":"product-type-variable"},"_links":{"self":[{"href":"https:\/\/mnzp.pl\/ksiegarnia\/index.php\/wp-json\/wp\/v2\/product\/399","targetHints":{"allow":["GET"]}}],"collection":[{"href":"https:\/\/mnzp.pl\/ksiegarnia\/index.php\/wp-json\/wp\/v2\/product"}],"about":[{"href":"https:\/\/mnzp.pl\/ksiegarnia\/index.php\/wp-json\/wp\/v2\/types\/product"}],"replies":[{"embeddable":true,"href":"https:\/\/mnzp.pl\/ksiegarnia\/index.php\/wp-json\/wp\/v2\/comments?post=399"}],"wp:featuredmedia":[{"embeddable":true,"href":"https:\/\/mnzp.pl\/ksiegarnia\/index.php\/wp-json\/wp\/v2\/media\/400"}],"wp:attachment":[{"href":"https:\/\/mnzp.pl\/ksiegarnia\/index.php\/wp-json\/wp\/v2\/media?parent=399"}],"wp:term":[{"taxonomy":"product_brand","embeddable":true,"href":"https:\/\/mnzp.pl\/ksiegarnia\/index.php\/wp-json\/wp\/v2\/product_brand?post=399"},{"taxonomy":"product_cat","embeddable":true,"href":"https:\/\/mnzp.pl\/ksiegarnia\/index.php\/wp-json\/wp\/v2\/product_cat?post=399"},{"taxonomy":"product_tag","embeddable":true,"href":"https:\/\/mnzp.pl\/ksiegarnia\/index.php\/wp-json\/wp\/v2\/product_tag?post=399"}],"curies":[{"name":"wp","href":"https:\/\/api.w.org\/{rel}","templated":true}]}}