{"id":332,"date":"2022-02-03T13:40:19","date_gmt":"2022-02-03T12:40:19","guid":{"rendered":"https:\/\/mnzp.pl\/ksiegarnia\/?post_type=product&#038;p=332"},"modified":"2025-11-25T08:30:50","modified_gmt":"2025-11-25T07:30:50","slug":"lela-zycie-i-tworczosc-anieli-z-wolskich-pawlikowskiej-1901-1980","status":"publish","type":"product","link":"https:\/\/mnzp.pl\/ksiegarnia\/index.php\/produkt\/lela-zycie-i-tworczosc-anieli-z-wolskich-pawlikowskiej-1901-1980\/","title":{"rendered":"Lela. Zycie i tw\u00f3rczo\u015b\u0107 Anieli z Wolskich Pawlikowskiej (1901 \u2013 1980)"},"content":{"rendered":"<p>Bogato ilustrowana (oko\u0142o 400 fotografiami i rycinami) monografia opisuj\u0105ca \u017cycie i tw\u00f3rczo\u015b\u0107 pochodz\u0105cej z podprzemyskiej Medyki Anieli Pawlikowskiej.<\/p>\n<p>Osoba i tw\u00f3rczo\u015b\u0107 Anieli w Wolskich Pawlikowskiej (1901-1980) nie jest szerzej w Polsce znana. Nie ma o niej wzmianki w licz\u0105cych si\u0119 publikacjach o polskim malarstwie okresu mi\u0119dzywojennego i o sztuce lat powojennych. Nazwisko Leli Pawlikowskiej nie figuruje na wydanych po 1945 roku polskich encyklopediach i s\u0142ownikach artyst\u00f3w. Enigmatyczne wspomina si\u0119 o jej tw\u00f3rczo\u015bci w opracowaniach omawiaj\u0105cych polskie \u017cycie artystyczne dwudziestolecia mi\u0119dzywojennego. Nawet pozycje traktuj\u0105ce o dorobku kulturalnym rodzin Wolskich i Pawlikowskich zaledwie o niej napomykaj\u0105, nie wspominaj\u0105c s\u0142owem o jej dokonaniach.<\/p>\n<p>Jej kr\u00f3tk\u0105 notk\u0119 biograficzn\u0105 zamie\u015bci\u0142 natomiast jeden z najbardziej presti\u017cowych s\u0142ownik\u00f3w artyst\u00f3w na \u015bwiecie &#8211; leksykon Thieme-Beckera uzupe\u0142niony przez Hansa Vollmera.<\/p>\n<p>Notka ta po raz pierwszy zosta\u0142a opublikowana w 1956 roku. W tym czasie w polskim pi\u015bmiennictwie o sztuce Lel\u0119 Pawlikowsk\u0105, kt\u00f3ra by\u0142a w\u00f3wczas u szczytu popularno\u015bci na Wyspach Brytyjskich i w zachodniej Europie, pomijano zupe\u0142nym milczeniem. Jest oczywiste, i\u017c taki stan rzeczy spowodowany by\u0142 powojenn\u0105 sytuacj\u0105 polityczn\u0105. Emigracyjna dzia\u0142alno\u015b\u0107 artystki, a tak\u017ce polityczne zaanga\u017cowanie i publicystyka jej m\u0119\u017ca Micha\u0142a Pawlikowskiego by\u0142y jedn\u0105 z podstawowych przyczyn pomijania jej nazwiska w krajowych publikacjach dotycz\u0105cych sztuki polskiej. Mamy nadziej\u0119, \u017ce obecne wydawnictwo wype\u0142ni dotychczasow\u0105 luk\u0119 w pi\u015bmiennictwie o artystach polskich XX wieku.<\/p>\n","protected":false},"excerpt":{"rendered":"<h2>Marta Trojanowska<\/h2>\n<p>Bogato ilustrowana (oko\u0142o 400 fotografiami i rycinami) monografia opisuj\u0105ca \u017cycie i tw\u00f3rczo\u015b\u0107 pochodz\u0105cej z podprzemyskiej Medyki Anieli Pawlikowskiej&#8230;<\/p>\n","protected":false},"featured_media":334,"comment_status":"open","ping_status":"closed","template":"","meta":[],"product_brand":[],"product_cat":[16],"product_tag":[133,92,64,90,91,93],"class_list":{"0":"post-332","1":"product","2":"type-product","3":"status-publish","4":"has-post-thumbnail","6":"product_cat-ksiazki","7":"product_tag-biografie","8":"product_tag-grafika","9":"product_tag-historia","10":"product_tag-malarstwo","11":"product_tag-rysunek","12":"product_tag-sztuka","14":"first","15":"outofstock","16":"shipping-taxable","17":"purchasable","18":"product-type-simple"},"_links":{"self":[{"href":"https:\/\/mnzp.pl\/ksiegarnia\/index.php\/wp-json\/wp\/v2\/product\/332","targetHints":{"allow":["GET"]}}],"collection":[{"href":"https:\/\/mnzp.pl\/ksiegarnia\/index.php\/wp-json\/wp\/v2\/product"}],"about":[{"href":"https:\/\/mnzp.pl\/ksiegarnia\/index.php\/wp-json\/wp\/v2\/types\/product"}],"replies":[{"embeddable":true,"href":"https:\/\/mnzp.pl\/ksiegarnia\/index.php\/wp-json\/wp\/v2\/comments?post=332"}],"wp:featuredmedia":[{"embeddable":true,"href":"https:\/\/mnzp.pl\/ksiegarnia\/index.php\/wp-json\/wp\/v2\/media\/334"}],"wp:attachment":[{"href":"https:\/\/mnzp.pl\/ksiegarnia\/index.php\/wp-json\/wp\/v2\/media?parent=332"}],"wp:term":[{"taxonomy":"product_brand","embeddable":true,"href":"https:\/\/mnzp.pl\/ksiegarnia\/index.php\/wp-json\/wp\/v2\/product_brand?post=332"},{"taxonomy":"product_cat","embeddable":true,"href":"https:\/\/mnzp.pl\/ksiegarnia\/index.php\/wp-json\/wp\/v2\/product_cat?post=332"},{"taxonomy":"product_tag","embeddable":true,"href":"https:\/\/mnzp.pl\/ksiegarnia\/index.php\/wp-json\/wp\/v2\/product_tag?post=332"}],"curies":[{"name":"wp","href":"https:\/\/api.w.org\/{rel}","templated":true}]}}