{"id":328,"date":"2022-02-03T11:51:46","date_gmt":"2022-02-03T10:51:46","guid":{"rendered":"https:\/\/mnzp.pl\/ksiegarnia\/?post_type=product&#038;p=328"},"modified":"2022-12-09T13:23:08","modified_gmt":"2022-12-09T12:23:08","slug":"bohater-wojny-1920-r-general-dywizji-wojska-polskiego-franciszek-krajowski-1861-1932","status":"publish","type":"product","link":"https:\/\/mnzp.pl\/ksiegarnia\/index.php\/produkt\/bohater-wojny-1920-r-general-dywizji-wojska-polskiego-franciszek-krajowski-1861-1932\/","title":{"rendered":"Bohater wojny 1920 r. Genera\u0142 dywizji Wojska Polskiego Franciszek Krajowski (1861-1932)"},"content":{"rendered":"<p>Publikacja szeroko omawiaj\u0105ca posta\u0107 Genera\u0142a dywizji Wojska Polskiego Franciszka Kralicka-Krajowskiego &#8211; jednego z najlepszych dow\u00f3dc\u00f3w Grupy Operacyjnej i dywizji Wojska Polskiego w czasie wojny polsko-sowieckiej 1920 roku. W monografii odtworzono \u017cyciorys genera\u0142a: jego pochodzenie z cesarskiej i kr\u00f3lewskiej armii, przebieg s\u0142u\u017cby wojskowej, zwi\u0105zki z ziemi\u0105 przemysk\u0105 i sanock\u0105, \u017cycie prywatne, oceniono jego spos\u00f3b dowodzenia, wymieniono bitwy stoczone z oddzia\u0142ami rosyjskimi a potem ukrai\u0144skimi i sowieckimi. W pracy podkre\u015blono ogromny wk\u0142ad gen. Krajowskiego w zwyci\u0119stwo polskie nad Sowietami w 1920 roku.<\/p>\n","protected":false},"excerpt":{"rendered":"<p>Publikacja szeroko omawiaj\u0105ca posta\u0107 Genera\u0142a dywizji Wojska Polskiego Franciszka Kralicka-Krajowskiego &#8211; jednego z najlepszych dow\u00f3dc\u00f3w Grupy Operacyjnej i dywizji Wojska Polskiego w czasie wojny polsko-sowieckiej 1920 roku. W monografii odtworzono \u017cyciorys genera\u0142a: jego pochodzenie z cesarskiej i kr\u00f3lewskiej armii, przebieg s\u0142u\u017cby wojskowej, zwi\u0105zki z ziemi\u0105 przemysk\u0105 i sanock\u0105, \u017cycie prywatne, oceniono jego spos\u00f3b dowodzenia, wymieniono [&hellip;]<\/p>\n","protected":false},"featured_media":329,"comment_status":"open","ping_status":"closed","template":"","meta":[],"product_brand":[],"product_cat":[16],"product_tag":[142,133,64],"class_list":{"0":"post-328","1":"product","2":"type-product","3":"status-publish","4":"has-post-thumbnail","6":"product_cat-ksiazki","7":"product_tag-biblioteczka-historyczna-mnzp","8":"product_tag-biografie","9":"product_tag-historia","11":"first","12":"instock","13":"shipping-taxable","14":"purchasable","15":"product-type-simple"},"_links":{"self":[{"href":"https:\/\/mnzp.pl\/ksiegarnia\/index.php\/wp-json\/wp\/v2\/product\/328","targetHints":{"allow":["GET"]}}],"collection":[{"href":"https:\/\/mnzp.pl\/ksiegarnia\/index.php\/wp-json\/wp\/v2\/product"}],"about":[{"href":"https:\/\/mnzp.pl\/ksiegarnia\/index.php\/wp-json\/wp\/v2\/types\/product"}],"replies":[{"embeddable":true,"href":"https:\/\/mnzp.pl\/ksiegarnia\/index.php\/wp-json\/wp\/v2\/comments?post=328"}],"wp:featuredmedia":[{"embeddable":true,"href":"https:\/\/mnzp.pl\/ksiegarnia\/index.php\/wp-json\/wp\/v2\/media\/329"}],"wp:attachment":[{"href":"https:\/\/mnzp.pl\/ksiegarnia\/index.php\/wp-json\/wp\/v2\/media?parent=328"}],"wp:term":[{"taxonomy":"product_brand","embeddable":true,"href":"https:\/\/mnzp.pl\/ksiegarnia\/index.php\/wp-json\/wp\/v2\/product_brand?post=328"},{"taxonomy":"product_cat","embeddable":true,"href":"https:\/\/mnzp.pl\/ksiegarnia\/index.php\/wp-json\/wp\/v2\/product_cat?post=328"},{"taxonomy":"product_tag","embeddable":true,"href":"https:\/\/mnzp.pl\/ksiegarnia\/index.php\/wp-json\/wp\/v2\/product_tag?post=328"}],"curies":[{"name":"wp","href":"https:\/\/api.w.org\/{rel}","templated":true}]}}