{"id":305,"date":"2022-01-21T10:39:48","date_gmt":"2022-01-21T09:39:48","guid":{"rendered":"https:\/\/mnzp.pl\/ksiegarnia\/?post_type=product&#038;p=305"},"modified":"2022-12-09T10:42:03","modified_gmt":"2022-12-09T09:42:03","slug":"boguslaw-kedzierski-rzezba","status":"publish","type":"product","link":"https:\/\/mnzp.pl\/ksiegarnia\/index.php\/produkt\/boguslaw-kedzierski-rzezba\/","title":{"rendered":"Bogus\u0142aw K\u0119dzierski. Rze\u017aba"},"content":{"rendered":"<p>Bogus\u0142aw K\u0119dzierski. Rze\u017aba jest monografi\u0105 po\u015bwi\u0119con\u0105 \u017cyciu i tw\u00f3rczo\u015bci artysty rze\u017abiarza Bogus\u0142awa K\u0119dzierskiego. Ten urodzony w Dynowie i zwi\u0105zany z tym miastem rze\u017abiarz by\u0142 absolwentem s\u0142ynnego Liceum Plastycznego im. Antoniego Kenara w Zakopanem. Tworzy\u0142 rze\u017aby sakralne, \u015bwieckie, monumentalne i plenerowe. Inspiracji dla swoich dzie\u0142 szuka\u0142 w sobie, w swoim \u015bwiecie wewn\u0119trznym, ale tak\u017ce w tradycji lokalnej, przyrodzie i sztuce chrze\u015bcija\u0144skiej. Ksi\u0105\u017cka pokazuje \u015bcis\u0142e powi\u0105zania \u017cycia osobistego i tw\u00f3rczo\u015bci. Pozwala zobaczy\u0107 artyst\u0119 przy pracy, ale tak\u017ce pozna\u0107 jego rozterki, dylematy, problemy dnia codziennego. Katalog prac zamieszczony w publikacji daje mo\u017cliwo\u015b\u0107 wej\u015bcia w \u015bwiat rze\u017ab Bogus\u0142awa K\u0119dzierskiego. Warto\u015b\u0107 sztuki K\u0119dzierskiego ujawnia si\u0119 w r\u00f3\u017cnych mo\u017cliwo\u015bciach interpretacyjnych jego prac. Wizja artystyczna stanowi pretekst do samodzielnego poszukiwania sensu rzeczywisto\u015bci przez odbiorc\u00f3w, sprzyja refleksji, zadumie i doznaniom estetycznym. W tej biografii znajdziemy wypowiedzi artysty, ale r\u00f3wnie\u017c bliskich mu os\u00f3b, kt\u00f3re ods\u0142aniaj\u0105 \u017cycie prywatne i zawodowe Bogus\u0142awa K\u0119dzierskiego.<\/p>\n","protected":false},"excerpt":{"rendered":"<h2>Ma\u0142gorzata Dziura<\/h2>\n<p>Ksi\u0105\u017cka jest monografi\u0105 po\u015bwi\u0119con\u0105 \u017cyciu i tw\u00f3rczo\u015bci artysty rze\u017abiarza Bogus\u0142awa K\u0119dzierskiego. Ten urodzony w Dynowie i zwi\u0105zany z tym miastem rze\u017abiarz by\u0142 absolwentem s\u0142ynnego Liceum Plastycznego im. Antoniego Kenara w Zakopanem. Tworzy\u0142 rze\u017aby sakralne, \u015bwieckie, monumentalne i plenerowe&#8230;<\/p>\n","protected":false},"featured_media":306,"comment_status":"open","ping_status":"closed","template":"","meta":[],"product_brand":[],"product_cat":[16],"product_tag":[133,146,163,93,164],"class_list":{"0":"post-305","1":"product","2":"type-product","3":"status-publish","4":"has-post-thumbnail","6":"product_cat-ksiazki","7":"product_tag-biografie","8":"product_tag-kultura-ludowa","9":"product_tag-rzezba","10":"product_tag-sztuka","11":"product_tag-sztuka-ludowa","13":"first","14":"instock","15":"shipping-taxable","16":"purchasable","17":"product-type-simple"},"_links":{"self":[{"href":"https:\/\/mnzp.pl\/ksiegarnia\/index.php\/wp-json\/wp\/v2\/product\/305","targetHints":{"allow":["GET"]}}],"collection":[{"href":"https:\/\/mnzp.pl\/ksiegarnia\/index.php\/wp-json\/wp\/v2\/product"}],"about":[{"href":"https:\/\/mnzp.pl\/ksiegarnia\/index.php\/wp-json\/wp\/v2\/types\/product"}],"replies":[{"embeddable":true,"href":"https:\/\/mnzp.pl\/ksiegarnia\/index.php\/wp-json\/wp\/v2\/comments?post=305"}],"wp:featuredmedia":[{"embeddable":true,"href":"https:\/\/mnzp.pl\/ksiegarnia\/index.php\/wp-json\/wp\/v2\/media\/306"}],"wp:attachment":[{"href":"https:\/\/mnzp.pl\/ksiegarnia\/index.php\/wp-json\/wp\/v2\/media?parent=305"}],"wp:term":[{"taxonomy":"product_brand","embeddable":true,"href":"https:\/\/mnzp.pl\/ksiegarnia\/index.php\/wp-json\/wp\/v2\/product_brand?post=305"},{"taxonomy":"product_cat","embeddable":true,"href":"https:\/\/mnzp.pl\/ksiegarnia\/index.php\/wp-json\/wp\/v2\/product_cat?post=305"},{"taxonomy":"product_tag","embeddable":true,"href":"https:\/\/mnzp.pl\/ksiegarnia\/index.php\/wp-json\/wp\/v2\/product_tag?post=305"}],"curies":[{"name":"wp","href":"https:\/\/api.w.org\/{rel}","templated":true}]}}