{"id":297,"date":"2022-01-15T10:49:17","date_gmt":"2022-01-15T09:49:17","guid":{"rendered":"https:\/\/mnzp.pl\/ksiegarnia\/?post_type=product&#038;p=297"},"modified":"2022-12-09T10:29:06","modified_gmt":"2022-12-09T09:29:06","slug":"artur-malawski-1904-1957-kompozytor-z-przemysla","status":"publish","type":"product","link":"https:\/\/mnzp.pl\/ksiegarnia\/index.php\/produkt\/artur-malawski-1904-1957-kompozytor-z-przemysla\/","title":{"rendered":"Artur Malawski (1904-1957) kompozytor z Przemy\u015bla"},"content":{"rendered":"<p>Ju\u017c w sprzeda\u017cy w Muzeum Narodowym Ziemi Przemyskiej nowa ksi\u0105\u017cka pt.: \u201eArtur Malawski (1904-1957) kompozytor z Przemy\u015bla&#8221; licz\u0105ca 184 strony. Cz\u0119\u015b\u0107 l to bogaty \u017cyciorys artysty zawieraj\u0105cy r\u00f3wnie\u017c \u017cycie osobiste (26 stron). Cz\u0119\u015b\u0107 II zawiera korespondencj\u0119 Malawskiego z rodzin\u0105 (31 stron), a cz. III to fotografie zwi\u0105zane z kompozytorem, jego dzia\u0142alno\u015bci\u0105 i rodzin\u0105 (\u0142\u0105cznie 223 fotografie) oraz 16 zdj\u0119\u0107 w tek\u015bcie.<\/p>\n","protected":false},"excerpt":{"rendered":"<h2>Anna Durkacz-Foremska, Maria Wo\u0142k<\/h2>\n<p>Ju\u017c w sprzeda\u017cy w Muzeum Narodowym Ziemi Przemyskiej nowa ksi\u0105\u017cka pt.: \u201eArtur Malawski (1904-1957) kompozytor z Przemy\u015bla&#8221;&#8230;<\/p>\n","protected":false},"featured_media":298,"comment_status":"open","ping_status":"closed","template":"","meta":[],"product_brand":[],"product_cat":[16],"product_tag":[133,64,161,162,160],"class_list":{"0":"post-297","1":"product","2":"type-product","3":"status-publish","4":"has-post-thumbnail","6":"product_cat-ksiazki","7":"product_tag-biografie","8":"product_tag-historia","9":"product_tag-kultura","10":"product_tag-muzyka","11":"product_tag-sylwetki","13":"first","14":"instock","15":"shipping-taxable","16":"purchasable","17":"product-type-simple"},"_links":{"self":[{"href":"https:\/\/mnzp.pl\/ksiegarnia\/index.php\/wp-json\/wp\/v2\/product\/297","targetHints":{"allow":["GET"]}}],"collection":[{"href":"https:\/\/mnzp.pl\/ksiegarnia\/index.php\/wp-json\/wp\/v2\/product"}],"about":[{"href":"https:\/\/mnzp.pl\/ksiegarnia\/index.php\/wp-json\/wp\/v2\/types\/product"}],"replies":[{"embeddable":true,"href":"https:\/\/mnzp.pl\/ksiegarnia\/index.php\/wp-json\/wp\/v2\/comments?post=297"}],"wp:featuredmedia":[{"embeddable":true,"href":"https:\/\/mnzp.pl\/ksiegarnia\/index.php\/wp-json\/wp\/v2\/media\/298"}],"wp:attachment":[{"href":"https:\/\/mnzp.pl\/ksiegarnia\/index.php\/wp-json\/wp\/v2\/media?parent=297"}],"wp:term":[{"taxonomy":"product_brand","embeddable":true,"href":"https:\/\/mnzp.pl\/ksiegarnia\/index.php\/wp-json\/wp\/v2\/product_brand?post=297"},{"taxonomy":"product_cat","embeddable":true,"href":"https:\/\/mnzp.pl\/ksiegarnia\/index.php\/wp-json\/wp\/v2\/product_cat?post=297"},{"taxonomy":"product_tag","embeddable":true,"href":"https:\/\/mnzp.pl\/ksiegarnia\/index.php\/wp-json\/wp\/v2\/product_tag?post=297"}],"curies":[{"name":"wp","href":"https:\/\/api.w.org\/{rel}","templated":true}]}}