{"id":295,"date":"2022-01-15T10:42:02","date_gmt":"2022-01-15T09:42:02","guid":{"rendered":"https:\/\/mnzp.pl\/ksiegarnia\/?post_type=product&#038;p=295"},"modified":"2024-06-28T09:51:27","modified_gmt":"2024-06-28T07:51:27","slug":"ostatni-rejs-kapitana-jaskuly","status":"publish","type":"product","link":"https:\/\/mnzp.pl\/ksiegarnia\/index.php\/produkt\/ostatni-rejs-kapitana-jaskuly\/","title":{"rendered":"Ostatni rejs kapitana Jasku\u0142y"},"content":{"rendered":"<p>Ksi\u0105\u017cka jest swoistym rejsem, mo\u017ce nie do ko\u0144ca jak sugeruje tytu\u0142 &#8211; dotycz\u0105cym ostatnich jedynie lat d\u0142ugiego \u017cycia Henryka Jasku\u0142y, gdy\u017c dotyka tak\u017ce wcze\u015bniejszych wydarze\u0144 z bogatego \u017cyciorysu Wielkiego \u017beglarza. W\u0105tki biograficzne z \u017cycia zawodowego, prywatnego i \u017ceglarskiego, anegdotki, ods\u0142aniaj\u0105 nietuzinkow\u0105 posta\u0107 Kapitana. Autor wspomnie\u0144 \u2013 dziennikarz, przyjaciel Jasku\u0142y z pasj\u0105 nakre\u015bli\u0142 prawdziwy portret cz\u0142owieka zar\u00f3wno od tej oficjalnej, znanej jak i mnie znanej, prywatnej strony.<\/p>\n","protected":false},"excerpt":{"rendered":"<h2>Mieczys\u0142aw Nyczek<\/h2>\n<p>Ksi\u0105\u017cka jest swoistym rejsem, mo\u017ce nie do ko\u0144ca jak sugeruje tytu\u0142 &#8211; dotycz\u0105cym ostatnich jedynie lat d\u0142ugiego \u017cycia Henryka Jasku\u0142y, gdy\u017c dotyka tak\u017ce wcze\u015bniejszych wydarze\u0144&#8230;<\/p>\n","protected":false},"featured_media":296,"comment_status":"open","ping_status":"closed","template":"","meta":[],"product_brand":[],"product_cat":[16],"product_tag":[142,133,64,58],"class_list":{"0":"post-295","1":"product","2":"type-product","3":"status-publish","4":"has-post-thumbnail","6":"product_cat-ksiazki","7":"product_tag-biblioteczka-historyczna-mnzp","8":"product_tag-biografie","9":"product_tag-historia","10":"product_tag-przemysl","12":"first","13":"outofstock","14":"shipping-taxable","15":"purchasable","16":"product-type-simple"},"_links":{"self":[{"href":"https:\/\/mnzp.pl\/ksiegarnia\/index.php\/wp-json\/wp\/v2\/product\/295","targetHints":{"allow":["GET"]}}],"collection":[{"href":"https:\/\/mnzp.pl\/ksiegarnia\/index.php\/wp-json\/wp\/v2\/product"}],"about":[{"href":"https:\/\/mnzp.pl\/ksiegarnia\/index.php\/wp-json\/wp\/v2\/types\/product"}],"replies":[{"embeddable":true,"href":"https:\/\/mnzp.pl\/ksiegarnia\/index.php\/wp-json\/wp\/v2\/comments?post=295"}],"wp:featuredmedia":[{"embeddable":true,"href":"https:\/\/mnzp.pl\/ksiegarnia\/index.php\/wp-json\/wp\/v2\/media\/296"}],"wp:attachment":[{"href":"https:\/\/mnzp.pl\/ksiegarnia\/index.php\/wp-json\/wp\/v2\/media?parent=295"}],"wp:term":[{"taxonomy":"product_brand","embeddable":true,"href":"https:\/\/mnzp.pl\/ksiegarnia\/index.php\/wp-json\/wp\/v2\/product_brand?post=295"},{"taxonomy":"product_cat","embeddable":true,"href":"https:\/\/mnzp.pl\/ksiegarnia\/index.php\/wp-json\/wp\/v2\/product_cat?post=295"},{"taxonomy":"product_tag","embeddable":true,"href":"https:\/\/mnzp.pl\/ksiegarnia\/index.php\/wp-json\/wp\/v2\/product_tag?post=295"}],"curies":[{"name":"wp","href":"https:\/\/api.w.org\/{rel}","templated":true}]}}