{"id":262,"date":"2021-12-15T15:05:22","date_gmt":"2021-12-15T14:05:22","guid":{"rendered":"https:\/\/mnzp.pl\/ksiegarnia\/?post_type=product&#038;p=262"},"modified":"2022-12-09T10:19:40","modified_gmt":"2022-12-09T09:19:40","slug":"przemyskie-orleta-uczniowie-obroncami-przemysla","status":"publish","type":"product","link":"https:\/\/mnzp.pl\/ksiegarnia\/index.php\/produkt\/przemyskie-orleta-uczniowie-obroncami-przemysla\/","title":{"rendered":"&#8222;Przemyskie Orl\u0119ta&#8221; &#8211; uczniowie obro\u0144cami Przemy\u015bla"},"content":{"rendered":"<p>Cyfrowy egzemplarz bezp\u0142atny.<\/p>\n<p>Publikacja sk\u0142ada si\u0119 z dw\u00f3ch cz\u0119\u015bci. Pierwsza, przedstawia histori\u0119 walk o Przemy\u015bl w 1918 roku w kontek\u015bcie uczestnictwa w nich m\u0142odych mieszka\u0144c\u00f3w miasta. Druga omawia histori\u0119 projektowania, budowy, zniszczenia i powt\u00f3rnej odbudowy pomnika po\u015bwi\u0119conego Orl\u0119tom Przemyskim. Ca\u0142o\u015b\u0107 dope\u0142nia bogaty zbi\u00f3r materia\u0142u ilustracyjnego ze zbior\u00f3w MNZP oraz od os\u00f3b prywatnych.<\/p>\n","protected":false},"excerpt":{"rendered":"<h2>Anna Durkacz-Foremska, Maria Kaznowska<\/h2>\n<p>Cyfrowy egzemplarz bezp\u0142atny. Publikacja sk\u0142ada si\u0119 z dw\u00f3ch cz\u0119\u015bci. Pierwsza, przedstawia histori\u0119 walk o Przemy\u015bl w 1918 roku w kontek\u015bcie uczestnictwa w nich m\u0142odych mieszka\u0144c\u00f3w miasta&#8230;<\/p>\n","protected":false},"featured_media":264,"comment_status":"open","ping_status":"closed","template":"","meta":[],"product_brand":[],"product_cat":[16],"product_tag":[159,64,58],"class_list":{"0":"post-262","1":"product","2":"type-product","3":"status-publish","4":"has-post-thumbnail","6":"product_cat-ksiazki","7":"product_tag-ebook","8":"product_tag-historia","9":"product_tag-przemysl","11":"first","12":"instock","13":"downloadable","14":"virtual","15":"purchasable","16":"product-type-simple"},"_links":{"self":[{"href":"https:\/\/mnzp.pl\/ksiegarnia\/index.php\/wp-json\/wp\/v2\/product\/262","targetHints":{"allow":["GET"]}}],"collection":[{"href":"https:\/\/mnzp.pl\/ksiegarnia\/index.php\/wp-json\/wp\/v2\/product"}],"about":[{"href":"https:\/\/mnzp.pl\/ksiegarnia\/index.php\/wp-json\/wp\/v2\/types\/product"}],"replies":[{"embeddable":true,"href":"https:\/\/mnzp.pl\/ksiegarnia\/index.php\/wp-json\/wp\/v2\/comments?post=262"}],"wp:featuredmedia":[{"embeddable":true,"href":"https:\/\/mnzp.pl\/ksiegarnia\/index.php\/wp-json\/wp\/v2\/media\/264"}],"wp:attachment":[{"href":"https:\/\/mnzp.pl\/ksiegarnia\/index.php\/wp-json\/wp\/v2\/media?parent=262"}],"wp:term":[{"taxonomy":"product_brand","embeddable":true,"href":"https:\/\/mnzp.pl\/ksiegarnia\/index.php\/wp-json\/wp\/v2\/product_brand?post=262"},{"taxonomy":"product_cat","embeddable":true,"href":"https:\/\/mnzp.pl\/ksiegarnia\/index.php\/wp-json\/wp\/v2\/product_cat?post=262"},{"taxonomy":"product_tag","embeddable":true,"href":"https:\/\/mnzp.pl\/ksiegarnia\/index.php\/wp-json\/wp\/v2\/product_tag?post=262"}],"curies":[{"name":"wp","href":"https:\/\/api.w.org\/{rel}","templated":true}]}}