{"id":239,"date":"2021-12-03T08:56:36","date_gmt":"2021-12-03T07:56:36","guid":{"rendered":"https:\/\/mnzp.pl\/ksiegarnia\/?post_type=product&#038;p=239"},"modified":"2022-12-09T09:31:04","modified_gmt":"2022-12-09T08:31:04","slug":"sladami-czarnej-brygady-zmotoryzowana-10-brygada-kawalerii-w-fotografii-1937-1939","status":"publish","type":"product","link":"https:\/\/mnzp.pl\/ksiegarnia\/index.php\/produkt\/sladami-czarnej-brygady-zmotoryzowana-10-brygada-kawalerii-w-fotografii-1937-1939\/","title":{"rendered":"\u015aladami \u201eCzarnej  Brygady\u201d. Zmotoryzowana 10 Brygada Kawalerii w fotografii (1937-1939)"},"content":{"rendered":"<p>W si\u0142ach zbrojnych II Rzeczypospolitej 10 Brygada Kawalerii by\u0142a jednostk\u0105 wyj\u0105tkow\u0105, kt\u00f3ra zapisa\u0142a pi\u0119kn\u0105 kart\u0119 w kampanii wrze\u015bniowej powstrzymuj\u0105c wielokrotnie niemieckie si\u0142y pancerne. Zyska\u0142a uznanie przeciwnika i przydomek \u201eCzarna Brygada\u201d. Niniejsza publikacja stanowi nijako fotograficzny \u201eportret w\u0142asny\u201d tej formacji w postaci ponad 320 zdj\u0119\u0107 pochodz\u0105cych z r\u00f3\u017cnych \u017ar\u00f3de\u0142 i w du\u017cym stopniu zidentyfikowanych przez Autora ksi\u0105\u017cki. Dominuj\u0105c\u0105 cz\u0119\u015b\u0107 albumow\u0105 uzupe\u0142niono o kr\u00f3tkie notki wprowadzaj\u0105ce do poszczeg\u00f3lnych rozdzia\u0142\u00f3w oraz aneksy, dla pe\u0142niejszego przedstawienia obrazu Brygady.<\/p>\n","protected":false},"excerpt":{"rendered":"<h2>Jerzy Majka<\/h2>\n<p>W si\u0142ach zbrojnych II Rzeczypospolitej 10 Brygada Kawalerii by\u0142a jednostk\u0105 wyj\u0105tkow\u0105, kt\u00f3ra zapisa\u0142a pi\u0119kn\u0105 kart\u0119 w kampanii wrze\u015bniowej powstrzymuj\u0105c wielokrotnie niemieckie si\u0142y pancerne. Zyska\u0142a uznanie przeciwnika i przydomek \u201eCzarna Brygada\u201d&#8230;<\/p>\n","protected":false},"featured_media":241,"comment_status":"open","ping_status":"closed","template":"","meta":[],"product_brand":[],"product_cat":[16],"product_tag":[125,142,158,64],"class_list":{"0":"post-239","1":"product","2":"type-product","3":"status-publish","4":"has-post-thumbnail","6":"product_cat-ksiazki","7":"product_tag-album","8":"product_tag-biblioteczka-historyczna-mnzp","9":"product_tag-czolgi","10":"product_tag-historia","12":"first","13":"instock","14":"shipping-taxable","15":"purchasable","16":"product-type-simple"},"_links":{"self":[{"href":"https:\/\/mnzp.pl\/ksiegarnia\/index.php\/wp-json\/wp\/v2\/product\/239","targetHints":{"allow":["GET"]}}],"collection":[{"href":"https:\/\/mnzp.pl\/ksiegarnia\/index.php\/wp-json\/wp\/v2\/product"}],"about":[{"href":"https:\/\/mnzp.pl\/ksiegarnia\/index.php\/wp-json\/wp\/v2\/types\/product"}],"replies":[{"embeddable":true,"href":"https:\/\/mnzp.pl\/ksiegarnia\/index.php\/wp-json\/wp\/v2\/comments?post=239"}],"wp:featuredmedia":[{"embeddable":true,"href":"https:\/\/mnzp.pl\/ksiegarnia\/index.php\/wp-json\/wp\/v2\/media\/241"}],"wp:attachment":[{"href":"https:\/\/mnzp.pl\/ksiegarnia\/index.php\/wp-json\/wp\/v2\/media?parent=239"}],"wp:term":[{"taxonomy":"product_brand","embeddable":true,"href":"https:\/\/mnzp.pl\/ksiegarnia\/index.php\/wp-json\/wp\/v2\/product_brand?post=239"},{"taxonomy":"product_cat","embeddable":true,"href":"https:\/\/mnzp.pl\/ksiegarnia\/index.php\/wp-json\/wp\/v2\/product_cat?post=239"},{"taxonomy":"product_tag","embeddable":true,"href":"https:\/\/mnzp.pl\/ksiegarnia\/index.php\/wp-json\/wp\/v2\/product_tag?post=239"}],"curies":[{"name":"wp","href":"https:\/\/api.w.org\/{rel}","templated":true}]}}