{"id":200,"date":"2021-11-23T15:11:27","date_gmt":"2021-11-23T14:11:27","guid":{"rendered":"https:\/\/mnzp.pl\/ksiegarnia\/?post_type=product&#038;p=200"},"modified":"2023-05-18T11:38:07","modified_gmt":"2023-05-18T09:38:07","slug":"rogate-diably-grupy-wielkopolskie-w-walkach-o-lwow-i-malopolske-wschodnia-marzec-wrzesien-1919","status":"publish","type":"product","link":"https:\/\/mnzp.pl\/ksiegarnia\/index.php\/produkt\/rogate-diably-grupy-wielkopolskie-w-walkach-o-lwow-i-malopolske-wschodnia-marzec-wrzesien-1919\/","title":{"rendered":"\u201dRogate diab\u0142y\u201d Grupy Wielkopolskie w walkach o Lw\u00f3w i Ma\u0142opolsk\u0119 Wschodni\u0105 (marzec-wrzesie\u0144 1919)"},"content":{"rendered":"<p>Publikacja przedstawia i przybli\u017ca udzia\u0142 oddzia\u0142\u00f3w wielkopolskich (piechoty, artylerii i lotnictwa) w walkach o oswobodzenie Lwowa wiosn\u0105 1919 roku oraz udzia\u0142 w walkach latem 1919 roku w Ma\u0142opolsce Wschodniej.<\/p>\n","protected":false},"excerpt":{"rendered":"<h2>Krzy\u017caniak Micha\u0142<\/h2>\n<p>Publikacja przedstawia i przybli\u017ca udzia\u0142 oddzia\u0142\u00f3w wielkopolskich (piechoty, artylerii i lotnictwa) w walkach o oswobodzenie Lwowa wiosn\u0105 1919 roku oraz udzia\u0142 w walkach latem 1919 roku w Ma\u0142opolsce Wschodniej.<\/p>\n","protected":false},"featured_media":201,"comment_status":"open","ping_status":"closed","template":"","meta":[],"product_brand":[],"product_cat":[16],"product_tag":[142,64,143,58],"class_list":{"0":"post-200","1":"product","2":"type-product","3":"status-publish","4":"has-post-thumbnail","6":"product_cat-ksiazki","7":"product_tag-biblioteczka-historyczna-mnzp","8":"product_tag-historia","9":"product_tag-lwow","10":"product_tag-przemysl","12":"first","13":"instock","14":"shipping-taxable","15":"purchasable","16":"product-type-simple"},"_links":{"self":[{"href":"https:\/\/mnzp.pl\/ksiegarnia\/index.php\/wp-json\/wp\/v2\/product\/200","targetHints":{"allow":["GET"]}}],"collection":[{"href":"https:\/\/mnzp.pl\/ksiegarnia\/index.php\/wp-json\/wp\/v2\/product"}],"about":[{"href":"https:\/\/mnzp.pl\/ksiegarnia\/index.php\/wp-json\/wp\/v2\/types\/product"}],"replies":[{"embeddable":true,"href":"https:\/\/mnzp.pl\/ksiegarnia\/index.php\/wp-json\/wp\/v2\/comments?post=200"}],"wp:featuredmedia":[{"embeddable":true,"href":"https:\/\/mnzp.pl\/ksiegarnia\/index.php\/wp-json\/wp\/v2\/media\/201"}],"wp:attachment":[{"href":"https:\/\/mnzp.pl\/ksiegarnia\/index.php\/wp-json\/wp\/v2\/media?parent=200"}],"wp:term":[{"taxonomy":"product_brand","embeddable":true,"href":"https:\/\/mnzp.pl\/ksiegarnia\/index.php\/wp-json\/wp\/v2\/product_brand?post=200"},{"taxonomy":"product_cat","embeddable":true,"href":"https:\/\/mnzp.pl\/ksiegarnia\/index.php\/wp-json\/wp\/v2\/product_cat?post=200"},{"taxonomy":"product_tag","embeddable":true,"href":"https:\/\/mnzp.pl\/ksiegarnia\/index.php\/wp-json\/wp\/v2\/product_tag?post=200"}],"curies":[{"name":"wp","href":"https:\/\/api.w.org\/{rel}","templated":true}]}}