{"id":198,"date":"2021-11-23T15:05:46","date_gmt":"2021-11-23T14:05:46","guid":{"rendered":"https:\/\/mnzp.pl\/ksiegarnia\/?post_type=product&#038;p=198"},"modified":"2022-12-09T08:51:13","modified_gmt":"2022-12-09T07:51:13","slug":"z-dziejow-birczy-opowiesc-dla-dzieci-mlodziezy-i-nie-tylko","status":"publish","type":"product","link":"https:\/\/mnzp.pl\/ksiegarnia\/index.php\/produkt\/z-dziejow-birczy-opowiesc-dla-dzieci-mlodziezy-i-nie-tylko\/","title":{"rendered":"Z dziej\u00f3w Birczy. Opowie\u015b\u0107 dla dzieci, m\u0142odzie\u017cy i nie tylko!"},"content":{"rendered":"<p>Jest to ksi\u0105\u017cka o przesz\u0142o\u015bci Ziemi Bircza\u0144skiej, czyli Birczy i okolicznych miejscowo\u015bci. Ukazano j\u0105 na tle og\u00f3lnych dziej\u00f3w Polski i Europy. Dotyczy ludzi, miejsc, spraw i wydarze\u0144. Jednym s\u0142owem jest to historia Birczy i Ziemi Bircza\u0144skiej przekazana w bardzo przyst\u0119pny spos\u00f3b, w formie gaw\u0119dy, kt\u00f3ra porywa czytelnika w wir przesz\u0142o\u015bci. Dodatkowym atutem s\u0105 pi\u0119kne ilustracje przywo\u0142uj\u0105ce opisane w ksi\u0105\u017cce krajobrazy i postacie.<\/p>\n","protected":false},"excerpt":{"rendered":"<h2>Piwowarczyk Grzegorz<\/h2>\n<p>Jest to ksi\u0105\u017cka o przesz\u0142o\u015bci Ziemi Bircza\u0144skiej, czyli Birczy i okolicznych miejscowo\u015bci. Ukazano j\u0105 na tle og\u00f3lnych dziej\u00f3w Polski i Europy&#8230;<\/p>\n","protected":false},"featured_media":199,"comment_status":"open","ping_status":"closed","template":"","meta":[],"product_brand":[],"product_cat":[16],"product_tag":[152,70,64,146,157],"class_list":{"0":"post-198","1":"product","2":"type-product","3":"status-publish","4":"has-post-thumbnail","6":"product_cat-ksiazki","7":"product_tag-dla-dzieci","8":"product_tag-etnografia","9":"product_tag-historia","10":"product_tag-kultura-ludowa","11":"product_tag-legendy","13":"first","14":"instock","15":"shipping-taxable","16":"purchasable","17":"product-type-simple"},"_links":{"self":[{"href":"https:\/\/mnzp.pl\/ksiegarnia\/index.php\/wp-json\/wp\/v2\/product\/198","targetHints":{"allow":["GET"]}}],"collection":[{"href":"https:\/\/mnzp.pl\/ksiegarnia\/index.php\/wp-json\/wp\/v2\/product"}],"about":[{"href":"https:\/\/mnzp.pl\/ksiegarnia\/index.php\/wp-json\/wp\/v2\/types\/product"}],"replies":[{"embeddable":true,"href":"https:\/\/mnzp.pl\/ksiegarnia\/index.php\/wp-json\/wp\/v2\/comments?post=198"}],"wp:featuredmedia":[{"embeddable":true,"href":"https:\/\/mnzp.pl\/ksiegarnia\/index.php\/wp-json\/wp\/v2\/media\/199"}],"wp:attachment":[{"href":"https:\/\/mnzp.pl\/ksiegarnia\/index.php\/wp-json\/wp\/v2\/media?parent=198"}],"wp:term":[{"taxonomy":"product_brand","embeddable":true,"href":"https:\/\/mnzp.pl\/ksiegarnia\/index.php\/wp-json\/wp\/v2\/product_brand?post=198"},{"taxonomy":"product_cat","embeddable":true,"href":"https:\/\/mnzp.pl\/ksiegarnia\/index.php\/wp-json\/wp\/v2\/product_cat?post=198"},{"taxonomy":"product_tag","embeddable":true,"href":"https:\/\/mnzp.pl\/ksiegarnia\/index.php\/wp-json\/wp\/v2\/product_tag?post=198"}],"curies":[{"name":"wp","href":"https:\/\/api.w.org\/{rel}","templated":true}]}}