{"id":192,"date":"2021-11-23T14:47:42","date_gmt":"2021-11-23T13:47:42","guid":{"rendered":"https:\/\/mnzp.pl\/ksiegarnia\/?post_type=product&#038;p=192"},"modified":"2022-12-15T07:42:10","modified_gmt":"2022-12-15T06:42:10","slug":"zapomniana-wojna-wojna-polsko-ukrainska-1918-1919","status":"publish","type":"product","link":"https:\/\/mnzp.pl\/ksiegarnia\/index.php\/produkt\/zapomniana-wojna-wojna-polsko-ukrainska-1918-1919\/","title":{"rendered":"Zapomniana wojna. Wojna polsko-ukrai\u0144ska 1918-1919"},"content":{"rendered":"<p>Wojna polsko-ukrai\u0144ska by\u0142a pierwsz\u0105, zako\u0144czon\u0105 zwyci\u0119sko wojn\u0105 odradzaj\u0105cego si\u0119 pa\u0144stwa polskiego. Ksi\u0105\u017cka opisuje poszczeg\u00f3lne etapy dzia\u0142a\u0144 bojowych, uzbrojenie, polskie formacje wojskowe bior\u0105ce udzia\u0142 w walkach oraz ich bohater\u00f3w w tym mi\u0119dzy innymi Orl\u0119ta lwowskie czy Ochotnicz\u0105 Legi\u0119 Kobiet. Bogato ilustrowana ksi\u0105\u017cka jest pok\u0142osiem zorganizowanych w Muzeum Narodowym Ziemi Przemyskiej z okazji stulecia niepodleg\u0142o\u015bci wystawy oraz konferencji.<\/p>\n","protected":false},"excerpt":{"rendered":"<h2>Fac Lucjan<\/h2>\n<p>Wojna polsko-ukrai\u0144ska by\u0142a pierwsz\u0105, zako\u0144czon\u0105 zwyci\u0119sko wojn\u0105 odradzaj\u0105cego si\u0119 pa\u0144stwa polskiego. Ksi\u0105\u017cka opisuje poszczeg\u00f3lne etapy dzia\u0142a\u0144 bojowych, uzbrojenie, polskie formacje wojskowe bior\u0105ce udzia\u0142 w walkach oraz ich bohater\u00f3w w tym mi\u0119dzy innymi Orl\u0119ta lwowskie czy Ochotnicz\u0105 Legi\u0119 Kobiet&#8230;<\/p>\n","protected":false},"featured_media":196,"comment_status":"open","ping_status":"closed","template":"","meta":[],"product_brand":[],"product_cat":[16],"product_tag":[142,64,143,58],"class_list":{"0":"post-192","1":"product","2":"type-product","3":"status-publish","4":"has-post-thumbnail","6":"product_cat-ksiazki","7":"product_tag-biblioteczka-historyczna-mnzp","8":"product_tag-historia","9":"product_tag-lwow","10":"product_tag-przemysl","12":"first","13":"instock","14":"shipping-taxable","15":"purchasable","16":"product-type-simple"},"_links":{"self":[{"href":"https:\/\/mnzp.pl\/ksiegarnia\/index.php\/wp-json\/wp\/v2\/product\/192","targetHints":{"allow":["GET"]}}],"collection":[{"href":"https:\/\/mnzp.pl\/ksiegarnia\/index.php\/wp-json\/wp\/v2\/product"}],"about":[{"href":"https:\/\/mnzp.pl\/ksiegarnia\/index.php\/wp-json\/wp\/v2\/types\/product"}],"replies":[{"embeddable":true,"href":"https:\/\/mnzp.pl\/ksiegarnia\/index.php\/wp-json\/wp\/v2\/comments?post=192"}],"wp:featuredmedia":[{"embeddable":true,"href":"https:\/\/mnzp.pl\/ksiegarnia\/index.php\/wp-json\/wp\/v2\/media\/196"}],"wp:attachment":[{"href":"https:\/\/mnzp.pl\/ksiegarnia\/index.php\/wp-json\/wp\/v2\/media?parent=192"}],"wp:term":[{"taxonomy":"product_brand","embeddable":true,"href":"https:\/\/mnzp.pl\/ksiegarnia\/index.php\/wp-json\/wp\/v2\/product_brand?post=192"},{"taxonomy":"product_cat","embeddable":true,"href":"https:\/\/mnzp.pl\/ksiegarnia\/index.php\/wp-json\/wp\/v2\/product_cat?post=192"},{"taxonomy":"product_tag","embeddable":true,"href":"https:\/\/mnzp.pl\/ksiegarnia\/index.php\/wp-json\/wp\/v2\/product_tag?post=192"}],"curies":[{"name":"wp","href":"https:\/\/api.w.org\/{rel}","templated":true}]}}