{"id":186,"date":"2021-11-19T13:04:25","date_gmt":"2021-11-19T12:04:25","guid":{"rendered":"https:\/\/mnzp.pl\/ksiegarnia\/?post_type=product&#038;p=186"},"modified":"2022-08-05T10:44:52","modified_gmt":"2022-08-05T08:44:52","slug":"kalendarz-na-2022-rok-niegasnacy-blask","status":"publish","type":"product","link":"https:\/\/mnzp.pl\/ksiegarnia\/index.php\/produkt\/kalendarz-na-2022-rok-niegasnacy-blask\/","title":{"rendered":"Kalendarz na 2022 rok &#8211; Niegasn\u0105cy Blask"},"content":{"rendered":"<p>W ofercie naszej ksi\u0119garni przedstawiany Pa\u0144stwu kalendarz na nadchodz\u0105cy &#8211; 2022 rok. Na dwunastu kartach miesi\u0119cznych zaprezentowali\u015bmy najciekawsze zabytki zgromadzone na wystawie Niegasn\u0105cy Blask. Bi\u017cuteria i ozdoby ze zbior\u00f3w Muzeum Narodowego Ziemi Przemyskiej.<\/p>\n","protected":false},"excerpt":{"rendered":"<p>W ofercie naszej ksi\u0119garni przedstawiany Pa\u0144stwu kalendarz na nadchodz\u0105cy &#8211; 2022 rok. Na dwunastu kartach miesi\u0119cznych zaprezentowali\u015bmy najciekawsze zabytki zgromadzone na wystawie Niegasn\u0105cy Blask. Bi\u017cuteria i ozdoby ze zbior\u00f3w Muzeum Narodowego Ziemi Przemyskiej.<\/p>\n","protected":false},"featured_media":189,"comment_status":"open","ping_status":"closed","template":"","meta":[],"product_brand":[],"product_cat":[16],"product_tag":[],"class_list":{"0":"post-186","1":"product","2":"type-product","3":"status-publish","4":"has-post-thumbnail","6":"product_cat-ksiazki","8":"first","9":"outofstock","10":"shipping-taxable","11":"purchasable","12":"product-type-simple"},"_links":{"self":[{"href":"https:\/\/mnzp.pl\/ksiegarnia\/index.php\/wp-json\/wp\/v2\/product\/186","targetHints":{"allow":["GET"]}}],"collection":[{"href":"https:\/\/mnzp.pl\/ksiegarnia\/index.php\/wp-json\/wp\/v2\/product"}],"about":[{"href":"https:\/\/mnzp.pl\/ksiegarnia\/index.php\/wp-json\/wp\/v2\/types\/product"}],"replies":[{"embeddable":true,"href":"https:\/\/mnzp.pl\/ksiegarnia\/index.php\/wp-json\/wp\/v2\/comments?post=186"}],"wp:featuredmedia":[{"embeddable":true,"href":"https:\/\/mnzp.pl\/ksiegarnia\/index.php\/wp-json\/wp\/v2\/media\/189"}],"wp:attachment":[{"href":"https:\/\/mnzp.pl\/ksiegarnia\/index.php\/wp-json\/wp\/v2\/media?parent=186"}],"wp:term":[{"taxonomy":"product_brand","embeddable":true,"href":"https:\/\/mnzp.pl\/ksiegarnia\/index.php\/wp-json\/wp\/v2\/product_brand?post=186"},{"taxonomy":"product_cat","embeddable":true,"href":"https:\/\/mnzp.pl\/ksiegarnia\/index.php\/wp-json\/wp\/v2\/product_cat?post=186"},{"taxonomy":"product_tag","embeddable":true,"href":"https:\/\/mnzp.pl\/ksiegarnia\/index.php\/wp-json\/wp\/v2\/product_tag?post=186"}],"curies":[{"name":"wp","href":"https:\/\/api.w.org\/{rel}","templated":true}]}}