{"id":170,"date":"2021-10-28T13:24:04","date_gmt":"2021-10-28T11:24:04","guid":{"rendered":"https:\/\/serwer1670446.home.pl\/mnzp\/ksiegarnia\/?post_type=product&#038;p=170"},"modified":"2026-03-03T14:10:13","modified_gmt":"2026-03-03T13:10:13","slug":"w-szponach-barbarossy-dzialania-wojenne-w-1941-r-na-terenie-8-przemyskiego-rejonu-umocnionego","status":"publish","type":"product","link":"https:\/\/mnzp.pl\/ksiegarnia\/index.php\/produkt\/w-szponach-barbarossy-dzialania-wojenne-w-1941-r-na-terenie-8-przemyskiego-rejonu-umocnionego\/","title":{"rendered":"W szponach \u201eBarbarossy\u201d. Dzia\u0142ania wojenne w 1941 r. na terenie 8. Przemyskiego Rejonu Umocnionego"},"content":{"rendered":"<p>Publikacja jest pierwszym tak obszernym i ca\u0142o\u015bciowym om\u00f3wieniem dzia\u0142a\u0144 militarnych w ramach Operacji &#8222;Barbarossa&#8221; na terenie obecnego wojew\u00f3dztwa podkarpackiego, gdzie usytuowana zosta\u0142a linia obronna ZSRS, czyli 8. Przemyski Rejon Umocniony.<\/p>\n<p>Mimo, i\u017c w ramach ca\u0142o\u015bci walk z roku 1941 to zaledwie ma\u0142y odcinek, to jednak skala wydarze\u0144 jakie mia\u0142y tu miejsce zas\u0142uguje na szersze przedstawienie. Om\u00f3wienie walk niemiecko-sowieckich w Przemy\u015blu, Medyce, Sanoku i Lesku w czerwcu i lipcu 1941 r. pomo\u017ce historykom i badaczom regionu w poszerzeniu wiedzy na temat niniejszych wydarze\u0144 zw\u0142aszcza, \u017ce praca zosta\u0142a oparta o materia\u0142y archiwalne z archiw\u00f3w rosyjskich, jak te\u017c niemieckie dokumenty pochodz\u0105ce z The National Archives and Records Administration. W wydawnictwie mo\u017cna r\u00f3wnie\u017c znale\u017a\u0107 informacje dotycz\u0105ce sowieckiego systemu umocnie\u0144 granicznych nazywanego potocznie \u201eLini\u0105 Mo\u0142otowa\u201d.<\/p>\n<p>Dodatkowo praca zosta\u0142a wzbogacona o aneksy na podstawie archiwali\u00f3w oraz fotografie z wydarze\u0144 tamtego okresu.<\/p>\n","protected":false},"excerpt":{"rendered":"<h2>Zaj\u0105c Tomasz<\/h2>\n<p>Publikacja jest pierwszym tak obszernym i ca\u0142o\u015bciowym om\u00f3wieniem dzia\u0142a\u0144 militarnych w ramach Operacji &#8222;Barbarossa&#8221; na terenie obecnego wojew\u00f3dztwa podkarpackiego, gdzie usytuowana zosta\u0142a linia obronna ZSRS, czyli 8. Przemyski Rejon Umocniony&#8230;<\/p>\n","protected":false},"featured_media":171,"comment_status":"open","ping_status":"closed","template":"","meta":[],"product_brand":[],"product_cat":[16],"product_tag":[142,64,148],"class_list":{"0":"post-170","1":"product","2":"type-product","3":"status-publish","4":"has-post-thumbnail","6":"product_cat-ksiazki","7":"product_tag-biblioteczka-historyczna-mnzp","8":"product_tag-historia","9":"product_tag-ii-wojna-swiatowa","11":"first","12":"outofstock","13":"shipping-taxable","14":"purchasable","15":"product-type-simple"},"_links":{"self":[{"href":"https:\/\/mnzp.pl\/ksiegarnia\/index.php\/wp-json\/wp\/v2\/product\/170","targetHints":{"allow":["GET"]}}],"collection":[{"href":"https:\/\/mnzp.pl\/ksiegarnia\/index.php\/wp-json\/wp\/v2\/product"}],"about":[{"href":"https:\/\/mnzp.pl\/ksiegarnia\/index.php\/wp-json\/wp\/v2\/types\/product"}],"replies":[{"embeddable":true,"href":"https:\/\/mnzp.pl\/ksiegarnia\/index.php\/wp-json\/wp\/v2\/comments?post=170"}],"wp:featuredmedia":[{"embeddable":true,"href":"https:\/\/mnzp.pl\/ksiegarnia\/index.php\/wp-json\/wp\/v2\/media\/171"}],"wp:attachment":[{"href":"https:\/\/mnzp.pl\/ksiegarnia\/index.php\/wp-json\/wp\/v2\/media?parent=170"}],"wp:term":[{"taxonomy":"product_brand","embeddable":true,"href":"https:\/\/mnzp.pl\/ksiegarnia\/index.php\/wp-json\/wp\/v2\/product_brand?post=170"},{"taxonomy":"product_cat","embeddable":true,"href":"https:\/\/mnzp.pl\/ksiegarnia\/index.php\/wp-json\/wp\/v2\/product_cat?post=170"},{"taxonomy":"product_tag","embeddable":true,"href":"https:\/\/mnzp.pl\/ksiegarnia\/index.php\/wp-json\/wp\/v2\/product_tag?post=170"}],"curies":[{"name":"wp","href":"https:\/\/api.w.org\/{rel}","templated":true}]}}