{"id":168,"date":"2021-10-28T13:19:44","date_gmt":"2021-10-28T11:19:44","guid":{"rendered":"https:\/\/serwer1670446.home.pl\/mnzp\/ksiegarnia\/?post_type=product&#038;p=168"},"modified":"2024-10-26T11:48:30","modified_gmt":"2024-10-26T09:48:30","slug":"przewodnik-po-sowieckich-umocnieniach-z-lat-1940-1941-linia-molotowa-w-przemyslu-i-medyce","status":"publish","type":"product","link":"https:\/\/mnzp.pl\/ksiegarnia\/index.php\/produkt\/przewodnik-po-sowieckich-umocnieniach-z-lat-1940-1941-linia-molotowa-w-przemyslu-i-medyce\/","title":{"rendered":"Przewodnik po sowieckich umocnieniach z lat 1940-1941. Linia Mo\u0142otowa w Przemy\u015blu i Medyce"},"content":{"rendered":"<p>Linia Mo\u0142otowa to okre\u015blenie rosyjskich umocnie\u0144, jakie powsta\u0142y na terenie Polski w l.1940-1941 wzd\u0142u\u017c umownej granicy wyznaczonej w sierpniu 1939 roku paktem Ribbentrop-Mo\u0142otow oddzielaj\u0105cej tereny zaj\u0119te przez III Rzesz\u0119 od teren\u00f3w zaj\u0119tych przez ZSRR. W Przewodniku znajdziemy opis wszystkich obiekt\u00f3w, ich usytuowanie oraz fotografie. Na ko\u0144cu umieszczono s\u0142owniczek terminologii fachowej.<\/p>\n","protected":false},"excerpt":{"rendered":"<h2>Kicman Karol, Zaj\u0105c Tomasz<\/h2>\n<p>W Przewodniku znajdziemy opis wszystkich obiekt\u00f3w w Przemy\u015blu i Medyce, ich usytuowanie oraz fotografie. Na ko\u0144cu umieszczono s\u0142owniczek terminologii fachowej.<\/p>\n","protected":false},"featured_media":169,"comment_status":"open","ping_status":"closed","template":"","meta":[],"product_brand":[],"product_cat":[16],"product_tag":[64,148,57],"class_list":{"0":"post-168","1":"product","2":"type-product","3":"status-publish","4":"has-post-thumbnail","6":"product_cat-ksiazki","7":"product_tag-historia","8":"product_tag-ii-wojna-swiatowa","9":"product_tag-przewodnik","11":"first","12":"outofstock","13":"shipping-taxable","14":"purchasable","15":"product-type-simple"},"_links":{"self":[{"href":"https:\/\/mnzp.pl\/ksiegarnia\/index.php\/wp-json\/wp\/v2\/product\/168","targetHints":{"allow":["GET"]}}],"collection":[{"href":"https:\/\/mnzp.pl\/ksiegarnia\/index.php\/wp-json\/wp\/v2\/product"}],"about":[{"href":"https:\/\/mnzp.pl\/ksiegarnia\/index.php\/wp-json\/wp\/v2\/types\/product"}],"replies":[{"embeddable":true,"href":"https:\/\/mnzp.pl\/ksiegarnia\/index.php\/wp-json\/wp\/v2\/comments?post=168"}],"wp:featuredmedia":[{"embeddable":true,"href":"https:\/\/mnzp.pl\/ksiegarnia\/index.php\/wp-json\/wp\/v2\/media\/169"}],"wp:attachment":[{"href":"https:\/\/mnzp.pl\/ksiegarnia\/index.php\/wp-json\/wp\/v2\/media?parent=168"}],"wp:term":[{"taxonomy":"product_brand","embeddable":true,"href":"https:\/\/mnzp.pl\/ksiegarnia\/index.php\/wp-json\/wp\/v2\/product_brand?post=168"},{"taxonomy":"product_cat","embeddable":true,"href":"https:\/\/mnzp.pl\/ksiegarnia\/index.php\/wp-json\/wp\/v2\/product_cat?post=168"},{"taxonomy":"product_tag","embeddable":true,"href":"https:\/\/mnzp.pl\/ksiegarnia\/index.php\/wp-json\/wp\/v2\/product_tag?post=168"}],"curies":[{"name":"wp","href":"https:\/\/api.w.org\/{rel}","templated":true}]}}