{"id":166,"date":"2021-10-28T13:14:47","date_gmt":"2021-10-28T11:14:47","guid":{"rendered":"https:\/\/serwer1670446.home.pl\/mnzp\/ksiegarnia\/?post_type=product&#038;p=166"},"modified":"2022-12-09T08:25:31","modified_gmt":"2022-12-09T07:25:31","slug":"parafie-i-wspolnoty-zakonne-archidiecezji-przemyskiej-xiv-xxi-w","status":"publish","type":"product","link":"https:\/\/mnzp.pl\/ksiegarnia\/index.php\/produkt\/parafie-i-wspolnoty-zakonne-archidiecezji-przemyskiej-xiv-xxi-w\/","title":{"rendered":"Parafie i wsp\u00f3lnoty zakonne (archi)diecezji przemyskiej XIV-XXI w."},"content":{"rendered":"<p>Opracowanie stanowi syntez\u0119 obejmuj\u0105ca zagadnienie powstawania, warunk\u00f3w funkcjonowania oraz przeobra\u017ce\u0144 organizacji parafialnej i wsp\u00f3lnot zakonnych na obszarze diecezji (od 1992 roku archidiecezji) przemyskiej, od momentu powstania biskupstwa w XIV wieku po czasy wsp\u00f3\u0142czesne. Tekst zaopatrzono w liczne zestawienia tabelaryczne. Dope\u0142nienie stanowi\u0105 tak\u017ce aneksy oraz indeksy (mi\u0119dzy innymi nazwisk, miejscowo\u015bci).<\/p>\n","protected":false},"excerpt":{"rendered":"<h2>Klebowicz Grzegorz<\/h2>\n<p>Opracowanie stanowi syntez\u0119 obejmuj\u0105ca zagadnienie powstawania, warunk\u00f3w funkcjonowania oraz przeobra\u017ce\u0144 organizacji parafialnej i wsp\u00f3lnot zakonnych na obszarze diecezji (od 1992 roku archidiecezji) przemyskiej&#8230;<\/p>\n","protected":false},"featured_media":167,"comment_status":"open","ping_status":"closed","template":"","meta":[],"product_brand":[],"product_cat":[16],"product_tag":[142,64,137],"class_list":{"0":"post-166","1":"product","2":"type-product","3":"status-publish","4":"has-post-thumbnail","6":"product_cat-ksiazki","7":"product_tag-biblioteczka-historyczna-mnzp","8":"product_tag-historia","9":"product_tag-kosciol","11":"first","12":"instock","13":"shipping-taxable","14":"purchasable","15":"product-type-simple"},"_links":{"self":[{"href":"https:\/\/mnzp.pl\/ksiegarnia\/index.php\/wp-json\/wp\/v2\/product\/166","targetHints":{"allow":["GET"]}}],"collection":[{"href":"https:\/\/mnzp.pl\/ksiegarnia\/index.php\/wp-json\/wp\/v2\/product"}],"about":[{"href":"https:\/\/mnzp.pl\/ksiegarnia\/index.php\/wp-json\/wp\/v2\/types\/product"}],"replies":[{"embeddable":true,"href":"https:\/\/mnzp.pl\/ksiegarnia\/index.php\/wp-json\/wp\/v2\/comments?post=166"}],"wp:featuredmedia":[{"embeddable":true,"href":"https:\/\/mnzp.pl\/ksiegarnia\/index.php\/wp-json\/wp\/v2\/media\/167"}],"wp:attachment":[{"href":"https:\/\/mnzp.pl\/ksiegarnia\/index.php\/wp-json\/wp\/v2\/media?parent=166"}],"wp:term":[{"taxonomy":"product_brand","embeddable":true,"href":"https:\/\/mnzp.pl\/ksiegarnia\/index.php\/wp-json\/wp\/v2\/product_brand?post=166"},{"taxonomy":"product_cat","embeddable":true,"href":"https:\/\/mnzp.pl\/ksiegarnia\/index.php\/wp-json\/wp\/v2\/product_cat?post=166"},{"taxonomy":"product_tag","embeddable":true,"href":"https:\/\/mnzp.pl\/ksiegarnia\/index.php\/wp-json\/wp\/v2\/product_tag?post=166"}],"curies":[{"name":"wp","href":"https:\/\/api.w.org\/{rel}","templated":true}]}}