{"id":164,"date":"2021-10-28T13:11:12","date_gmt":"2021-10-28T11:11:12","guid":{"rendered":"https:\/\/serwer1670446.home.pl\/mnzp\/ksiegarnia\/?post_type=product&#038;p=164"},"modified":"2022-12-09T08:20:11","modified_gmt":"2022-12-09T07:20:11","slug":"spoleczenstwo-przemysla-w-xiv-xviii-wieku-t-1","status":"publish","type":"product","link":"https:\/\/mnzp.pl\/ksiegarnia\/index.php\/produkt\/spoleczenstwo-przemysla-w-xiv-xviii-wieku-t-1\/","title":{"rendered":"Spo\u0142ecze\u0144stwo Przemy\u015bla w XIV-XVIII wieku. T.1"},"content":{"rendered":"<p>Publikacja jest nowym, poszerzonym merytorycznie i chronologicznie spojrzeniem na Przemy\u015bl i jego mieszka\u0144c\u00f3w w dobie renesansu, baroku i o\u015bwiecenia. W ksi\u0105\u017cce znajdziemy informacje dot. podzia\u0142\u00f3w spo\u0142ecznych, etnicznych i religijnych. Autor omawia te\u017c warunki bytowe oraz mieszkaniowe w \u00f3wczesnym Przemy\u015blu: sprawy zwi\u0105zane z bezpiecze\u0144stwem mieszczan, zdrowiem, opiek\u0105 spo\u0142eczn\u0105, po\u017cywieniem, ubiorem, o\u015bwiat\u0105, kultur\u0105 a tak\u017ce jakie by\u0142y g\u0142\u00f3wne \u017ar\u00f3d\u0142a utrzymania mieszka\u0144c\u00f3w. Wa\u017cn\u0105 cz\u0119\u015b\u0107 opracowania stanowi problematyka prawna zwi\u0105zana z funkcjonowaniem Miasta, instytucji pa\u0144stwowych, samorz\u0105dowych, stanowienie prawa, jego przestrzeganie itd.<\/p>\n","protected":false},"excerpt":{"rendered":"<h2>Motylewicz Jerzy<\/h2>\n<p>Publikacja jest nowym, poszerzonym merytorycznie i chronologicznie spojrzeniem na Przemy\u015bl i jego mieszka\u0144c\u00f3w w dobie renesansu, baroku i o\u015bwiecenia&#8230;<\/p>\n","protected":false},"featured_media":165,"comment_status":"open","ping_status":"closed","template":"","meta":[],"product_brand":[],"product_cat":[16],"product_tag":[64,62,155,156],"class_list":{"0":"post-164","1":"product","2":"type-product","3":"status-publish","4":"has-post-thumbnail","6":"product_cat-ksiazki","7":"product_tag-historia","8":"product_tag-rzemioslo","9":"product_tag-spoleczenstwo","10":"product_tag-zycie-codzienne","12":"first","13":"instock","14":"shipping-taxable","15":"purchasable","16":"product-type-simple"},"_links":{"self":[{"href":"https:\/\/mnzp.pl\/ksiegarnia\/index.php\/wp-json\/wp\/v2\/product\/164","targetHints":{"allow":["GET"]}}],"collection":[{"href":"https:\/\/mnzp.pl\/ksiegarnia\/index.php\/wp-json\/wp\/v2\/product"}],"about":[{"href":"https:\/\/mnzp.pl\/ksiegarnia\/index.php\/wp-json\/wp\/v2\/types\/product"}],"replies":[{"embeddable":true,"href":"https:\/\/mnzp.pl\/ksiegarnia\/index.php\/wp-json\/wp\/v2\/comments?post=164"}],"wp:featuredmedia":[{"embeddable":true,"href":"https:\/\/mnzp.pl\/ksiegarnia\/index.php\/wp-json\/wp\/v2\/media\/165"}],"wp:attachment":[{"href":"https:\/\/mnzp.pl\/ksiegarnia\/index.php\/wp-json\/wp\/v2\/media?parent=164"}],"wp:term":[{"taxonomy":"product_brand","embeddable":true,"href":"https:\/\/mnzp.pl\/ksiegarnia\/index.php\/wp-json\/wp\/v2\/product_brand?post=164"},{"taxonomy":"product_cat","embeddable":true,"href":"https:\/\/mnzp.pl\/ksiegarnia\/index.php\/wp-json\/wp\/v2\/product_cat?post=164"},{"taxonomy":"product_tag","embeddable":true,"href":"https:\/\/mnzp.pl\/ksiegarnia\/index.php\/wp-json\/wp\/v2\/product_tag?post=164"}],"curies":[{"name":"wp","href":"https:\/\/api.w.org\/{rel}","templated":true}]}}