{"id":1626,"date":"2026-01-02T10:51:42","date_gmt":"2026-01-02T09:51:42","guid":{"rendered":"https:\/\/mnzp.pl\/ksiegarnia\/?post_type=product&#038;p=1626"},"modified":"2026-03-30T22:04:59","modified_gmt":"2026-03-30T20:04:59","slug":"przemysl-miasto-zabytkow-1880-1918-wehikul-czasu-tom-i","status":"publish","type":"product","link":"https:\/\/mnzp.pl\/ksiegarnia\/index.php\/produkt\/przemysl-miasto-zabytkow-1880-1918-wehikul-czasu-tom-i\/","title":{"rendered":"Przemy\u015bl Miasto Zabytk\u00f3w 1880 \u2013 1918. Wehiku\u0142 czasu. Tom I"},"content":{"rendered":"<p>Wydanie drugie \u2013 poprawione i uzupe\u0142nione.<\/p>\n<p>Album Przemy\u015bl miasto zabytk\u00f3w 1880-1918 \u2013 Wehiku\u0142 Czasu zabiera nas w podr\u00f3\u017c w czasy autonomii galicyjskiej, w kt\u00f3rych Przemy\u015bl sta\u0142 si\u0119 istotnym o\u015brodkiem administracyjnym i kulturowym. W publikacji odnajdziemy zdj\u0119cia i poczt\u00f3wki ze zbior\u00f3w prywatnych oraz Muzeum Narodowego Ziemi Przemyskiej.<\/p>\n<p>Na album sk\u0142ada si\u0119 12 rozdzia\u0142\u00f3w: Panoramy, Twierdza Przemy\u015bl, Przemyskie mosty, Zasanie, Dworzec kolejowy, Garbarze, Na lwowskim Przedmie\u015bciu, \u015ar\u00f3dmie\u015bcie, Rynek, Zamek i Park miejski, Dwie religie, trzy wyznania oraz \u017bycie muzyczne w Twierdzy Przemy\u015bl.<\/p>\n","protected":false},"excerpt":{"rendered":"<h2>(red.) Lucjan Fac, Karol Kicman<\/h2>\n<p>Wydanie drugie \u2013 poprawione i uzupe\u0142nione. Album Przemy\u015bl miasto zabytk\u00f3w 1880-1918 \u2013 Wehiku\u0142 Czasu zabiera nas w podr\u00f3\u017c w czasy autonomii galicyjskiej&#8230;<\/p>\n","protected":false},"featured_media":1627,"comment_status":"open","ping_status":"closed","template":"","meta":[],"product_brand":[],"product_cat":[16],"product_tag":[125,66,64,58,169],"class_list":{"0":"post-1626","1":"product","2":"type-product","3":"status-publish","4":"has-post-thumbnail","6":"product_cat-ksiazki","7":"product_tag-album","8":"product_tag-fotografia","9":"product_tag-historia","10":"product_tag-przemysl","11":"product_tag-wehikul-czasu","13":"first","14":"instock","15":"shipping-taxable","16":"purchasable","17":"product-type-simple"},"_links":{"self":[{"href":"https:\/\/mnzp.pl\/ksiegarnia\/index.php\/wp-json\/wp\/v2\/product\/1626","targetHints":{"allow":["GET"]}}],"collection":[{"href":"https:\/\/mnzp.pl\/ksiegarnia\/index.php\/wp-json\/wp\/v2\/product"}],"about":[{"href":"https:\/\/mnzp.pl\/ksiegarnia\/index.php\/wp-json\/wp\/v2\/types\/product"}],"replies":[{"embeddable":true,"href":"https:\/\/mnzp.pl\/ksiegarnia\/index.php\/wp-json\/wp\/v2\/comments?post=1626"}],"wp:featuredmedia":[{"embeddable":true,"href":"https:\/\/mnzp.pl\/ksiegarnia\/index.php\/wp-json\/wp\/v2\/media\/1627"}],"wp:attachment":[{"href":"https:\/\/mnzp.pl\/ksiegarnia\/index.php\/wp-json\/wp\/v2\/media?parent=1626"}],"wp:term":[{"taxonomy":"product_brand","embeddable":true,"href":"https:\/\/mnzp.pl\/ksiegarnia\/index.php\/wp-json\/wp\/v2\/product_brand?post=1626"},{"taxonomy":"product_cat","embeddable":true,"href":"https:\/\/mnzp.pl\/ksiegarnia\/index.php\/wp-json\/wp\/v2\/product_cat?post=1626"},{"taxonomy":"product_tag","embeddable":true,"href":"https:\/\/mnzp.pl\/ksiegarnia\/index.php\/wp-json\/wp\/v2\/product_tag?post=1626"}],"curies":[{"name":"wp","href":"https:\/\/api.w.org\/{rel}","templated":true}]}}